{"id":1046,"date":"2025-02-10T10:18:45","date_gmt":"2025-02-10T09:18:45","guid":{"rendered":"https:\/\/semmelweis.hu\/vizsgakozpont\/?page_id=1046"},"modified":"2025-11-06T08:52:34","modified_gmt":"2025-11-06T07:52:34","slug":"meghirdetett-vizsgaink-2025-majus-juniusi-vizsgaidoszak","status":"publish","type":"page","link":"https:\/\/semmelweis.hu\/vizsgakozpont\/vizsgaidopont-vizsgahelyszin\/meghirdetett-vizsgaink-2025-majus-juniusi-vizsgaidoszak\/","title":{"rendered":"Meghirdetett vizsg\u00e1ink \u2013 2025 m\u00e1jus-j\u00faniusi vizsgaid\u0151szak &#8211; ARCH\u00cdV"},"content":{"rendered":"<table width=\"1277\">\n<tbody>\n<tr>\n<td style=\"text-align: center\" colspan=\"8\" width=\"1277\">Szakmai vizsg\u00e1k meghirdet\u00e9se \u2013 2024\/2025-\u00f6s tan\u00e9v m\u00e1jus-j\u00fanius<\/td>\n<\/tr>\n<tr>\n<td style=\"text-align: center\" width=\"96\">Vizsga t\u00edpusa<\/td>\n<td style=\"text-align: center\" width=\"44\">Vizsga ssz.<\/td>\n<td style=\"text-align: center\" width=\"92\">Vizsga helysz\u00edn<\/td>\n<td style=\"text-align: center\" width=\"534\">SZAKMA<\/td>\n<td style=\"text-align: center\" width=\"138\">Interakt\u00edv vizsga id\u0151pont<\/td>\n<td style=\"text-align: center\" width=\"138\">Projektvizsga id\u0151pont<\/td>\n<td style=\"text-align: center\" width=\"131\">Jelentkez\u00e9si hat\u00e1rid\u0151<\/td>\n<td style=\"text-align: center\" width=\"104\">Vizsgad\u00edj<\/td>\n<\/tr>\n<tr>\n<td width=\"96\">Szakmai vizsga<\/td>\n<td width=\"44\">1<\/td>\n<td width=\"92\">Budapest<\/td>\n<td>5 0913 03 02 &#8211; Eg\u00e9szs\u00e9g\u00fcgyi asszisztens (Gy\u00f3gyszert\u00e1ri asszisztens szakmair\u00e1ny) (2024.01.16.)<\/td>\n<td>2025. 05. 14.<\/td>\n<td>Szervez\u00e9s alatt<\/td>\n<td>2025. 02. 15.<\/td>\n<td>55.000,- Ft\/f\u0151<\/td>\n<\/tr>\n<tr>\n<td width=\"96\">Szakmai vizsga<\/td>\n<td width=\"44\">2<\/td>\n<td width=\"92\">Budapest<\/td>\n<td>4 0923 22 03 &#8211; Szoci\u00e1lis \u00e1pol\u00f3 \u00e9s gondoz\u00f3 (2023.11.21.)<\/td>\n<td>2025. 05. 14.<\/td>\n<td>Szervez\u00e9s alatt<\/td>\n<td>2025. 02. 15.<\/td>\n<td>55.000,- Ft\/f\u0151<\/td>\n<\/tr>\n<tr>\n<td width=\"96\">Szakmai vizsga<\/td>\n<td>3<\/td>\n<td width=\"92\">Budapest<\/td>\n<td>5 0913 03 02 &#8211; Eg\u00e9szs\u00e9g\u00fcgyi asszisztens (Perioperat\u00edv asszisztens szakmair\u00e1ny) (2024.01.16.)<\/td>\n<td>2025. 05. 16.<\/td>\n<td>Szervez\u00e9s alatt<\/td>\n<td>2025. 02. 15.<\/td>\n<td>55.000,- Ft\/f\u0151<\/td>\n<\/tr>\n<tr>\n<td width=\"96\">Szakmai vizsga<\/td>\n<td>4<\/td>\n<td width=\"92\">Budapest<\/td>\n<td>5 0913 03 11 &#8211; Ment\u0151\u00e1pol\u00f3 (2023.11.21.)<\/td>\n<td>2025. 05. 16.<\/td>\n<td>Szervez\u00e9s alatt<\/td>\n<td>2025. 02. 15.<\/td>\n<td>55.000,- Ft\/f\u0151<\/td>\n<\/tr>\n<tr>\n<td width=\"96\">Szakmai vizsga<\/td>\n<td>5<\/td>\n<td width=\"92\">Budapest<\/td>\n<td>5 0913 03 01 &#8211; \u00c1ltal\u00e1nos \u00e1pol\u00f3 (2024.04.18.)<\/td>\n<td>2025. 05. 20.<\/td>\n<td>Szervez\u00e9s alatt<\/td>\n<td>2025. 02. 15.<\/td>\n<td>55.000,- Ft\/f\u0151<\/td>\n<\/tr>\n<tr>\n<td width=\"96\">Szakmai vizsga<\/td>\n<td>6<\/td>\n<td width=\"92\">Budapest<\/td>\n<td>5 0913 03 13 &#8211; Csecsem\u0151- \u00e9s gyermek\u00e1pol\u00f3 (2024.07.01.)<\/td>\n<td>2025. 05. 20.<\/td>\n<td>Szervez\u00e9s alatt<\/td>\n<td>2025. 02. 15.<\/td>\n<td>55.000,- Ft\/f\u0151<\/td>\n<\/tr>\n<tr>\n<td width=\"96\">Szakmai vizsga<\/td>\n<td>7<\/td>\n<td width=\"92\">Budapest<\/td>\n<td>5 0913 03 02 &#8211; Eg\u00e9szs\u00e9g\u00fcgyi asszisztens (Fog\u00e1szati asszisztens szakmair\u00e1ny) (2024.01.16.)<\/td>\n<td>2025. 05. 21.<\/td>\n<td>Szervez\u00e9s alatt<\/td>\n<td>2025. 02. 15.<\/td>\n<td>55.000,- Ft\/f\u0151<\/td>\n<\/tr>\n<tr>\n<td width=\"96\">Szakmai vizsga<\/td>\n<td>8<\/td>\n<td width=\"92\">Budapest<\/td>\n<td>5 0914 03 05 &#8211; Klinikai laborat\u00f3riumi szakasszisztens (K\u00e9miai laborat\u00f3riumi szakasszisztens szakmair\u00e1ny) (2024.04.18.)<\/td>\n<td>2025. 05. 21.<\/td>\n<td>Szervez\u00e9s alatt<\/td>\n<td>2025. 02. 15.<\/td>\n<td>55.000,- Ft\/f\u0151<\/td>\n<\/tr>\n<tr>\n<td width=\"96\">Szakmai vizsga<\/td>\n<td>9<\/td>\n<td width=\"92\">Sopron<\/td>\n<td>5 0913 03 04 &#8211; Gyakorl\u00f3 \u00e1pol\u00f3 (2023.11.21.)<\/td>\n<td>2025. 05. 21.<\/td>\n<td>Szervez\u00e9s alatt<\/td>\n<td>2025. 02. 15.<\/td>\n<td>55.000,- Ft\/f\u0151<\/td>\n<\/tr>\n<tr>\n<td width=\"96\">Szakmai vizsga<\/td>\n<td>10<\/td>\n<td width=\"92\">Budapest<\/td>\n<td>4 0913 03 12 &#8211; Alap\u00e1pol\u00e1si munkat\u00e1rs (2023.11.21.)<\/td>\n<td>2025. 05. 22.<\/td>\n<td>Szervez\u00e9s alatt<\/td>\n<td>2025. 02. 15.<\/td>\n<td>55.000,- Ft\/f\u0151<\/td>\n<\/tr>\n<tr>\n<td width=\"96\">Szakmai vizsga<\/td>\n<td>11<\/td>\n<td width=\"92\">Budapest<\/td>\n<td>5 0910 03 07 &#8211; Perioperat\u00edv szakasszisztens (Aneszteziol\u00f3giai szakasszisztens szakmair\u00e1ny) (2024.04.18.)<\/td>\n<td>2025. 05. 22.<\/td>\n<td>Szervez\u00e9s alatt<\/td>\n<td>2025. 02. 15.<\/td>\n<td>55.000,- Ft\/f\u0151<\/td>\n<\/tr>\n<tr>\n<td width=\"96\">Szakmai vizsga<\/td>\n<td>12<\/td>\n<td width=\"92\">Budapest<\/td>\n<td>5 0922 22 02 &#8211; Kisgyermekgondoz\u00f3, -nevel\u0151 (2024.01.16.)<\/td>\n<td>2025. 05. 23.<\/td>\n<td>Szervez\u00e9s alatt<\/td>\n<td>2025. 02. 15.<\/td>\n<td>55.000,- Ft\/f\u0151<\/td>\n<\/tr>\n<tr>\n<td width=\"96\">Szakmai vizsga<\/td>\n<td>13<\/td>\n<td width=\"92\">Budapest<\/td>\n<td>5 0914 03 05 &#8211; Klinikai laborat\u00f3riumi szakasszisztens (Mikrobiol\u00f3giai szakasszisztens szakmair\u00e1ny) (2024.04.18.)<\/td>\n<td>2025. 05. 23.<\/td>\n<td>Szervez\u00e9s alatt<\/td>\n<td>2025. 02. 15.<\/td>\n<td>55.000,- Ft\/f\u0151<\/td>\n<\/tr>\n<tr>\n<td width=\"96\">Szakmai vizsga<\/td>\n<td>14<\/td>\n<td width=\"92\">Budapest<\/td>\n<td>5 0910 03 07 &#8211; Perioperat\u00edv szakasszisztens (M\u0171t\u00e9ti szakasszisztens szakmair\u00e1ny) (2024.04.18.)<\/td>\n<td>2025. 05. 26.<\/td>\n<td>Szervez\u00e9s alatt<\/td>\n<td>2025. 02. 15.<\/td>\n<td>55.000,- Ft\/f\u0151<\/td>\n<\/tr>\n<tr>\n<td width=\"96\">Szakmai vizsga<\/td>\n<td>15<\/td>\n<td width=\"92\">Budapest<\/td>\n<td>5 0923 03 09 &#8211; Rehabilit\u00e1ci\u00f3s terapeuta (Gy\u00f3gymassz\u0151r szakmair\u00e1ny) (2023.11.21.)<\/td>\n<td>2025. 05. 27.<\/td>\n<td>Szervez\u00e9s alatt<\/td>\n<td>2025. 02. 15.<\/td>\n<td>55.000,- Ft\/f\u0151<\/td>\n<\/tr>\n<tr>\n<td width=\"96\">Szakmai vizsga<\/td>\n<td>16<\/td>\n<td width=\"92\">Budapest<\/td>\n<td>5 0923 03 09 &#8211; Rehabilit\u00e1ci\u00f3s terapeuta (Fizioter\u00e1pi\u00e1s asszisztens szakmair\u00e1ny) (2023.11.21.)<\/td>\n<td>2025. 05. 27.<\/td>\n<td>Szervez\u00e9s alatt<\/td>\n<td>2025. 02. 15.<\/td>\n<td>55.000,- Ft\/f\u0151<\/td>\n<\/tr>\n<tr>\n<td width=\"96\">Szakmai vizsga<\/td>\n<td>17<\/td>\n<td width=\"92\">Budapest<\/td>\n<td>5 0913 03 02 &#8211; Eg\u00e9szs\u00e9g\u00fcgyi asszisztens (Radiogr\u00e1fiai asszisztens szakmair\u00e1ny) (2024.01.16.)<\/td>\n<td>2025. 05. 28.<\/td>\n<td>Szervez\u00e9s alatt<\/td>\n<td>2025. 02. 15.<\/td>\n<td>55.000,- Ft\/f\u0151<\/td>\n<\/tr>\n<tr>\n<td width=\"96\">Szakmai vizsga<\/td>\n<td>18<\/td>\n<td width=\"92\">Budapest<\/td>\n<td>5 0911 02 01 &#8211; Fogtechnikus (2024.04.18.)<\/td>\n<td>2025. 05. 28.<\/td>\n<td>Szervez\u00e9s alatt<\/td>\n<td>2025. 02. 15.<\/td>\n<td>71.250,- Ft\/f\u0151<\/td>\n<\/tr>\n<tr>\n<td width=\"96\">Szakmai vizsga<\/td>\n<td>19<\/td>\n<td width=\"92\">Budapest<\/td>\n<td>5 0913 03 02 &#8211; Eg\u00e9szs\u00e9g\u00fcgyi asszisztens (Endoszk\u00f3pos asszisztens szakmair\u00e1ny) (2024.01.16.)<\/td>\n<td>2025. 05. 29.<\/td>\n<td>Szervez\u00e9s alatt<\/td>\n<td>2025. 02. 15.<\/td>\n<td>55.000,- Ft\/f\u0151<\/td>\n<\/tr>\n<tr>\n<td width=\"96\">Szakmai vizsga<\/td>\n<td>20<\/td>\n<td width=\"92\">Budapest<\/td>\n<td>5 0914 03 05 &#8211; Klinikai laborat\u00f3riumi szakasszisztens (Hematol\u00f3giai \u00e9s transzfuziol\u00f3giai szakasszisztens szakmair\u00e1ny) (2024.04.18.)<\/td>\n<td>2025. 05. 29.<\/td>\n<td>Szervez\u00e9s alatt<\/td>\n<td>2025. 02. 15.<\/td>\n<td>55.000,- Ft\/f\u0151<\/td>\n<\/tr>\n<\/tbody>\n<\/table>\n","protected":false},"excerpt":{"rendered":"<p>Szakmai vizsg\u00e1k meghirdet\u00e9se \u2013 2024\/2025-\u00f6s tan\u00e9v m\u00e1jus-j\u00fanius Vizsga t\u00edpusa Vizsga ssz. Vizsga helysz\u00edn SZAKMA Interakt\u00edv vizsga id\u0151pont Projektvizsga id\u0151pont Jelentkez\u00e9si hat\u00e1rid\u0151 Vizsgad\u00edj Szakmai vizsga 1 Budapest 5 0913 03 02 &#8211; Eg\u00e9szs\u00e9g\u00fcgyi asszisztens (Gy\u00f3gyszert\u00e1ri asszisztens szakmair\u00e1ny) (2024.01.16.) 2025. 05. 14. Szervez\u00e9s alatt 2025. 02. 15. 55.000,- Ft\/f\u0151 Szakmai vizsga 2 Budapest 4 0923 22 03 &hellip;<\/p>\n","protected":false},"author":102065,"featured_media":0,"parent":81,"menu_order":4,"comment_status":"closed","ping_status":"closed","template":"","meta":{"_acf_changed":false,"footnotes":""},"categories":[],"tags":[],"class_list":["post-1046","page","type-page","status-publish","hentry"],"acf":[],"_links":{"self":[{"href":"https:\/\/semmelweis.hu\/vizsgakozpont\/wp-json\/wp\/v2\/pages\/1046","targetHints":{"allow":["GET"]}}],"collection":[{"href":"https:\/\/semmelweis.hu\/vizsgakozpont\/wp-json\/wp\/v2\/pages"}],"about":[{"href":"https:\/\/semmelweis.hu\/vizsgakozpont\/wp-json\/wp\/v2\/types\/page"}],"author":[{"embeddable":true,"href":"https:\/\/semmelweis.hu\/vizsgakozpont\/wp-json\/wp\/v2\/users\/102065"}],"replies":[{"embeddable":true,"href":"https:\/\/semmelweis.hu\/vizsgakozpont\/wp-json\/wp\/v2\/comments?post=1046"}],"version-history":[{"count":2,"href":"https:\/\/semmelweis.hu\/vizsgakozpont\/wp-json\/wp\/v2\/pages\/1046\/revisions"}],"predecessor-version":[{"id":1101,"href":"https:\/\/semmelweis.hu\/vizsgakozpont\/wp-json\/wp\/v2\/pages\/1046\/revisions\/1101"}],"up":[{"embeddable":true,"href":"https:\/\/semmelweis.hu\/vizsgakozpont\/wp-json\/wp\/v2\/pages\/81"}],"wp:attachment":[{"href":"https:\/\/semmelweis.hu\/vizsgakozpont\/wp-json\/wp\/v2\/media?parent=1046"}],"wp:term":[{"taxonomy":"category","embeddable":true,"href":"https:\/\/semmelweis.hu\/vizsgakozpont\/wp-json\/wp\/v2\/categories?post=1046"},{"taxonomy":"post_tag","embeddable":true,"href":"https:\/\/semmelweis.hu\/vizsgakozpont\/wp-json\/wp\/v2\/tags?post=1046"}],"curies":[{"name":"wp","href":"https:\/\/api.w.org\/{rel}","templated":true}]}}