{"id":10,"date":"2022-05-03T09:58:18","date_gmt":"2022-05-03T07:58:18","guid":{"rendered":"https:\/\/semmelweis.hu\/vizsgakozpont\/?page_id=10"},"modified":"2026-03-30T10:33:18","modified_gmt":"2026-03-30T08:33:18","slug":"kapcsolat","status":"publish","type":"page","link":"https:\/\/semmelweis.hu\/vizsgakozpont\/kapcsolat\/","title":{"rendered":"Kapcsolat"},"content":{"rendered":"<p style=\"text-align: center\"><strong>Szervezeti egys\u00e9g <\/strong><\/p>\n<p><strong><em>A vizsgak\u00f6zpont n<\/em><\/strong><strong><em>eve<\/em><\/strong><strong>: Semmelweis Orsz\u00e1gos Eg\u00e9szs\u00e9g\u00fcgyi \u00e9s Szoci\u00e1lis Vizsgak\u00f6zpont<\/strong><\/p>\n<p><strong><em>A vizsgak\u00f6zpont c<\/em><\/strong><strong><em>\u00edme<\/em><\/strong><strong>:<\/strong> 1068 Budapest, VI. Rippl-R\u00f3nai utca 22-26.<\/p>\n<p>(A Semmelweis Egyetem Raoul Wallenberg T\u00f6bbc\u00e9l\u00fa Szakk\u00e9pz\u0151 Int\u00e9zm\u00e9nye \u00e9p\u00fclet\u00e9nek III. emelet\u00e9n)<\/p>\n<p><strong><em>A vizsgak\u00f6zpont vezet\u0151je:<\/em><\/strong> Fodor Bal\u00e1zs<\/p>\n<ul>\n<li>E-mail: fodor.balazs@semmelweis.hu<\/li>\n<\/ul>\n<p><strong><em>A vizsgak\u00f6zpont szakmai vezet\u0151je:<\/em><\/strong> Farkasn\u00e9 Pesztericz Krisztina<\/p>\n<ul>\n<li>E-mail: pesztericz.krisztina@semmelweis.hu<\/li>\n<\/ul>\n<p style=\"text-align: center\">***<\/p>\n<p style=\"text-align: center\"><strong>\u00dcgyf\u00e9lszolg\u00e1lat<\/strong><\/p>\n<p style=\"text-align: left\"><em><strong>Az \u00fcgyf\u00e9lszolg\u00e1lat<\/strong><\/em><\/p>\n<ul>\n<li>c\u00edme: 1068 Budapest, VI. Rippl-R\u00f3nai utca 22-26. (III. emelet 334. iroda)<\/li>\n<li>\u00fcgyf\u00e9lfogad\u00e1si ideje: h\u00e9tf\u0151t\u0151l cs\u00fct\u00f6rt\u00f6kig 10:00-15:00 k\u00f6z\u00f6tt<\/li>\n<\/ul>\n<p><strong><em>A vizsgajelentkez\u00e9ssel \u00e9s a vizsgat\u00e1j\u00e9koztat\u00e1ssal kapcsolatos \u00fcgyek<\/em><\/strong><\/p>\n<p><em>Illetve a fentiek mellett a bizony\u00edtv\u00e1ny &#8211; oklev\u00e9l, t\u00f6rzslapkivonat &#8211; \u00e1tv\u00e9tel\u00e9vel, Europass ig\u00e9nnyel,\u00a0 bizony\u00edtv\u00e1ny &#8211; oklev\u00e9l m\u00e1sodlattal kapcsolatos egyeztet\u00e9s, egy\u00e9b vizsgak\u00f6zponttal, vizsgaszervez\u00e9ssel \u00e9s vizsg\u00e1ztat\u00e1ssal kapcsolatos \u00fcgyek egyeztet\u00e9se:<\/em><\/p>\n<ul>\n<li>\u00dcgyf\u00e9lszolg\u00e1lati telefonsz\u00e1m \u00fcgyf\u00e9lszolg\u00e1lati id\u0151ben: +36 20 8250762<\/li>\n<li>\u00dcgyf\u00e9lszolg\u00e1lati e-mail (vizsgaszervez\u00e9s): komar.pal.miklos@semmelweis.hu<\/li>\n<\/ul>\n<p><strong><em>P\u00e9nz\u00fcgyi-gazdas\u00e1gi \u00fcgyek<\/em><\/strong><\/p>\n<ul>\n<li>\u00dcgyf\u00e9lszolg\u00e1lati telefonsz\u00e1m \u00fcgyf\u00e9lszolg\u00e1lati id\u0151ben: +36 20 364 5219<\/li>\n<li>\u00dcgyf\u00e9lszolg\u00e1lati e-mail c\u00edm (p\u00e9nz\u00fcgyi-gazdas\u00e1gi \u00fcgyek): sarkozi.zoltanne@semmelweis.hu<\/li>\n<\/ul>\n<p style=\"text-align: center\">***<\/p>\n<p style=\"text-align: center\"><strong>A weboldal<\/strong><\/p>\n<p><em>A weboldal felel\u0151s szerkeszt\u0151je:<\/em> Fodor Bal\u00e1zs<\/p>\n<p>E-mail: fodor.balazs@semmelweis.hu<\/p>\n<p><img loading=\"lazy\" decoding=\"async\" class=\"alignnone  wp-image-739\" src=\"https:\/\/semmelweis.hu\/vizsgakozpont\/files\/2023\/10\/IMG_20231018_094404_HDR-400x225.jpg\" alt=\"\" width=\"347\" height=\"195\" srcset=\"https:\/\/semmelweis.hu\/vizsgakozpont\/files\/2023\/10\/IMG_20231018_094404_HDR-400x225.jpg 400w, https:\/\/semmelweis.hu\/vizsgakozpont\/files\/2023\/10\/IMG_20231018_094404_HDR-1024x576.jpg 1024w, https:\/\/semmelweis.hu\/vizsgakozpont\/files\/2023\/10\/IMG_20231018_094404_HDR-768x432.jpg 768w, https:\/\/semmelweis.hu\/vizsgakozpont\/files\/2023\/10\/IMG_20231018_094404_HDR-1536x864.jpg 1536w, https:\/\/semmelweis.hu\/vizsgakozpont\/files\/2023\/10\/IMG_20231018_094404_HDR-2048x1152.jpg 2048w, https:\/\/semmelweis.hu\/vizsgakozpont\/files\/2023\/10\/IMG_20231018_094404_HDR-753x424.jpg 753w\" sizes=\"auto, (max-width: 347px) 100vw, 347px\" \/><\/p>\n\n<!-- iframe plugin v.4.9 wordpress.org\/plugins\/iframe\/ -->\n<iframe src=\"https:\/\/www.google.com\/maps\/embed?pb=!1m18!1m12!1m3!1d2694.7343247905937!2d19.071166115627324!3d47.51456497917869!2m3!1f0!2f0!3f0!3m2!1i1024!2i768!4f13.1!3m3!1m2!1s0x4741dc77cc3d2595%3A0x216e58ea7f563466!2sBudapest%2C%20Rippl%20R%C3%B3nai%20utca%2022%2C%201068!5e0!3m2!1sen!2shu!4v1652777665055!5m2!1sen!2shu\" width=\"100%\" height=\"450\" style=\"border:0;\" allowfullscreen loading=\"lazy\" referrerpolicy=\"no-referrer-when-downgrade\" scrolling=\"yes\" class=\"iframe-class\" frameborder=\"0\"><\/iframe>\n\n<p>&nbsp;<\/p>\n<p>&nbsp;<\/p>\n","protected":false},"excerpt":{"rendered":"<p>Szervezeti egys\u00e9g A vizsgak\u00f6zpont neve: Semmelweis Orsz\u00e1gos Eg\u00e9szs\u00e9g\u00fcgyi \u00e9s Szoci\u00e1lis Vizsgak\u00f6zpont A vizsgak\u00f6zpont c\u00edme: 1068 Budapest, VI. Rippl-R\u00f3nai utca 22-26. (A Semmelweis Egyetem Raoul Wallenberg T\u00f6bbc\u00e9l\u00fa Szakk\u00e9pz\u0151 Int\u00e9zm\u00e9nye \u00e9p\u00fclet\u00e9nek III. emelet\u00e9n) A vizsgak\u00f6zpont vezet\u0151je: Fodor Bal\u00e1zs E-mail: fodor.balazs@semmelweis.hu A vizsgak\u00f6zpont szakmai vezet\u0151je: Farkasn\u00e9 Pesztericz Krisztina E-mail: pesztericz.krisztina@semmelweis.hu *** \u00dcgyf\u00e9lszolg\u00e1lat Az \u00fcgyf\u00e9lszolg\u00e1lat c\u00edme: 1068 Budapest, VI. &hellip;<\/p>\n","protected":false},"author":12,"featured_media":0,"parent":0,"menu_order":8,"comment_status":"closed","ping_status":"closed","template":"","meta":{"_acf_changed":false,"footnotes":""},"categories":[],"tags":[],"class_list":["post-10","page","type-page","status-publish","hentry"],"acf":[],"_links":{"self":[{"href":"https:\/\/semmelweis.hu\/vizsgakozpont\/wp-json\/wp\/v2\/pages\/10","targetHints":{"allow":["GET"]}}],"collection":[{"href":"https:\/\/semmelweis.hu\/vizsgakozpont\/wp-json\/wp\/v2\/pages"}],"about":[{"href":"https:\/\/semmelweis.hu\/vizsgakozpont\/wp-json\/wp\/v2\/types\/page"}],"author":[{"embeddable":true,"href":"https:\/\/semmelweis.hu\/vizsgakozpont\/wp-json\/wp\/v2\/users\/12"}],"replies":[{"embeddable":true,"href":"https:\/\/semmelweis.hu\/vizsgakozpont\/wp-json\/wp\/v2\/comments?post=10"}],"version-history":[{"count":12,"href":"https:\/\/semmelweis.hu\/vizsgakozpont\/wp-json\/wp\/v2\/pages\/10\/revisions"}],"predecessor-version":[{"id":1297,"href":"https:\/\/semmelweis.hu\/vizsgakozpont\/wp-json\/wp\/v2\/pages\/10\/revisions\/1297"}],"wp:attachment":[{"href":"https:\/\/semmelweis.hu\/vizsgakozpont\/wp-json\/wp\/v2\/media?parent=10"}],"wp:term":[{"taxonomy":"category","embeddable":true,"href":"https:\/\/semmelweis.hu\/vizsgakozpont\/wp-json\/wp\/v2\/categories?post=10"},{"taxonomy":"post_tag","embeddable":true,"href":"https:\/\/semmelweis.hu\/vizsgakozpont\/wp-json\/wp\/v2\/tags?post=10"}],"curies":[{"name":"wp","href":"https:\/\/api.w.org\/{rel}","templated":true}]}}