{"id":9,"date":"2019-09-09T14:38:49","date_gmt":"2019-09-09T12:38:49","guid":{"rendered":"http:\/\/semmelweis.hu\/vizilabda\/?page_id=9"},"modified":"2025-10-01T13:45:32","modified_gmt":"2025-10-01T11:45:32","slug":"elerhetoseg","status":"publish","type":"page","link":"https:\/\/semmelweis.hu\/vizilabda\/elerhetoseg\/","title":{"rendered":"El\u00e9rhet\u0151s\u00e9g"},"content":{"rendered":"<div class=\"keretes w-100\">\n<h6><strong>OB1-es csapat:<\/strong><br \/>\nK\u00f3nya Ferenc | +36 30 7733761 | <a href=\"mailto:konya.ferenc@semmelweis.hu\">konya.ferenc@semmelweis.hu<\/a><\/h6>\n<h6><strong>Ut\u00e1np\u00f3tl\u00e1s:<\/strong><br \/>\nPetik Attila | +36 70 4092540 | <a href=\"mailto:petikattila.osc@gmail.com\">petikattila.osc@gmail.com<\/a><\/h6>\n<h6><strong>Egyetemi csapatok:<br \/>\n<\/strong>Kalanovics Bal\u00e1zs | <a href=\"mailto:kalabalazs95@gmail.com\">kalabalazs95@gmail.com<\/a><\/h6>\n<\/div>\n<h4 style=\"text-align: center; padding-top: 10px;\">A<strong> hazai OB1-es m\u00e9rk\u0151z\u00e9sek<\/strong> \u00e9s az ut\u00e1np\u00f3tl\u00e1s edz\u00e9sek helysz\u00edne:<\/h4>\n<p style=\"text-align: center;\"><iframe loading=\"lazy\" src=\"https:\/\/www.google.com\/maps\/embed?pb=!1m18!1m12!1m3!1d2698.00573379245!2d19.033762476716458!3d47.45082767117587!2m3!1f0!2f0!3f0!3m2!1i1024!2i768!4f13.1!3m3!1m2!1s0x4741dd852a3fbfef%3A0x1a5fd09e7fcbd81!2sNy%C3%A9ki%20Imre%20Uszoda!5e0!3m2!1shu!2shu!4v1750926480266!5m2!1shu!2shu\" width=\"100%\" height=\"300\"><\/iframe><\/p>\n","protected":false},"excerpt":{"rendered":"<p>OB1-es csapat:<br \/>\nK\u00f3nya Ferenc | +36 30 7733761 | <a href=\"mailto:konya.ferenc@semmelweis.hu\">konya.ferenc@semmelweis.hu<\/a><br \/>\nUt\u00e1np\u00f3tl\u00e1s:<br \/>\nPetik Attila | +36 70 4092540 | <a href=\"mailto:petikattila.osc@gmail.com\">petikattila.osc@gmail.com<\/a><br \/>\nEgyetemi csapatok:<br \/>\nKalanovics Bal\u00e1zs | <a href=\"mailto:kalabalazs95@gmail.com\">kalabalazs95@gmail.com<\/a><\/p>\n<p>A hazai OB1-es m\u00e9rk\u0151z\u00e9sek \u00e9s az ut\u00e1np\u00f3tl\u00e1s edz\u00e9sek helysz\u00edne:<\/p>\n","protected":false},"author":12,"featured_media":0,"parent":0,"menu_order":8,"comment_status":"closed","ping_status":"closed","template":"","meta":{"_acf_changed":false,"footnotes":""},"categories":[],"tags":[],"class_list":["post-9","page","type-page","status-publish","hentry"],"acf":[],"_links":{"self":[{"href":"https:\/\/semmelweis.hu\/vizilabda\/wp-json\/wp\/v2\/pages\/9","targetHints":{"allow":["GET"]}}],"collection":[{"href":"https:\/\/semmelweis.hu\/vizilabda\/wp-json\/wp\/v2\/pages"}],"about":[{"href":"https:\/\/semmelweis.hu\/vizilabda\/wp-json\/wp\/v2\/types\/page"}],"author":[{"embeddable":true,"href":"https:\/\/semmelweis.hu\/vizilabda\/wp-json\/wp\/v2\/users\/12"}],"replies":[{"embeddable":true,"href":"https:\/\/semmelweis.hu\/vizilabda\/wp-json\/wp\/v2\/comments?post=9"}],"version-history":[{"count":10,"href":"https:\/\/semmelweis.hu\/vizilabda\/wp-json\/wp\/v2\/pages\/9\/revisions"}],"predecessor-version":[{"id":1095,"href":"https:\/\/semmelweis.hu\/vizilabda\/wp-json\/wp\/v2\/pages\/9\/revisions\/1095"}],"wp:attachment":[{"href":"https:\/\/semmelweis.hu\/vizilabda\/wp-json\/wp\/v2\/media?parent=9"}],"wp:term":[{"taxonomy":"category","embeddable":true,"href":"https:\/\/semmelweis.hu\/vizilabda\/wp-json\/wp\/v2\/categories?post=9"},{"taxonomy":"post_tag","embeddable":true,"href":"https:\/\/semmelweis.hu\/vizilabda\/wp-json\/wp\/v2\/tags?post=9"}],"curies":[{"name":"wp","href":"https:\/\/api.w.org\/{rel}","templated":true}]}}