{"id":81,"date":"2019-10-08T19:40:16","date_gmt":"2019-10-08T17:40:16","guid":{"rendered":"http:\/\/semmelweis.hu\/vizilabda\/?page_id=81"},"modified":"2025-07-03T11:01:36","modified_gmt":"2025-07-03T09:01:36","slug":"ferfi-ob2-bajnoksag","status":"publish","type":"page","link":"https:\/\/semmelweis.hu\/vizilabda\/bajnoksagok\/ferfi-ob2-bajnoksag\/","title":{"rendered":"F\u00e9rfi OB2 Bajnoks\u00e1g"},"content":{"rendered":"<div class=\"keretes w-100\">\n<p>Csapatunk imm\u00e1r nyolcadik \u00e9ve indul a 3. leger\u0151sebb orsz\u00e1gos bajnoks\u00e1gban, az OB\/2-ben. Mikor el\u0151sz\u00f6r nevezt\u00fcnk, az volt a sz\u00e1nd\u00e9kunk, hogy azok a csapattagok, akik m\u00e1r diplom\u00e1t szereztek, vagy m\u00e1s egyetemen v\u00e9gezt\u00e9k tanulm\u00e1nyaikat &#8211; teh\u00e1t nem j\u00e1tszhattak a Medikus kup\u00e1n, illetve az Egyetemi bajnoks\u00e1gban &#8211; elegend\u0151 j\u00e1t\u00e9klehet\u0151s\u00e9ghez juthassanak \u00e9s sz\u00e1mukra megfelel\u0151 meccsrutint szerezzenek. A fordul\u00f3kat h\u00e1rom hetente rendezik, mindig m\u00e1s helysz\u00ednen, melyekr\u0151l al\u00e1bb t\u00e1j\u00e9koz\u00f3dhatnak.<\/p>\n<\/div>\n<p style=\"text-align: center;\"><a class=\"btn btn-secondary\" href=\"https:\/\/www.waterpolo.hu\/adatbank\/bajnoksagok?bajnoksag=824&amp;ev=2024\" target=\"_blank\" rel=\"noopener\">Tov\u00e1bb az OB2 honlapj\u00e1ra<\/a> \u00a0 \u00a0 \u00a0 \u00a0 \u00a0 \u00a0 <a class=\"btn btn-light\" href=\"https:\/\/www.waterpolo.hu\/adatbank\/bajnoksagok?bajnoksag=824&amp;ev=2024\" target=\"_blank\" rel=\"noopener\">OB2 Eredm\u00e9nyek<\/a><\/p>\n","protected":false},"excerpt":{"rendered":"<p>Csapatunk imm\u00e1r nyolcadik \u00e9ve indul a 3. leger\u0151sebb orsz\u00e1gos bajnoks\u00e1gban, az OB\/2-ben. Mikor el\u0151sz\u00f6r nevezt\u00fcnk, az volt a sz\u00e1nd\u00e9kunk, hogy azok a csapattagok, akik m\u00e1r diplom\u00e1t szereztek, vagy m\u00e1s egyetemen v\u00e9gezt\u00e9k tanulm\u00e1nyaikat &#8211; teh\u00e1t nem j\u00e1tszhattak a Medikus kup\u00e1n, illetve az Egyetemi bajnoks\u00e1gban &#8211; elegend\u0151 j\u00e1t\u00e9klehet\u0151s\u00e9ghez juthassanak \u00e9s sz\u00e1mukra megfelel\u0151 meccsrutint szerezzenek. A fordul\u00f3kat h\u00e1rom &hellip;<\/p>\n","protected":false},"author":101637,"featured_media":0,"parent":15,"menu_order":4,"comment_status":"closed","ping_status":"closed","template":"","meta":{"_acf_changed":false,"footnotes":""},"categories":[],"tags":[],"class_list":["post-81","page","type-page","status-publish","hentry"],"acf":[],"_links":{"self":[{"href":"https:\/\/semmelweis.hu\/vizilabda\/wp-json\/wp\/v2\/pages\/81","targetHints":{"allow":["GET"]}}],"collection":[{"href":"https:\/\/semmelweis.hu\/vizilabda\/wp-json\/wp\/v2\/pages"}],"about":[{"href":"https:\/\/semmelweis.hu\/vizilabda\/wp-json\/wp\/v2\/types\/page"}],"author":[{"embeddable":true,"href":"https:\/\/semmelweis.hu\/vizilabda\/wp-json\/wp\/v2\/users\/101637"}],"replies":[{"embeddable":true,"href":"https:\/\/semmelweis.hu\/vizilabda\/wp-json\/wp\/v2\/comments?post=81"}],"version-history":[{"count":11,"href":"https:\/\/semmelweis.hu\/vizilabda\/wp-json\/wp\/v2\/pages\/81\/revisions"}],"predecessor-version":[{"id":743,"href":"https:\/\/semmelweis.hu\/vizilabda\/wp-json\/wp\/v2\/pages\/81\/revisions\/743"}],"up":[{"embeddable":true,"href":"https:\/\/semmelweis.hu\/vizilabda\/wp-json\/wp\/v2\/pages\/15"}],"wp:attachment":[{"href":"https:\/\/semmelweis.hu\/vizilabda\/wp-json\/wp\/v2\/media?parent=81"}],"wp:term":[{"taxonomy":"category","embeddable":true,"href":"https:\/\/semmelweis.hu\/vizilabda\/wp-json\/wp\/v2\/categories?post=81"},{"taxonomy":"post_tag","embeddable":true,"href":"https:\/\/semmelweis.hu\/vizilabda\/wp-json\/wp\/v2\/tags?post=81"}],"curies":[{"name":"wp","href":"https:\/\/api.w.org\/{rel}","templated":true}]}}