{"id":809,"date":"2025-07-10T07:29:46","date_gmt":"2025-07-10T05:29:46","guid":{"rendered":"https:\/\/semmelweis.hu\/vizilabda\/?page_id=809"},"modified":"2025-10-27T09:29:43","modified_gmt":"2025-10-27T08:29:43","slug":"rajna-peter","status":"publish","type":"page","link":"https:\/\/semmelweis.hu\/vizilabda\/a-csapat\/ob1\/rajna-peter\/","title":{"rendered":"Rajna P\u00e9ter"},"content":{"rendered":"<p><strong>Sapkasz\u00e1m: <\/strong>14<br \/>\n<strong>Poz\u00edci\u00f3: <\/strong>Kap\u00e1s sz\u00e9ls\u0151<strong><br \/>\nKor: <\/strong>21<br \/>\n<strong>Becen\u00e9v: <\/strong>Rajna\u00a0<br \/>\n<strong>Magass\u00e1g:<\/strong> 182<br \/>\n<strong>S\u00faly:<\/strong> 85<br \/>\n<strong>Hobbi: <\/strong>Tanul\u00e1s \ud83d\ude42<\/p>\n","protected":false},"excerpt":{"rendered":"<p>Sapkasz\u00e1m: 14<br \/>\nPoz\u00edci\u00f3: Kap\u00e1s sz\u00e9ls\u0151<br \/>\nKor: 21<br \/>\nBecen\u00e9v: Rajna\u00a0<br \/>\nMagass\u00e1g: 182<br \/>\nS\u00faly: 85<br \/>\nHobbi: Tanul\u00e1s \ud83d\ude42<\/p>\n","protected":false},"author":102504,"featured_media":1213,"parent":231,"menu_order":0,"comment_status":"closed","ping_status":"closed","template":"","meta":{"_acf_changed":false,"footnotes":""},"categories":[7],"tags":[],"class_list":["post-809","page","type-page","status-publish","has-post-thumbnail","hentry","category-jatekosok"],"acf":[],"_links":{"self":[{"href":"https:\/\/semmelweis.hu\/vizilabda\/wp-json\/wp\/v2\/pages\/809","targetHints":{"allow":["GET"]}}],"collection":[{"href":"https:\/\/semmelweis.hu\/vizilabda\/wp-json\/wp\/v2\/pages"}],"about":[{"href":"https:\/\/semmelweis.hu\/vizilabda\/wp-json\/wp\/v2\/types\/page"}],"author":[{"embeddable":true,"href":"https:\/\/semmelweis.hu\/vizilabda\/wp-json\/wp\/v2\/users\/102504"}],"replies":[{"embeddable":true,"href":"https:\/\/semmelweis.hu\/vizilabda\/wp-json\/wp\/v2\/comments?post=809"}],"version-history":[{"count":5,"href":"https:\/\/semmelweis.hu\/vizilabda\/wp-json\/wp\/v2\/pages\/809\/revisions"}],"predecessor-version":[{"id":1214,"href":"https:\/\/semmelweis.hu\/vizilabda\/wp-json\/wp\/v2\/pages\/809\/revisions\/1214"}],"up":[{"embeddable":true,"href":"https:\/\/semmelweis.hu\/vizilabda\/wp-json\/wp\/v2\/pages\/231"}],"wp:featuredmedia":[{"embeddable":true,"href":"https:\/\/semmelweis.hu\/vizilabda\/wp-json\/wp\/v2\/media\/1213"}],"wp:attachment":[{"href":"https:\/\/semmelweis.hu\/vizilabda\/wp-json\/wp\/v2\/media?parent=809"}],"wp:term":[{"taxonomy":"category","embeddable":true,"href":"https:\/\/semmelweis.hu\/vizilabda\/wp-json\/wp\/v2\/categories?post=809"},{"taxonomy":"post_tag","embeddable":true,"href":"https:\/\/semmelweis.hu\/vizilabda\/wp-json\/wp\/v2\/tags?post=809"}],"curies":[{"name":"wp","href":"https:\/\/api.w.org\/{rel}","templated":true}]}}