{"id":80,"date":"2019-10-08T19:40:16","date_gmt":"2019-10-08T17:40:16","guid":{"rendered":"http:\/\/semmelweis.hu\/vizilabda\/?page_id=80"},"modified":"2025-07-03T11:00:22","modified_gmt":"2025-07-03T09:00:22","slug":"bvlsz-gyarmati-dezso-bajnoksag","status":"publish","type":"page","link":"https:\/\/semmelweis.hu\/vizilabda\/bajnoksagok\/bvlsz-gyarmati-dezso-bajnoksag\/","title":{"rendered":"Gyarmati Dezs\u0151 Feln\u0151tt Budapest F\u00e9rfi Bajnoks\u00e1g"},"content":{"rendered":"<div class=\"keretes w-100\">\n<p>Csapatunk m\u00e1r j\u00f3 p\u00e1r \u00e9ve megszokott r\u00e9sztvev\u0151je a &#8211; v\u00edzilabd\u00e1s k\u00f6r\u00f6kben csak Budapest Bajnoks\u00e1gnak emlegetett &#8211; BVLSZ Gyarmati Dezs\u0151 Feln\u0151tt F\u00e9rfi Bajnoks\u00e1gnak. C\u00e9lunk, mint minden m\u00e1s porondon, itt is a lehet\u0151 legjobb eredm\u00e9ny el\u00e9r\u00e9se m\u00e9rk\u0151z\u00e9sr\u0151l m\u00e9rk\u0151z\u00e9sre. Hazai m\u00e9rk\u0151z\u00e9seink minden m\u00e1sodik h\u00e9ten, a MoM Sportban ker\u00fclnek megrendez\u00e9sre, este 19 \u00f3rakor, melyekre szurkol\u00f3inkat nagy szeretettel v\u00e1rjuk. Az idegenben rendezett fordul\u00f3k pontos id\u0151pontjait \u00e9s helysz\u00edneit az adott m\u00e9rk\u0151z\u00e9sek Facebook esem\u00e9nyekben tal\u00e1lj\u00e1tok meg! A 2024\/25-\u00f6s szezonban pontazonoss\u00e1ggal, egy picit lemaradva az 5. helyen v\u00e9gzett az <a href=\"https:\/\/semmelweis.hu\/vizilabda\/a-csapat\/egyetemi\/\">Egyetemi csapatunk.\u00a0<\/a><\/p>\n<\/div>\n<p>A 2025\/26-os szezont\u00f3l 2 csapatunk is versenyzik a bajnoks\u00e1gban! <a href=\"https:\/\/semmelweis.hu\/vizilabda\/a-csapat\/budapest-felnott\/\">A m\u00e1sodik csapat <\/a>is sok szeretettel v\u00e1rja a m\u00e9rk\u0151z\u00e9sre kil\u00e1togat\u00f3kat, illetve a j\u00e1t\u00e9kost\u00e1rsakat is!<\/p>\n<p style=\"text-align: center;\"><a class=\"btn btn-secondary\" href=\"https:\/\/www.waterpolo.hu\/adatbank\/bajnoksagok?bajnoksag=832&amp;ev=2024&amp;szakasz=2537&amp;csoport=4115&amp;fordulo=20564\" target=\"_blank\" rel=\"noopener\">Tov\u00e1bb a bajnoks\u00e1g honlapj\u00e1ra<\/a>\u00a0 \u00a0<\/p>\n","protected":false},"excerpt":{"rendered":"<p>Csapatunk m\u00e1r j\u00f3 p\u00e1r \u00e9ve megszokott r\u00e9sztvev\u0151je a &#8211; v\u00edzilabd\u00e1s k\u00f6r\u00f6kben csak Budapest Bajnoks\u00e1gnak emlegetett &#8211; BVLSZ Gyarmati Dezs\u0151 Feln\u0151tt F\u00e9rfi Bajnoks\u00e1gnak. C\u00e9lunk, mint minden m\u00e1s porondon, itt is a lehet\u0151 legjobb eredm\u00e9ny el\u00e9r\u00e9se m\u00e9rk\u0151z\u00e9sr\u0151l m\u00e9rk\u0151z\u00e9sre. Hazai m\u00e9rk\u0151z\u00e9seink minden m\u00e1sodik h\u00e9ten, a MoM Sportban ker\u00fclnek megrendez\u00e9sre, este 19 \u00f3rakor, melyekre szurkol\u00f3inkat nagy szeretettel v\u00e1rjuk. Az &hellip;<\/p>\n","protected":false},"author":101637,"featured_media":0,"parent":15,"menu_order":3,"comment_status":"closed","ping_status":"closed","template":"","meta":{"_acf_changed":false,"footnotes":""},"categories":[],"tags":[],"class_list":["post-80","page","type-page","status-publish","hentry"],"acf":[],"_links":{"self":[{"href":"https:\/\/semmelweis.hu\/vizilabda\/wp-json\/wp\/v2\/pages\/80","targetHints":{"allow":["GET"]}}],"collection":[{"href":"https:\/\/semmelweis.hu\/vizilabda\/wp-json\/wp\/v2\/pages"}],"about":[{"href":"https:\/\/semmelweis.hu\/vizilabda\/wp-json\/wp\/v2\/types\/page"}],"author":[{"embeddable":true,"href":"https:\/\/semmelweis.hu\/vizilabda\/wp-json\/wp\/v2\/users\/101637"}],"replies":[{"embeddable":true,"href":"https:\/\/semmelweis.hu\/vizilabda\/wp-json\/wp\/v2\/comments?post=80"}],"version-history":[{"count":10,"href":"https:\/\/semmelweis.hu\/vizilabda\/wp-json\/wp\/v2\/pages\/80\/revisions"}],"predecessor-version":[{"id":742,"href":"https:\/\/semmelweis.hu\/vizilabda\/wp-json\/wp\/v2\/pages\/80\/revisions\/742"}],"up":[{"embeddable":true,"href":"https:\/\/semmelweis.hu\/vizilabda\/wp-json\/wp\/v2\/pages\/15"}],"wp:attachment":[{"href":"https:\/\/semmelweis.hu\/vizilabda\/wp-json\/wp\/v2\/media?parent=80"}],"wp:term":[{"taxonomy":"category","embeddable":true,"href":"https:\/\/semmelweis.hu\/vizilabda\/wp-json\/wp\/v2\/categories?post=80"},{"taxonomy":"post_tag","embeddable":true,"href":"https:\/\/semmelweis.hu\/vizilabda\/wp-json\/wp\/v2\/tags?post=80"}],"curies":[{"name":"wp","href":"https:\/\/api.w.org\/{rel}","templated":true}]}}