{"id":77,"date":"2019-10-08T19:40:16","date_gmt":"2019-10-08T17:40:16","guid":{"rendered":"http:\/\/semmelweis.hu\/vizilabda\/?page_id=77"},"modified":"2025-07-03T10:57:52","modified_gmt":"2025-07-03T08:57:52","slug":"medikus-kupa","status":"publish","type":"page","link":"https:\/\/semmelweis.hu\/vizilabda\/bajnoksagok\/medikus-kupa\/","title":{"rendered":"Medikus Kupa"},"content":{"rendered":"<div class=\"keretes w-100\">\n<p>A Medikus Kupa 1972 \u00f3ta ker\u00fcl megrendez\u00e9sre, a sportrendezv\u00e9nyen m\u00e1ra m\u00e1r a 400 f\u0151t is meghalad\u00f3 hallgat\u00f3 versenyez egym\u00e1ssal! A j\u00f6v\u0151 eg\u00e9szs\u00e9g\u00fcgy\u00e9ben feladatot v\u00e1llal\u00f3 hallgat\u00f3k sportszer\u0171 k\u00fczdelmekben m\u00e9rik \u00f6ssze erej\u00fcket k\u00e9zilabda, kos\u00e1rlabda, r\u00f6plabda, labdar\u00fag\u00e1s \u00e9s v\u00edzilabda sport\u00e1gakban \u00e9s mutatj\u00e1k be cheerleader csapataik felk\u00e9sz\u00fclts\u00e9g\u00e9t. 2025-ben Szegeden \u00e1prilis 12-13-\u00e1n m\u00e9rt\u00e9k \u00f6ssze az egyetemi csapatok erej\u00fcket.<\/p>\n<\/div>\n<p><strong>Szurkol\u00e1ssal seg\u00edts\u00fck gy\u0151zelemhez a Semmelweis Egyetem csapatait!<\/strong><\/p>\n<p>2025-ben hazat\u00e9rt a v\u00e1ndorserleg, err\u0151l itt olvashattok:<\/p>\n<blockquote class=\"wp-embedded-content\" data-secret=\"Tk6ROR8zdS\"><p><a href=\"https:\/\/semmelweis.hu\/hirek\/2025\/04\/14\/hazatert-a-semmelweisre-a-medikus-vandorkupa\/\">Hazat\u00e9rt a Semmelweisre a Medikus V\u00e1ndorkupa<\/a><\/p><\/blockquote>\n<p><iframe loading=\"lazy\" class=\"wp-embedded-content\" sandbox=\"allow-scripts\" security=\"restricted\" style=\"position: absolute; visibility: hidden;\" title=\"&#8220;Hazat\u00e9rt a Semmelweisre a Medikus V\u00e1ndorkupa&#8221; &#8212; Semmelweis H\u00edrek\" src=\"https:\/\/semmelweis.hu\/hirek\/2025\/04\/14\/hazatert-a-semmelweisre-a-medikus-vandorkupa\/embed\/#?secret=YlZUukKKPM#?secret=Tk6ROR8zdS\" data-secret=\"Tk6ROR8zdS\" width=\"600\" height=\"338\" frameborder=\"0\" marginwidth=\"0\" marginheight=\"0\" scrolling=\"no\"><\/iframe><\/p>\n","protected":false},"excerpt":{"rendered":"<p>A Medikus Kupa 1972 \u00f3ta ker\u00fcl megrendez\u00e9sre, a sportrendezv\u00e9nyen m\u00e1ra m\u00e1r a 400 f\u0151t is meghalad\u00f3 hallgat\u00f3 versenyez egym\u00e1ssal! A j\u00f6v\u0151 eg\u00e9szs\u00e9g\u00fcgy\u00e9ben feladatot v\u00e1llal\u00f3 hallgat\u00f3k sportszer\u0171 k\u00fczdelmekben m\u00e9rik \u00f6ssze erej\u00fcket k\u00e9zilabda, kos\u00e1rlabda, r\u00f6plabda, labdar\u00fag\u00e1s \u00e9s v\u00edzilabda sport\u00e1gakban \u00e9s mutatj\u00e1k be cheerleader csapataik felk\u00e9sz\u00fclts\u00e9g\u00e9t. 2025-ben Szegeden \u00e1prilis 12-13-\u00e1n m\u00e9rt\u00e9k \u00f6ssze az egyetemi csapatok erej\u00fcket. Szurkol\u00e1ssal seg\u00edts\u00fck &hellip;<\/p>\n","protected":false},"author":101637,"featured_media":0,"parent":15,"menu_order":1,"comment_status":"closed","ping_status":"closed","template":"","meta":{"_acf_changed":false,"footnotes":""},"categories":[],"tags":[],"class_list":["post-77","page","type-page","status-publish","hentry"],"acf":[],"_links":{"self":[{"href":"https:\/\/semmelweis.hu\/vizilabda\/wp-json\/wp\/v2\/pages\/77","targetHints":{"allow":["GET"]}}],"collection":[{"href":"https:\/\/semmelweis.hu\/vizilabda\/wp-json\/wp\/v2\/pages"}],"about":[{"href":"https:\/\/semmelweis.hu\/vizilabda\/wp-json\/wp\/v2\/types\/page"}],"author":[{"embeddable":true,"href":"https:\/\/semmelweis.hu\/vizilabda\/wp-json\/wp\/v2\/users\/101637"}],"replies":[{"embeddable":true,"href":"https:\/\/semmelweis.hu\/vizilabda\/wp-json\/wp\/v2\/comments?post=77"}],"version-history":[{"count":5,"href":"https:\/\/semmelweis.hu\/vizilabda\/wp-json\/wp\/v2\/pages\/77\/revisions"}],"predecessor-version":[{"id":739,"href":"https:\/\/semmelweis.hu\/vizilabda\/wp-json\/wp\/v2\/pages\/77\/revisions\/739"}],"up":[{"embeddable":true,"href":"https:\/\/semmelweis.hu\/vizilabda\/wp-json\/wp\/v2\/pages\/15"}],"wp:attachment":[{"href":"https:\/\/semmelweis.hu\/vizilabda\/wp-json\/wp\/v2\/media?parent=77"}],"wp:term":[{"taxonomy":"category","embeddable":true,"href":"https:\/\/semmelweis.hu\/vizilabda\/wp-json\/wp\/v2\/categories?post=77"},{"taxonomy":"post_tag","embeddable":true,"href":"https:\/\/semmelweis.hu\/vizilabda\/wp-json\/wp\/v2\/tags?post=77"}],"curies":[{"name":"wp","href":"https:\/\/api.w.org\/{rel}","templated":true}]}}