{"id":7,"date":"2019-09-09T14:38:20","date_gmt":"2019-09-09T12:38:20","guid":{"rendered":"http:\/\/semmelweis.hu\/vizilabda\/?page_id=7"},"modified":"2025-07-01T13:18:12","modified_gmt":"2025-07-01T11:18:12","slug":"magunkrol","status":"publish","type":"page","link":"https:\/\/semmelweis.hu\/vizilabda\/magunkrol\/","title":{"rendered":"A Semmelweis Egyetem v\u00edzilabda szakoszt\u00e1lya"},"content":{"rendered":"<div class=\"keretes w-100\">\n<p>A <strong data-start=\"316\" data-end=\"334\">Semmelweis OSC<\/strong> Magyarorsz\u00e1g egyik legsikeresebb v\u00edzilabda-egyes\u00fclete, amely a hagyom\u00e1nyokat \u00e9s a meg\u00fajul\u00e1st \u00f6tv\u00f6zve k\u00e9pviseli a magyar sport egyik legikonikusabb \u00e1gazat\u00e1t. Az OSC (Orvosegyetem Sport Club) t\u00f6rt\u00e9nete eg\u00e9szen 1957-ig ny\u00falik vissza, a csapatot az akkori Orvosi Egyetem hallgat\u00f3i alap\u00edtott\u00e1k.<\/p>\n<\/div>\n<p>A klub c\u00e9lja nem csup\u00e1n az \u00e9lvonalbeli eredm\u00e9nyes szerepl\u00e9s, hanem az ut\u00e1np\u00f3tl\u00e1s-nevel\u00e9s \u00e9s az eduk\u00e1ci\u00f3, mind az eg\u00e9szs\u00e9ges \u00e9letm\u00f3dra val\u00f3 pozit\u00edv hat\u00e1s, mind a v\u00edzilabda n\u00e9pszer\u0171s\u00edt\u00e9se. Feln\u0151tt csapatunk \u00e9vr\u0151l \u00e9vre az \u00e9lmez\u0151nyben harcol, nagy b\u00fcszkes\u00e9g\u00fcnkre id\u00e9n m\u00e1r 5 saj\u00e1t nevel\u00e9s\u0171 j\u00e1t\u00e9kossal.<\/p>\n<p data-start=\"669\" data-end=\"948\">Nev\u00fcnket 2025 \u00f3ta a <strong data-start=\"970\" data-end=\"995\">Semmelweis Egyetemmel<\/strong> val\u00f3 szoros egy\u00fcttm\u0171k\u00f6d\u00e9s is er\u0151s\u00edti, amely egyszerre jelenti a sporttudom\u00e1nyos h\u00e1tt\u00e9r t\u00e1mogat\u00e1s\u00e1t \u00e9s egy stabil, j\u00f6v\u0151be mutat\u00f3 alapot a klub fejl\u0151d\u00e9s\u00e9hez.<\/p>\n<h2 data-start=\"669\" data-end=\"948\">Csapataink<\/h2>\n<p>Az els\u0151 oszt\u00e1lyban szerepl\u0151 csapat mellett \u00f6sszesen 3 f\u00e9rfi \u00e9s 1 n\u0151i csapatban sportolhatnak az egyetemist\u00e1k \u00e9s bar\u00e1taik.<\/p>\n<p>A Semmelweis Egyetem V\u00edzilabda szakoszt\u00e1lya <strong>Prof. Dr. Merkely B\u00e9la<\/strong> vezet\u00e9s\u00e9vel imm\u00e1ron t\u00f6bb \u00e9ve t\u00f6retlen\u00fcl m\u0171k\u00f6dik. \u00c9vr\u0151l \u00e9vre meg\u00fajul\u00f3 lelkesed\u00e9ssel \u00e9s egyetem\u00fcnkre frissen bejutott hallgat\u00f3k be\u00e9p\u00edt\u00e9s\u00e9vel, id\u0151r\u0151l id\u0151re egyre t\u00f6bb c\u00edmet elnyerve indul mind magyarorsz\u00e1gi, mind k\u00fclf\u00f6ldi bajnoks\u00e1gokon, torn\u00e1kon, kup\u00e1kon.<\/p>\n<p>Kiemelt fontoss\u00e1g\u00fa a Medikus Kupa, valamint a MEFOB V\u00edzilabda Bajnoks\u00e1g, \u00e1m ezeken k\u00edv\u00fcl term\u00e9szetesen \u00e9vk\u00f6zi bajnoks\u00e1gokban is indul az egy\u00fcttes (BVLSZ Gyarmati Dezs\u0151 Feln\u0151tt F\u00e9rfi Bajnoks\u00e1g, F\u00e9rfi OB2 Orsz\u00e1gos Bajnoks\u00e1g).<\/p>\n<p>Csapatunk f\u0151k\u00e9nt a Semmelweis Egyetem hallgat\u00f3ib\u00f3l, vagy volt hallgat\u00f3ib\u00f3l, orvos koll\u00e9g\u00e1kb\u00f3l \u00e1ll, \u00e1m m\u00e1s egyetemekr\u0151l is vannak j\u00e1t\u00e9kosok, akik szint\u00e9n kulcsfontoss\u00e1g\u00fa, n\u00e9lk\u00fcl\u00f6zhetetlen tagjai a g\u00e1rd\u00e1nak.<\/p>\n<h2>Edz\u00e9sek<\/h2>\n<p>M\u00e1ra csapatunk sz\u00e1m\u00e1ra eg\u00e9sz \u00e9vben biztos\u00edtottak az edz\u00e9si lehet\u0151s\u00e9gek a MoM Sportban. Ez hetente h\u00e1rom alkalommal egy \u00f3r\u00e1s, teljes medenc\u00e9s v\u00edzi edz\u00e9st jelent, melyet minden m\u00e1sodik vas\u00e1rnap est\u00e9nk\u00e9nt, \u00e9s f\u00e9l\u00e9vente egy szombatonk\u00e9nt hazai rendez\u00e9s\u0171 m\u00e9rk\u0151z\u00e9sek eg\u00e9sz\u00edtenek ki.<\/p>\n<p>Az <a href=\"https:\/\/semmelweis.hu\/vizilabda\/a-csapat\/egyetemi\/\">esti edz\u00e9seken<\/a> rendszerint <a href=\"https:\/\/semmelweis.hu\/vizilabda\/a-csapat\/edzok\/\">k\u00e9t edz\u0151vel<\/a> dolgozunk, hogy a k\u00e9t bajnoks\u00e1gban indul\u00f3 csapataink megfelel\u0151en fel tudjanak k\u00e9sz\u00fclni az adott heti megm\u00e9rettet\u00e9sre, tov\u00e1bb\u00e1, hogy mindez kiv\u00e1l\u00f3 alapul szolg\u00e1ljon a Medikus Kupa \u00e9s a MEFOB torn\u00e1kon val\u00f3 r\u00e9szv\u00e9telhez.\u00a0<\/p>\n<p>Fontos azonban lesz\u00f6gezni, hogy a fentebb v\u00e1zolt strukt\u00fara szigor\u00faan csak alapul szolg\u00e1l, \u00e9s mivel egy csapat vagyunk, k\u00f6z\u00f6sek a c\u00e9ljaink \u00e9s \u00e9rdekeink, ez\u00e9rt folyamatosan seg\u00edtik egym\u00e1st a medikusok \u00e9s az &#8222;\u00f6regfi\u00fak&#8221;. Ez a kulcsa annak, hogy edz\u00e9seink a komoly munka mellett, humorral \u00e9s j\u00f3 hangulattal telnek, ahova minden csapattag \u00f6r\u00f6mmel l\u00e1togat el.<\/p>\n","protected":false},"excerpt":{"rendered":"<p>A Semmelweis Egyetem v\u00edzilabda csapata Prof. Dr. Merkely B\u00e9la vezet\u00e9s\u00e9vel imm\u00e1ron t\u00f6bb \u00e9ve t\u00f6retlen\u00fcl, \u00e9vr\u0151l \u00e9vre t\u00f6bb c\u00edmet elnyerve indul mind magyarorsz\u00e1gi mind k\u00fclf\u00f6ldi bajnoks\u00e1gokon, torn\u00e1kon. kup\u00e1kon. Kiemelt fontoss\u00e1g\u00fa a BVLSZ Gyarmati Dezs\u0151 Feln\u0151tt F\u00e9rfi Bajnoks\u00e1g valamint a Medikus Kupa, \u00e1m ezeken k\u00edv\u00fcl term\u00e9szetesen egy\u00e9b megm\u00e9rettet\u00e9seken is r\u00e9szt vesz a csapat. <\/p>\n<p>Csapatunk f\u0151k\u00e9nt az egyetem\u00fcnk hallgat\u00f3ib\u00f3l vagy volt hallgat\u00f3ib\u00f3l, orvos kolleg\u00e1kb\u00f3l \u00e1ll, \u00e1m m\u00e1s egyetemekr\u0151l is vannak j\u00e1t\u00e9kosok a csapatban akik szinten kulcsfontoss\u00e1g\u00fa, n\u00e9lk\u00fcl\u00f6zhetetlen tagjaik a g\u00e1rd\u00e1nak.<\/p>\n<p>Alapj\u00e1ban v\u00e9ve sz\u00edvesen fogadunk minden sportbar\u00e1tot, v\u00edzilabd\u00e1zni v\u00e1gy\u00f3t k\u00f6reinkben!<\/p>\n","protected":false},"author":12,"featured_media":58,"parent":0,"menu_order":0,"comment_status":"closed","ping_status":"closed","template":"","meta":{"_acf_changed":false,"footnotes":""},"categories":[],"tags":[],"class_list":["post-7","page","type-page","status-publish","has-post-thumbnail","hentry"],"acf":[],"_links":{"self":[{"href":"https:\/\/semmelweis.hu\/vizilabda\/wp-json\/wp\/v2\/pages\/7","targetHints":{"allow":["GET"]}}],"collection":[{"href":"https:\/\/semmelweis.hu\/vizilabda\/wp-json\/wp\/v2\/pages"}],"about":[{"href":"https:\/\/semmelweis.hu\/vizilabda\/wp-json\/wp\/v2\/types\/page"}],"author":[{"embeddable":true,"href":"https:\/\/semmelweis.hu\/vizilabda\/wp-json\/wp\/v2\/users\/12"}],"replies":[{"embeddable":true,"href":"https:\/\/semmelweis.hu\/vizilabda\/wp-json\/wp\/v2\/comments?post=7"}],"version-history":[{"count":10,"href":"https:\/\/semmelweis.hu\/vizilabda\/wp-json\/wp\/v2\/pages\/7\/revisions"}],"predecessor-version":[{"id":652,"href":"https:\/\/semmelweis.hu\/vizilabda\/wp-json\/wp\/v2\/pages\/7\/revisions\/652"}],"wp:featuredmedia":[{"embeddable":true,"href":"https:\/\/semmelweis.hu\/vizilabda\/wp-json\/wp\/v2\/media\/58"}],"wp:attachment":[{"href":"https:\/\/semmelweis.hu\/vizilabda\/wp-json\/wp\/v2\/media?parent=7"}],"wp:term":[{"taxonomy":"category","embeddable":true,"href":"https:\/\/semmelweis.hu\/vizilabda\/wp-json\/wp\/v2\/categories?post=7"},{"taxonomy":"post_tag","embeddable":true,"href":"https:\/\/semmelweis.hu\/vizilabda\/wp-json\/wp\/v2\/tags?post=7"}],"curies":[{"name":"wp","href":"https:\/\/api.w.org\/{rel}","templated":true}]}}