{"id":695,"date":"2025-07-01T15:55:51","date_gmt":"2025-07-01T13:55:51","guid":{"rendered":"https:\/\/semmelweis.hu\/vizilabda\/?page_id=695"},"modified":"2025-10-27T09:13:01","modified_gmt":"2025-10-27T08:13:01","slug":"dr-tarjanyi-zoltan","status":"publish","type":"page","link":"https:\/\/semmelweis.hu\/vizilabda\/a-csapat\/ob1\/dr-tarjanyi-zoltan\/","title":{"rendered":"Dr. Tarj\u00e1nyi Zolt\u00e1n"},"content":{"rendered":"<p>Csapatorvos<\/p>\n<p>Tarj\u00e1nyi Zolt\u00e1n a v\u00edzilabd\u00e1ban ismer\u0151s n\u00e9v lehet mindenki sz\u00e1m\u00e1ra, hiszen 2022 \u00f3ta a v\u00edzilabda v\u00e1logatott csapatorvosa. J\u00e1t\u00e9kosaink eg\u00e9szs\u00e9g\u00e9nek meg\u0151rz\u00e9se, folyamatos\u00a0 monitoroz\u00e1sa \u00e9s a m\u00e9rk\u0151z\u00e9seken val\u00f3 &#8211; ha sz\u00fcks\u00e9ges akt\u00edv &#8211; seg\u00edts\u00e9gny\u00fajt\u00e1s a feladata.<\/p>\n","protected":false},"excerpt":{"rendered":"<p>Csapatorvos<br \/>\nTarj\u00e1nyi Zolt\u00e1n a v\u00edzilabd\u00e1ban ismer\u0151s n\u00e9v lehet mindenki sz\u00e1m\u00e1ra, hiszen 2022 \u00f3ta a v\u00edzilabda v\u00e1logatott csapatorvosa. J\u00e1t\u00e9kosaink eg\u00e9szs\u00e9g\u00e9nek meg\u0151rz\u00e9se, folyamatos\u00a0 monitoroz\u00e1sa \u00e9s a m\u00e9rk\u0151z\u00e9seken val\u00f3 &#8211; ha sz\u00fcks\u00e9ges akt\u00edv &#8211; seg\u00edts\u00e9gny\u00fajt\u00e1s a feladata.<\/p>\n","protected":false},"author":102504,"featured_media":1195,"parent":231,"menu_order":0,"comment_status":"closed","ping_status":"closed","template":"","meta":{"_acf_changed":false,"footnotes":""},"categories":[12],"tags":[],"class_list":["post-695","page","type-page","status-publish","has-post-thumbnail","hentry","category-stab"],"acf":[],"_links":{"self":[{"href":"https:\/\/semmelweis.hu\/vizilabda\/wp-json\/wp\/v2\/pages\/695","targetHints":{"allow":["GET"]}}],"collection":[{"href":"https:\/\/semmelweis.hu\/vizilabda\/wp-json\/wp\/v2\/pages"}],"about":[{"href":"https:\/\/semmelweis.hu\/vizilabda\/wp-json\/wp\/v2\/types\/page"}],"author":[{"embeddable":true,"href":"https:\/\/semmelweis.hu\/vizilabda\/wp-json\/wp\/v2\/users\/102504"}],"replies":[{"embeddable":true,"href":"https:\/\/semmelweis.hu\/vizilabda\/wp-json\/wp\/v2\/comments?post=695"}],"version-history":[{"count":3,"href":"https:\/\/semmelweis.hu\/vizilabda\/wp-json\/wp\/v2\/pages\/695\/revisions"}],"predecessor-version":[{"id":1198,"href":"https:\/\/semmelweis.hu\/vizilabda\/wp-json\/wp\/v2\/pages\/695\/revisions\/1198"}],"up":[{"embeddable":true,"href":"https:\/\/semmelweis.hu\/vizilabda\/wp-json\/wp\/v2\/pages\/231"}],"wp:featuredmedia":[{"embeddable":true,"href":"https:\/\/semmelweis.hu\/vizilabda\/wp-json\/wp\/v2\/media\/1195"}],"wp:attachment":[{"href":"https:\/\/semmelweis.hu\/vizilabda\/wp-json\/wp\/v2\/media?parent=695"}],"wp:term":[{"taxonomy":"category","embeddable":true,"href":"https:\/\/semmelweis.hu\/vizilabda\/wp-json\/wp\/v2\/categories?post=695"},{"taxonomy":"post_tag","embeddable":true,"href":"https:\/\/semmelweis.hu\/vizilabda\/wp-json\/wp\/v2\/tags?post=695"}],"curies":[{"name":"wp","href":"https:\/\/api.w.org\/{rel}","templated":true}]}}