{"id":670,"date":"2025-07-01T14:26:34","date_gmt":"2025-07-01T12:26:34","guid":{"rendered":"https:\/\/semmelweis.hu\/vizilabda\/?page_id=670"},"modified":"2025-11-24T11:07:10","modified_gmt":"2025-11-24T10:07:10","slug":"ob1","status":"publish","type":"page","link":"https:\/\/semmelweis.hu\/vizilabda\/bajnoksagok\/ob1\/","title":{"rendered":"OB1"},"content":{"rendered":"<div class=\"keretes w-100\">\n<p>Az OB I a magyar f\u00e9rfi v\u00edzilabda-bajnoks\u00e1g legmagasabb oszt\u00e1lya, ahol az orsz\u00e1g legjobb csapatai m\u00e9rk\u0151znek meg egym\u00e1ssal. A liga vil\u00e1gsz\u00ednvonal\u00fa j\u00e1t\u00e9kosokat vonultat fel, \u00e9s komoly nemzetk\u00f6zi sikereket el\u00e9rt klubok szerepelnek benne. Az OB I nemcsak a magyar v\u00edzilabda z\u00e1szl\u00f3shaj\u00f3ja, hanem az egyik leger\u0151sebb bajnoks\u00e1g a vil\u00e1gon. Az OSC t\u00f6rt\u00e9nelme sor\u00e1n h\u00e9t alkalommal h\u00f3d\u00edtotta el a bajnoki tr\u00f3fe\u00e1t.\u00a0<\/p>\n<\/div>\n<p><a href=\"https:\/\/waterpolo.hu\/adatbank\/bajnoksagok\">AZ OB1 jelenlegi \u00e1ll\u00e1sa<\/a><\/p>\n<p>&nbsp;<\/p>\n","protected":false},"excerpt":{"rendered":"<p>Az OB I a magyar f\u00e9rfi v\u00edzilabda-bajnoks\u00e1g legmagasabb oszt\u00e1lya, ahol az orsz\u00e1g legjobb csapatai m\u00e9rk\u0151znek meg egym\u00e1ssal. A liga vil\u00e1gsz\u00ednvonal\u00fa j\u00e1t\u00e9kosokat vonultat fel, \u00e9s komoly nemzetk\u00f6zi sikereket el\u00e9rt klubok szerepelnek benne. Az OB I nemcsak a magyar v\u00edzilabda z\u00e1szl\u00f3shaj\u00f3ja, hanem az egyik leger\u0151sebb bajnoks\u00e1g a vil\u00e1gon. Az OSC t\u00f6rt\u00e9nelme sor\u00e1n h\u00e9t alkalommal h\u00f3d\u00edtotta el a &hellip;<\/p>\n","protected":false},"author":102504,"featured_media":0,"parent":15,"menu_order":0,"comment_status":"closed","ping_status":"closed","template":"","meta":{"_acf_changed":false,"footnotes":""},"categories":[],"tags":[],"class_list":["post-670","page","type-page","status-publish","hentry"],"acf":[],"_links":{"self":[{"href":"https:\/\/semmelweis.hu\/vizilabda\/wp-json\/wp\/v2\/pages\/670","targetHints":{"allow":["GET"]}}],"collection":[{"href":"https:\/\/semmelweis.hu\/vizilabda\/wp-json\/wp\/v2\/pages"}],"about":[{"href":"https:\/\/semmelweis.hu\/vizilabda\/wp-json\/wp\/v2\/types\/page"}],"author":[{"embeddable":true,"href":"https:\/\/semmelweis.hu\/vizilabda\/wp-json\/wp\/v2\/users\/102504"}],"replies":[{"embeddable":true,"href":"https:\/\/semmelweis.hu\/vizilabda\/wp-json\/wp\/v2\/comments?post=670"}],"version-history":[{"count":3,"href":"https:\/\/semmelweis.hu\/vizilabda\/wp-json\/wp\/v2\/pages\/670\/revisions"}],"predecessor-version":[{"id":1340,"href":"https:\/\/semmelweis.hu\/vizilabda\/wp-json\/wp\/v2\/pages\/670\/revisions\/1340"}],"up":[{"embeddable":true,"href":"https:\/\/semmelweis.hu\/vizilabda\/wp-json\/wp\/v2\/pages\/15"}],"wp:attachment":[{"href":"https:\/\/semmelweis.hu\/vizilabda\/wp-json\/wp\/v2\/media?parent=670"}],"wp:term":[{"taxonomy":"category","embeddable":true,"href":"https:\/\/semmelweis.hu\/vizilabda\/wp-json\/wp\/v2\/categories?post=670"},{"taxonomy":"post_tag","embeddable":true,"href":"https:\/\/semmelweis.hu\/vizilabda\/wp-json\/wp\/v2\/tags?post=670"}],"curies":[{"name":"wp","href":"https:\/\/api.w.org\/{rel}","templated":true}]}}