{"id":574,"date":"2025-06-30T22:33:51","date_gmt":"2025-06-30T20:33:51","guid":{"rendered":"https:\/\/semmelweis.hu\/vizilabda\/?page_id=574"},"modified":"2025-10-27T09:33:25","modified_gmt":"2025-10-27T08:33:25","slug":"steger-mate","status":"publish","type":"page","link":"https:\/\/semmelweis.hu\/vizilabda\/a-csapat\/ob1\/steger-mate\/","title":{"rendered":"St\u00e9ger M\u00e1t\u00e9"},"content":{"rendered":"<h5>Massz\u0151r<\/h5>\n<p>M\u00e1t\u00e9 folyamatos mozg\u00e1sban van a csapattal, az edz\u00e9sek ut\u00e1n, m\u00e9rk\u0151z\u00e9sek el\u0151tt-ut\u00e1n, de van hogy el\u0151re egyeztetett id\u0151pontban tartja karban feln\u0151tt csapatunk iz\u00fcleteit, izmait!<\/p>\n","protected":false},"excerpt":{"rendered":"<p>Massz\u0151r<br \/>\nM\u00e1t\u00e9 folyamatos mozg\u00e1sban van a csapattal, az edz\u00e9sek ut\u00e1n, m\u00e9rk\u0151z\u00e9sek el\u0151tt-ut\u00e1n, de van hogy el\u0151re egyeztetett id\u0151pontban tartja karban feln\u0151tt csapatunk iz\u00fcleteit, izmait!<\/p>\n","protected":false},"author":102504,"featured_media":1187,"parent":231,"menu_order":0,"comment_status":"closed","ping_status":"closed","template":"","meta":{"_acf_changed":false,"footnotes":""},"categories":[12],"tags":[],"class_list":["post-574","page","type-page","status-publish","has-post-thumbnail","hentry","category-stab"],"acf":[],"_links":{"self":[{"href":"https:\/\/semmelweis.hu\/vizilabda\/wp-json\/wp\/v2\/pages\/574","targetHints":{"allow":["GET"]}}],"collection":[{"href":"https:\/\/semmelweis.hu\/vizilabda\/wp-json\/wp\/v2\/pages"}],"about":[{"href":"https:\/\/semmelweis.hu\/vizilabda\/wp-json\/wp\/v2\/types\/page"}],"author":[{"embeddable":true,"href":"https:\/\/semmelweis.hu\/vizilabda\/wp-json\/wp\/v2\/users\/102504"}],"replies":[{"embeddable":true,"href":"https:\/\/semmelweis.hu\/vizilabda\/wp-json\/wp\/v2\/comments?post=574"}],"version-history":[{"count":4,"href":"https:\/\/semmelweis.hu\/vizilabda\/wp-json\/wp\/v2\/pages\/574\/revisions"}],"predecessor-version":[{"id":800,"href":"https:\/\/semmelweis.hu\/vizilabda\/wp-json\/wp\/v2\/pages\/574\/revisions\/800"}],"up":[{"embeddable":true,"href":"https:\/\/semmelweis.hu\/vizilabda\/wp-json\/wp\/v2\/pages\/231"}],"wp:featuredmedia":[{"embeddable":true,"href":"https:\/\/semmelweis.hu\/vizilabda\/wp-json\/wp\/v2\/media\/1187"}],"wp:attachment":[{"href":"https:\/\/semmelweis.hu\/vizilabda\/wp-json\/wp\/v2\/media?parent=574"}],"wp:term":[{"taxonomy":"category","embeddable":true,"href":"https:\/\/semmelweis.hu\/vizilabda\/wp-json\/wp\/v2\/categories?post=574"},{"taxonomy":"post_tag","embeddable":true,"href":"https:\/\/semmelweis.hu\/vizilabda\/wp-json\/wp\/v2\/tags?post=574"}],"curies":[{"name":"wp","href":"https:\/\/api.w.org\/{rel}","templated":true}]}}