{"id":498,"date":"2025-06-26T10:08:03","date_gmt":"2025-06-26T08:08:03","guid":{"rendered":"https:\/\/semmelweis.hu\/vizilabda\/?page_id=498"},"modified":"2025-10-27T09:39:03","modified_gmt":"2025-10-27T08:39:03","slug":"toth-marton","status":"publish","type":"page","link":"https:\/\/semmelweis.hu\/vizilabda\/a-csapat\/ob1\/toth-marton\/","title":{"rendered":"T\u00f3th M\u00e1rton"},"content":{"rendered":"<h5>\u00dcgyvezet\u0151<\/h5>\n<p>Marci a KSI-ben kezdte a v\u00edzilabda p\u00e1lyafut\u00e1s\u00e1t, de j\u00e1tszott a Vasas, a Ferencv\u00e1ros, a Honv\u00e9d, a Szolnok, Olaszorsz\u00e1gban pedig a Posillipo egy\u00fcttes\u00e9ben is. Az OSC-be 2016 ut\u00e1n \u00e9rkezett j\u00e1t\u00e9kosk\u00e9nt, ahol munkab\u00edr\u00e1s\u00e1nak \u00e9s al\u00e1zatos j\u00e1t\u00e9k\u00e1nak k\u00f6sz\u00f6nhet\u0151en vez\u00e9regy\u00e9nis\u00e9gg\u00e9, csapatkapit\u00e1nny\u00e1 k\u00fczd\u00f6tte fel mag\u00e1t 2023-as visszavonul\u00e1s\u00e1ig. A 24\/25-\u00f6s szezonban csapatmenedzserk\u00e9nt tev\u00e9kenykedett, id\u00e9n pedig a Semmelweis Egyetem felk\u00e9r\u00e9s\u00e9t elfogadva a Semmelweis OSC Kft. \u00fcgyvezet\u0151je lett.<\/p>\n","protected":false},"excerpt":{"rendered":"<p>\u00dcgyvezet\u0151 Marci a KSI-ben kezdte a v\u00edzilabda p\u00e1lyafut\u00e1s\u00e1t, de j\u00e1tszott a Vasas, a Ferencv\u00e1ros, a Honv\u00e9d, a Szolnok, Olaszorsz\u00e1gban pedig a Posillipo egy\u00fcttes\u00e9ben is. Az OSC-be 2016 ut\u00e1n \u00e9rkezett j\u00e1t\u00e9kosk\u00e9nt, ahol munkab\u00edr\u00e1s\u00e1nak \u00e9s al\u00e1zatos j\u00e1t\u00e9k\u00e1nak k\u00f6sz\u00f6nhet\u0151en vez\u00e9regy\u00e9nis\u00e9gg\u00e9, csapatkapit\u00e1nny\u00e1 k\u00fczd\u00f6tte fel mag\u00e1t 2023-as visszavonul\u00e1s\u00e1ig. A 24\/25-\u00f6s szezonban csapatmenedzserk\u00e9nt tev\u00e9kenykedett, id\u00e9n pedig a Semmelweis Egyetem felk\u00e9r\u00e9s\u00e9t elfogadva &hellip;<\/p>\n","protected":false},"author":102504,"featured_media":1192,"parent":231,"menu_order":0,"comment_status":"closed","ping_status":"closed","template":"","meta":{"_acf_changed":false,"footnotes":""},"categories":[12],"tags":[],"class_list":["post-498","page","type-page","status-publish","has-post-thumbnail","hentry","category-stab"],"acf":[],"_links":{"self":[{"href":"https:\/\/semmelweis.hu\/vizilabda\/wp-json\/wp\/v2\/pages\/498","targetHints":{"allow":["GET"]}}],"collection":[{"href":"https:\/\/semmelweis.hu\/vizilabda\/wp-json\/wp\/v2\/pages"}],"about":[{"href":"https:\/\/semmelweis.hu\/vizilabda\/wp-json\/wp\/v2\/types\/page"}],"author":[{"embeddable":true,"href":"https:\/\/semmelweis.hu\/vizilabda\/wp-json\/wp\/v2\/users\/102504"}],"replies":[{"embeddable":true,"href":"https:\/\/semmelweis.hu\/vizilabda\/wp-json\/wp\/v2\/comments?post=498"}],"version-history":[{"count":4,"href":"https:\/\/semmelweis.hu\/vizilabda\/wp-json\/wp\/v2\/pages\/498\/revisions"}],"predecessor-version":[{"id":1222,"href":"https:\/\/semmelweis.hu\/vizilabda\/wp-json\/wp\/v2\/pages\/498\/revisions\/1222"}],"up":[{"embeddable":true,"href":"https:\/\/semmelweis.hu\/vizilabda\/wp-json\/wp\/v2\/pages\/231"}],"wp:featuredmedia":[{"embeddable":true,"href":"https:\/\/semmelweis.hu\/vizilabda\/wp-json\/wp\/v2\/media\/1192"}],"wp:attachment":[{"href":"https:\/\/semmelweis.hu\/vizilabda\/wp-json\/wp\/v2\/media?parent=498"}],"wp:term":[{"taxonomy":"category","embeddable":true,"href":"https:\/\/semmelweis.hu\/vizilabda\/wp-json\/wp\/v2\/categories?post=498"},{"taxonomy":"post_tag","embeddable":true,"href":"https:\/\/semmelweis.hu\/vizilabda\/wp-json\/wp\/v2\/tags?post=498"}],"curies":[{"name":"wp","href":"https:\/\/api.w.org\/{rel}","templated":true}]}}