{"id":491,"date":"2025-06-26T09:55:45","date_gmt":"2025-06-26T07:55:45","guid":{"rendered":"https:\/\/semmelweis.hu\/vizilabda\/?page_id=491"},"modified":"2025-10-27T09:10:38","modified_gmt":"2025-10-27T08:10:38","slug":"bisztritsanyi-david","status":"publish","type":"page","link":"https:\/\/semmelweis.hu\/vizilabda\/a-csapat\/ob1\/bisztritsanyi-david\/","title":{"rendered":"Bisztrits\u00e1nyi D\u00e1vid"},"content":{"rendered":"<h4><strong>M\u00e1sodedz\u0151, kapusedz\u0151<\/strong><\/h4>\n<p>Bisztrits\u00e1nyi D\u00e1vid, &#8222;Bisztr\u00f3&#8221; kapusedz\u0151k\u00e9nt, m\u00e1sodedz\u0151k\u00e9nt \u00e9s az ut\u00e1np\u00f3tl\u00e1s &#8222;Serd\u00fcl\u0151 A1&#8221; csapat vezet\u0151edz\u0151jek\u00e9nt teljes\u00edt h\u00e9tr\u0151l-h\u00e9tre. D\u00e1vid hivatalosan nem vonult m\u00e9g vissza, \u00edgy k\u00f6nnyen megeshet, hogy m\u00e9g a medenc\u00e9ben is l\u00e1tjuk!<\/p>\n","protected":false},"excerpt":{"rendered":"<p>M\u00e1sodedz\u0151, kapusedz\u0151<br \/>\nBisztrits\u00e1nyi D\u00e1vid, &#8222;Bisztr\u00f3&#8221; kapusedz\u0151k\u00e9nt, m\u00e1sodedz\u0151k\u00e9nt \u00e9s az ut\u00e1np\u00f3tl\u00e1s &#8222;Serd\u00fcl\u0151 A1&#8221; csapat vezet\u0151edz\u0151jek\u00e9nt teljes\u00edt h\u00e9tr\u0151l-h\u00e9tre. D\u00e1vid hivatalosan nem vonult m\u00e9g vissza, \u00edgy k\u00f6nnyen megeshet, hogy m\u00e9g a medenc\u00e9ben is l\u00e1tjuk!<\/p>\n","protected":false},"author":102504,"featured_media":1174,"parent":231,"menu_order":0,"comment_status":"closed","ping_status":"closed","template":"","meta":{"_acf_changed":false,"footnotes":""},"categories":[12],"tags":[],"class_list":["post-491","page","type-page","status-publish","has-post-thumbnail","hentry","category-stab"],"acf":[],"_links":{"self":[{"href":"https:\/\/semmelweis.hu\/vizilabda\/wp-json\/wp\/v2\/pages\/491","targetHints":{"allow":["GET"]}}],"collection":[{"href":"https:\/\/semmelweis.hu\/vizilabda\/wp-json\/wp\/v2\/pages"}],"about":[{"href":"https:\/\/semmelweis.hu\/vizilabda\/wp-json\/wp\/v2\/types\/page"}],"author":[{"embeddable":true,"href":"https:\/\/semmelweis.hu\/vizilabda\/wp-json\/wp\/v2\/users\/102504"}],"replies":[{"embeddable":true,"href":"https:\/\/semmelweis.hu\/vizilabda\/wp-json\/wp\/v2\/comments?post=491"}],"version-history":[{"count":5,"href":"https:\/\/semmelweis.hu\/vizilabda\/wp-json\/wp\/v2\/pages\/491\/revisions"}],"predecessor-version":[{"id":689,"href":"https:\/\/semmelweis.hu\/vizilabda\/wp-json\/wp\/v2\/pages\/491\/revisions\/689"}],"up":[{"embeddable":true,"href":"https:\/\/semmelweis.hu\/vizilabda\/wp-json\/wp\/v2\/pages\/231"}],"wp:featuredmedia":[{"embeddable":true,"href":"https:\/\/semmelweis.hu\/vizilabda\/wp-json\/wp\/v2\/media\/1174"}],"wp:attachment":[{"href":"https:\/\/semmelweis.hu\/vizilabda\/wp-json\/wp\/v2\/media?parent=491"}],"wp:term":[{"taxonomy":"category","embeddable":true,"href":"https:\/\/semmelweis.hu\/vizilabda\/wp-json\/wp\/v2\/categories?post=491"},{"taxonomy":"post_tag","embeddable":true,"href":"https:\/\/semmelweis.hu\/vizilabda\/wp-json\/wp\/v2\/tags?post=491"}],"curies":[{"name":"wp","href":"https:\/\/api.w.org\/{rel}","templated":true}]}}