{"id":489,"date":"2025-06-26T09:55:10","date_gmt":"2025-06-26T07:55:10","guid":{"rendered":"https:\/\/semmelweis.hu\/vizilabda\/?page_id=489"},"modified":"2025-10-27T09:08:29","modified_gmt":"2025-10-27T08:08:29","slug":"balazs-miklos","status":"publish","type":"page","link":"https:\/\/semmelweis.hu\/vizilabda\/a-csapat\/ob1\/balazs-miklos\/","title":{"rendered":"Bal\u00e1zs Mikl\u00f3s"},"content":{"rendered":"<h4><strong>Vide\u00f3elemz\u0151<\/strong><\/h4>\n<p>Bal\u00e1zs Mikl\u00f3s a ut\u00e1np\u00f3tl\u00e1s csapataink szervez\u00e9se, illetve az Orsz\u00e1gos Gyermek A1 csapat vezet\u0151edz\u0151s\u00e9ge mellett csapatunk vide\u00f3 elemz\u0151je, Bisztrits\u00e1nyi D\u00e1viddal k\u00f6z\u00f6sen adnak tan\u00e1csokat T\u00f3th L\u00e1szl\u00f3 vezet\u0151edz\u0151nek. F\u0151 feladata a m\u00e9rk\u0151z\u00e9sek szakmai alap\u00fa r\u00f6gz\u00edt\u00e9se \u00e9s feldolgoz\u00e1sa.<\/p>\n","protected":false},"excerpt":{"rendered":"<p>Vide\u00f3elemz\u0151<br \/>\nBal\u00e1zs Mikl\u00f3s a ut\u00e1np\u00f3tl\u00e1s csapataink szervez\u00e9se, illetve az Orsz\u00e1gos Gyermek A1 csapat vezet\u0151edz\u0151s\u00e9ge mellett csapatunk vide\u00f3 elemz\u0151je, Bisztrits\u00e1nyi D\u00e1viddal k\u00f6z\u00f6sen adnak tan\u00e1csokat T\u00f3th L\u00e1szl\u00f3 vezet\u0151edz\u0151nek. F\u0151 feladata a m\u00e9rk\u0151z\u00e9sek szakmai alap\u00fa r\u00f6gz\u00edt\u00e9se \u00e9s feldolgoz\u00e1sa.<\/p>\n","protected":false},"author":102504,"featured_media":1172,"parent":231,"menu_order":0,"comment_status":"closed","ping_status":"closed","template":"","meta":{"_acf_changed":false,"footnotes":""},"categories":[12],"tags":[],"class_list":["post-489","page","type-page","status-publish","has-post-thumbnail","hentry","category-stab"],"acf":[],"_links":{"self":[{"href":"https:\/\/semmelweis.hu\/vizilabda\/wp-json\/wp\/v2\/pages\/489","targetHints":{"allow":["GET"]}}],"collection":[{"href":"https:\/\/semmelweis.hu\/vizilabda\/wp-json\/wp\/v2\/pages"}],"about":[{"href":"https:\/\/semmelweis.hu\/vizilabda\/wp-json\/wp\/v2\/types\/page"}],"author":[{"embeddable":true,"href":"https:\/\/semmelweis.hu\/vizilabda\/wp-json\/wp\/v2\/users\/102504"}],"replies":[{"embeddable":true,"href":"https:\/\/semmelweis.hu\/vizilabda\/wp-json\/wp\/v2\/comments?post=489"}],"version-history":[{"count":8,"href":"https:\/\/semmelweis.hu\/vizilabda\/wp-json\/wp\/v2\/pages\/489\/revisions"}],"predecessor-version":[{"id":1169,"href":"https:\/\/semmelweis.hu\/vizilabda\/wp-json\/wp\/v2\/pages\/489\/revisions\/1169"}],"up":[{"embeddable":true,"href":"https:\/\/semmelweis.hu\/vizilabda\/wp-json\/wp\/v2\/pages\/231"}],"wp:featuredmedia":[{"embeddable":true,"href":"https:\/\/semmelweis.hu\/vizilabda\/wp-json\/wp\/v2\/media\/1172"}],"wp:attachment":[{"href":"https:\/\/semmelweis.hu\/vizilabda\/wp-json\/wp\/v2\/media?parent=489"}],"wp:term":[{"taxonomy":"category","embeddable":true,"href":"https:\/\/semmelweis.hu\/vizilabda\/wp-json\/wp\/v2\/categories?post=489"},{"taxonomy":"post_tag","embeddable":true,"href":"https:\/\/semmelweis.hu\/vizilabda\/wp-json\/wp\/v2\/tags?post=489"}],"curies":[{"name":"wp","href":"https:\/\/api.w.org\/{rel}","templated":true}]}}