{"id":485,"date":"2025-06-26T09:55:54","date_gmt":"2025-06-26T07:55:54","guid":{"rendered":"https:\/\/semmelweis.hu\/vizilabda\/?page_id=485"},"modified":"2025-10-27T09:14:59","modified_gmt":"2025-10-27T08:14:59","slug":"fridvalszki-marcell","status":"publish","type":"page","link":"https:\/\/semmelweis.hu\/vizilabda\/a-csapat\/ob1\/fridvalszki-marcell\/","title":{"rendered":"Fridvalszki Marcell"},"content":{"rendered":"<h4><strong>Er\u0151nl\u00e9ti edz\u0151<\/strong><\/h4>\n<p>Fridvalszki Marcell az OB I-es feln\u0151tt csapat er\u0151nl\u00e9ti edz\u0151jek\u00e9nt \u00e1tfog\u00f3 szakmai feladatk\u00f6rt l\u00e1t el, amely mag\u00e1ban foglalja a sportol\u00f3k fizikai felk\u00e9sz\u00edt\u00e9s\u00e9t mind a sz\u00e1razf\u00f6ldi, mind a v\u00edzi k\u00f6zegben zajl\u00f3 edz\u00e9sek keret\u00e9ben. Feladatk\u00f6re kiterjed tov\u00e1bb\u00e1 az Orsz\u00e1gos Serd\u00fcl\u0151 A1, valamint az Ifj\u00fas\u00e1gi A1 koroszt\u00e1lyos csapatok sz\u00e1razf\u00f6ldi er\u0151nl\u00e9ti felk\u00e9sz\u00edt\u00e9s\u00e9nek tervez\u00e9s\u00e9re \u00e9s v\u00e9grehajt\u00e1s\u00e1ra is.\u00a0<\/p>\n","protected":false},"excerpt":{"rendered":"<p>Er\u0151nl\u00e9ti edz\u0151<br \/>\nFridvalszki Marcell az OB I-es feln\u0151tt csapat er\u0151nl\u00e9ti edz\u0151jek\u00e9nt \u00e1tfog\u00f3 szakmai feladatk\u00f6rt l\u00e1t el, amely mag\u00e1ban foglalja a sportol\u00f3k fizikai felk\u00e9sz\u00edt\u00e9s\u00e9t mind a sz\u00e1razf\u00f6ldi, mind a v\u00edzi k\u00f6zegben zajl\u00f3 edz\u00e9sek keret\u00e9ben. Feladatk\u00f6re kiterjed tov\u00e1bb\u00e1 az Orsz\u00e1gos Serd\u00fcl\u0151 A1, valamint az Ifj\u00fas\u00e1gi A1 koroszt\u00e1lyos csapatok sz\u00e1razf\u00f6ldi er\u0151nl\u00e9ti felk\u00e9sz\u00edt\u00e9s\u00e9nek tervez\u00e9s\u00e9re \u00e9s v\u00e9grehajt\u00e1s\u00e1ra is.\u00a0<\/p>\n","protected":false},"author":102504,"featured_media":1176,"parent":231,"menu_order":0,"comment_status":"closed","ping_status":"closed","template":"","meta":{"_acf_changed":false,"footnotes":""},"categories":[12],"tags":[],"class_list":["post-485","page","type-page","status-publish","has-post-thumbnail","hentry","category-stab"],"acf":[],"_links":{"self":[{"href":"https:\/\/semmelweis.hu\/vizilabda\/wp-json\/wp\/v2\/pages\/485","targetHints":{"allow":["GET"]}}],"collection":[{"href":"https:\/\/semmelweis.hu\/vizilabda\/wp-json\/wp\/v2\/pages"}],"about":[{"href":"https:\/\/semmelweis.hu\/vizilabda\/wp-json\/wp\/v2\/types\/page"}],"author":[{"embeddable":true,"href":"https:\/\/semmelweis.hu\/vizilabda\/wp-json\/wp\/v2\/users\/102504"}],"replies":[{"embeddable":true,"href":"https:\/\/semmelweis.hu\/vizilabda\/wp-json\/wp\/v2\/comments?post=485"}],"version-history":[{"count":5,"href":"https:\/\/semmelweis.hu\/vizilabda\/wp-json\/wp\/v2\/pages\/485\/revisions"}],"predecessor-version":[{"id":1200,"href":"https:\/\/semmelweis.hu\/vizilabda\/wp-json\/wp\/v2\/pages\/485\/revisions\/1200"}],"up":[{"embeddable":true,"href":"https:\/\/semmelweis.hu\/vizilabda\/wp-json\/wp\/v2\/pages\/231"}],"wp:featuredmedia":[{"embeddable":true,"href":"https:\/\/semmelweis.hu\/vizilabda\/wp-json\/wp\/v2\/media\/1176"}],"wp:attachment":[{"href":"https:\/\/semmelweis.hu\/vizilabda\/wp-json\/wp\/v2\/media?parent=485"}],"wp:term":[{"taxonomy":"category","embeddable":true,"href":"https:\/\/semmelweis.hu\/vizilabda\/wp-json\/wp\/v2\/categories?post=485"},{"taxonomy":"post_tag","embeddable":true,"href":"https:\/\/semmelweis.hu\/vizilabda\/wp-json\/wp\/v2\/tags?post=485"}],"curies":[{"name":"wp","href":"https:\/\/api.w.org\/{rel}","templated":true}]}}