{"id":483,"date":"2025-06-26T09:56:10","date_gmt":"2025-06-26T07:56:10","guid":{"rendered":"https:\/\/semmelweis.hu\/vizilabda\/?page_id=483"},"modified":"2025-11-25T14:15:09","modified_gmt":"2025-11-25T13:15:09","slug":"konya-ferenc","status":"publish","type":"page","link":"https:\/\/semmelweis.hu\/vizilabda\/a-csapat\/ob1\/konya-ferenc\/","title":{"rendered":"K\u00f3nya Ferenc"},"content":{"rendered":"<h4>Kommunik\u00e1ci\u00f3 \u00e9s marketing koordin\u00e1tor<\/h4>\n<p>Az eg\u00e9sz klub kommunik\u00e1ci\u00f3j\u00e1nak m\u0171k\u00f6dtet\u00e9se, bele\u00e9rtve a n\u0151i \u00e9s az ut\u00e1np\u00f3tl\u00e1s \u00e1gazatokat is. Feladatai k\u00f6z\u00e9 tartozik a social m\u00e9dia fel\u00fcletek \u00e9s a weboldal kezel\u00e9se, m\u00e9rk\u0151z\u00e9s fot\u00f3z\u00e1s, sajt\u00f3t\u00e1j\u00e9koztat\u00f3 lebonyol\u00edt\u00e1sa, az egyetemmel \u00e9s a szurkol\u00f3kkal val\u00f3 kommunik\u00e1ci\u00f3 mind a feln\u0151tt, mind az ut\u00e1np\u00f3tl\u00e1s tekintet\u00e9ben. Emellett a feln\u0151tt csapat melletti akt\u00edv tev\u00e9kenys\u00e9g, szponzorok keres\u00e9se, edz\u0151ink \u00e9s a csapat technikai m\u0171k\u00f6d\u00e9s\u00e9nek seg\u00edt\u00e9se.<\/p>\n","protected":false},"excerpt":{"rendered":"<p>Kommunik\u00e1ci\u00f3 \u00e9s marketing koordin\u00e1tor Az eg\u00e9sz klub kommunik\u00e1ci\u00f3j\u00e1nak m\u0171k\u00f6dtet\u00e9se, bele\u00e9rtve a n\u0151i \u00e9s az ut\u00e1np\u00f3tl\u00e1s \u00e1gazatokat is. Feladatai k\u00f6z\u00e9 tartozik a social m\u00e9dia fel\u00fcletek \u00e9s a weboldal kezel\u00e9se, m\u00e9rk\u0151z\u00e9s fot\u00f3z\u00e1s, sajt\u00f3t\u00e1j\u00e9koztat\u00f3 lebonyol\u00edt\u00e1sa, az egyetemmel \u00e9s a szurkol\u00f3kkal val\u00f3 kommunik\u00e1ci\u00f3 mind a feln\u0151tt, mind az ut\u00e1np\u00f3tl\u00e1s tekintet\u00e9ben. Emellett a feln\u0151tt csapat melletti akt\u00edv tev\u00e9kenys\u00e9g, szponzorok keres\u00e9se, &hellip;<\/p>\n","protected":false},"author":102504,"featured_media":1183,"parent":231,"menu_order":0,"comment_status":"closed","ping_status":"closed","template":"","meta":{"_acf_changed":false,"footnotes":""},"categories":[12],"tags":[],"class_list":["post-483","page","type-page","status-publish","has-post-thumbnail","hentry","category-stab"],"acf":[],"_links":{"self":[{"href":"https:\/\/semmelweis.hu\/vizilabda\/wp-json\/wp\/v2\/pages\/483","targetHints":{"allow":["GET"]}}],"collection":[{"href":"https:\/\/semmelweis.hu\/vizilabda\/wp-json\/wp\/v2\/pages"}],"about":[{"href":"https:\/\/semmelweis.hu\/vizilabda\/wp-json\/wp\/v2\/types\/page"}],"author":[{"embeddable":true,"href":"https:\/\/semmelweis.hu\/vizilabda\/wp-json\/wp\/v2\/users\/102504"}],"replies":[{"embeddable":true,"href":"https:\/\/semmelweis.hu\/vizilabda\/wp-json\/wp\/v2\/comments?post=483"}],"version-history":[{"count":6,"href":"https:\/\/semmelweis.hu\/vizilabda\/wp-json\/wp\/v2\/pages\/483\/revisions"}],"predecessor-version":[{"id":1518,"href":"https:\/\/semmelweis.hu\/vizilabda\/wp-json\/wp\/v2\/pages\/483\/revisions\/1518"}],"up":[{"embeddable":true,"href":"https:\/\/semmelweis.hu\/vizilabda\/wp-json\/wp\/v2\/pages\/231"}],"wp:featuredmedia":[{"embeddable":true,"href":"https:\/\/semmelweis.hu\/vizilabda\/wp-json\/wp\/v2\/media\/1183"}],"wp:attachment":[{"href":"https:\/\/semmelweis.hu\/vizilabda\/wp-json\/wp\/v2\/media?parent=483"}],"wp:term":[{"taxonomy":"category","embeddable":true,"href":"https:\/\/semmelweis.hu\/vizilabda\/wp-json\/wp\/v2\/categories?post=483"},{"taxonomy":"post_tag","embeddable":true,"href":"https:\/\/semmelweis.hu\/vizilabda\/wp-json\/wp\/v2\/tags?post=483"}],"curies":[{"name":"wp","href":"https:\/\/api.w.org\/{rel}","templated":true}]}}