{"id":481,"date":"2025-06-26T09:55:28","date_gmt":"2025-06-26T07:55:28","guid":{"rendered":"https:\/\/semmelweis.hu\/vizilabda\/?page_id=481"},"modified":"2025-10-27T09:10:00","modified_gmt":"2025-10-27T08:10:00","slug":"balogh-bottlik-emese","status":"publish","type":"page","link":"https:\/\/semmelweis.hu\/vizilabda\/a-csapat\/ob1\/balogh-bottlik-emese\/","title":{"rendered":"Balogh-Bottlik Emese"},"content":{"rendered":"<p>Gy\u00f3gytorn\u00e1sz, sportrehabilit\u00e1ci\u00f3s tr\u00e9ner<\/p>\n<p>&nbsp;<\/p>\n<p>Balogh-Bottlik Emese gy\u00f3gytorn\u00e1sz feladata, hogy j\u00e1t\u00e9kosainkat seg\u00edtse a s\u00e9r\u00fcl\u00e9sek megel\u0151z\u00e9s\u00e9ben, illetve a s\u00e9r\u00fclt j\u00e1t\u00e9kosok rehabilit\u00e1ci\u00f3ja. Emese az ut\u00e1np\u00f3tl\u00e1s csapatokn\u00e1l is sportrehabilit\u00e1ci\u00f3s tr\u00e9nerk\u00e9nt dolgozik, eduk\u00e1lja a fiatal j\u00e1t\u00e9kosainkat.<\/p>\n","protected":false},"excerpt":{"rendered":"<p>Gy\u00f3gytorn\u00e1sz, sportrehabilit\u00e1ci\u00f3s tr\u00e9ner<br \/>\n&nbsp;<br \/>\nBalogh-Bottlik Emese gy\u00f3gytorn\u00e1sz feladata, hogy j\u00e1t\u00e9kosainkat seg\u00edtse a s\u00e9r\u00fcl\u00e9sek megel\u0151z\u00e9s\u00e9ben, illetve a s\u00e9r\u00fclt j\u00e1t\u00e9kosok rehabilit\u00e1ci\u00f3ja. Emese az ut\u00e1np\u00f3tl\u00e1s csapatokn\u00e1l is sportrehabilit\u00e1ci\u00f3s tr\u00e9nerk\u00e9nt dolgozik, eduk\u00e1lja a fiatal j\u00e1t\u00e9kosainkat.<\/p>\n","protected":false},"author":102504,"featured_media":1173,"parent":231,"menu_order":0,"comment_status":"closed","ping_status":"closed","template":"","meta":{"_acf_changed":false,"footnotes":""},"categories":[12],"tags":[],"class_list":["post-481","page","type-page","status-publish","has-post-thumbnail","hentry","category-stab"],"acf":[],"_links":{"self":[{"href":"https:\/\/semmelweis.hu\/vizilabda\/wp-json\/wp\/v2\/pages\/481","targetHints":{"allow":["GET"]}}],"collection":[{"href":"https:\/\/semmelweis.hu\/vizilabda\/wp-json\/wp\/v2\/pages"}],"about":[{"href":"https:\/\/semmelweis.hu\/vizilabda\/wp-json\/wp\/v2\/types\/page"}],"author":[{"embeddable":true,"href":"https:\/\/semmelweis.hu\/vizilabda\/wp-json\/wp\/v2\/users\/102504"}],"replies":[{"embeddable":true,"href":"https:\/\/semmelweis.hu\/vizilabda\/wp-json\/wp\/v2\/comments?post=481"}],"version-history":[{"count":4,"href":"https:\/\/semmelweis.hu\/vizilabda\/wp-json\/wp\/v2\/pages\/481\/revisions"}],"predecessor-version":[{"id":693,"href":"https:\/\/semmelweis.hu\/vizilabda\/wp-json\/wp\/v2\/pages\/481\/revisions\/693"}],"up":[{"embeddable":true,"href":"https:\/\/semmelweis.hu\/vizilabda\/wp-json\/wp\/v2\/pages\/231"}],"wp:featuredmedia":[{"embeddable":true,"href":"https:\/\/semmelweis.hu\/vizilabda\/wp-json\/wp\/v2\/media\/1173"}],"wp:attachment":[{"href":"https:\/\/semmelweis.hu\/vizilabda\/wp-json\/wp\/v2\/media?parent=481"}],"wp:term":[{"taxonomy":"category","embeddable":true,"href":"https:\/\/semmelweis.hu\/vizilabda\/wp-json\/wp\/v2\/categories?post=481"},{"taxonomy":"post_tag","embeddable":true,"href":"https:\/\/semmelweis.hu\/vizilabda\/wp-json\/wp\/v2\/tags?post=481"}],"curies":[{"name":"wp","href":"https:\/\/api.w.org\/{rel}","templated":true}]}}