{"id":386,"date":"2025-06-19T07:58:42","date_gmt":"2025-06-19T05:58:42","guid":{"rendered":"https:\/\/semmelweis.hu\/vizilabda\/?page_id=386"},"modified":"2025-07-01T13:32:38","modified_gmt":"2025-07-01T11:32:38","slug":"budapest-felnott","status":"publish","type":"page","link":"https:\/\/semmelweis.hu\/vizilabda\/a-csapat\/budapest-felnott\/","title":{"rendered":"Budapest Feln\u0151tt"},"content":{"rendered":"<div class=\"keretes w-100\">\n<p>A Budapest Bajnoks\u00e1gban k\u00fczd\u0151 feln\u0151tt csapatunk az ut\u00e1np\u00f3tl\u00e1sunkb\u00f3l \u00e9s bar\u00e1ti t\u00e1rsas\u00e1gukb\u00f3l alakult! A 24\/25-\u00f6s szezonban a k\u00f6z\u00e9pmez\u0151nyben &#8211; a 12. helyen v\u00e9geztek a 22 csapatos bajnoks\u00e1gban.<\/p>\n<\/div>\n<h4><strong>J\u00e1t\u00e9kosok:<\/strong><\/h4>\n<ul>\n<li>Dr Fekete Zsolt<\/li>\n<li>Egressy Istv\u00e1n<\/li>\n<li>G\u00e1l Imre<\/li>\n<li>Galyas Oliv\u00e9r<\/li>\n<li>Gebe Zolt\u00e1n<\/li>\n<li>Habi Csaba<\/li>\n<li>Ill\u00e9s J\u00e1nos<\/li>\n<li>J\u00e1nossa Tam\u00e1s<\/li>\n<li>Joko Norbert<\/li>\n<li>Kercsm\u00e1r Andr\u00e1s S\u00e1ndor<\/li>\n<li>Kevi Tam\u00e1s<\/li>\n<li>Kormos Marcell<\/li>\n<li>Kun Kriszti\u00e1n Dr.<\/li>\n<li>Lakner L\u00e1szl\u00f3<\/li>\n<li>M\u00e1dai Istv\u00e1n<\/li>\n<li>Puhr \u00c1d\u00e1m<\/li>\n<li>R\u00e1ski M\u00e1t\u00e9<\/li>\n<li>Sebesty\u00e9n Bal\u00e1zs<\/li>\n<li>T\u00f3th \u00c1d\u00e1m<\/li>\n<li>Veres G\u00e1bor<\/li>\n<\/ul>\n","protected":false},"excerpt":{"rendered":"<p>A Budapest Bajnoks\u00e1gban k\u00fczd\u0151 feln\u0151tt csapatunk az ut\u00e1np\u00f3tl\u00e1sunkb\u00f3l \u00e9s bar\u00e1ti t\u00e1rsas\u00e1gukb\u00f3l alakult! A 24\/25-\u00f6s szezonban a k\u00f6z\u00e9pmez\u0151nyben &#8211; a 12. helyen v\u00e9geztek a 22 csapatos bajnoks\u00e1gban. J\u00e1t\u00e9kosok: Dr Fekete Zsolt Egressy Istv\u00e1n G\u00e1l Imre Galyas Oliv\u00e9r Gebe Zolt\u00e1n Habi Csaba Ill\u00e9s J\u00e1nos J\u00e1nossa Tam\u00e1s Joko Norbert Kercsm\u00e1r Andr\u00e1s S\u00e1ndor Kevi Tam\u00e1s Kormos Marcell Kun Kriszti\u00e1n &hellip;<\/p>\n","protected":false},"author":102504,"featured_media":0,"parent":13,"menu_order":6,"comment_status":"closed","ping_status":"closed","template":"template-fullwidth.php","meta":{"_acf_changed":false,"footnotes":""},"categories":[6],"tags":[],"class_list":["post-386","page","type-page","status-publish","hentry","category-csapataink"],"acf":[],"_links":{"self":[{"href":"https:\/\/semmelweis.hu\/vizilabda\/wp-json\/wp\/v2\/pages\/386","targetHints":{"allow":["GET"]}}],"collection":[{"href":"https:\/\/semmelweis.hu\/vizilabda\/wp-json\/wp\/v2\/pages"}],"about":[{"href":"https:\/\/semmelweis.hu\/vizilabda\/wp-json\/wp\/v2\/types\/page"}],"author":[{"embeddable":true,"href":"https:\/\/semmelweis.hu\/vizilabda\/wp-json\/wp\/v2\/users\/102504"}],"replies":[{"embeddable":true,"href":"https:\/\/semmelweis.hu\/vizilabda\/wp-json\/wp\/v2\/comments?post=386"}],"version-history":[{"count":6,"href":"https:\/\/semmelweis.hu\/vizilabda\/wp-json\/wp\/v2\/pages\/386\/revisions"}],"predecessor-version":[{"id":656,"href":"https:\/\/semmelweis.hu\/vizilabda\/wp-json\/wp\/v2\/pages\/386\/revisions\/656"}],"up":[{"embeddable":true,"href":"https:\/\/semmelweis.hu\/vizilabda\/wp-json\/wp\/v2\/pages\/13"}],"wp:attachment":[{"href":"https:\/\/semmelweis.hu\/vizilabda\/wp-json\/wp\/v2\/media?parent=386"}],"wp:term":[{"taxonomy":"category","embeddable":true,"href":"https:\/\/semmelweis.hu\/vizilabda\/wp-json\/wp\/v2\/categories?post=386"},{"taxonomy":"post_tag","embeddable":true,"href":"https:\/\/semmelweis.hu\/vizilabda\/wp-json\/wp\/v2\/tags?post=386"}],"curies":[{"name":"wp","href":"https:\/\/api.w.org\/{rel}","templated":true}]}}