{"id":382,"date":"2025-06-19T07:12:47","date_gmt":"2025-06-19T05:12:47","guid":{"rendered":"https:\/\/semmelweis.hu\/vizilabda\/?page_id=382"},"modified":"2025-10-27T09:37:02","modified_gmt":"2025-10-27T08:37:02","slug":"torok-botond","status":"publish","type":"page","link":"https:\/\/semmelweis.hu\/vizilabda\/a-csapat\/ob1\/torok-botond\/","title":{"rendered":"T\u00f6r\u00f6k Botond"},"content":{"rendered":"<p><strong>Sapkasz\u00e1m: <\/strong>14<br \/>\n<strong>Poz\u00edci\u00f3:<\/strong> Kap\u00e1s sz\u00e9ls\u0151<br \/>\n<strong>Kor:<\/strong> 18 \u00e9v<br \/>\n<strong>Becen\u00e9v:<\/strong> Boti<br \/>\n<strong>Magass\u00e1g:<\/strong> 186 cm<br \/>\n<strong>S\u00faly:<\/strong> 86 kg<br \/>\n<strong>Hobbi:<\/strong> tanul\u00e1s \ud83d\ude0a<br \/>\n<strong>Tr\u00f3fea gy\u0171jtem\u00e9ny:<\/strong><\/p>\n<ul>\n<li>Magyar bajnoki ez\u00fcst\u00e9rem<\/li>\n<li>2x Magyar bajnoki bronz\u00e9rem<\/li>\n<li>Magyar kupa 3. hely<\/li>\n<\/ul>\n","protected":false},"excerpt":{"rendered":"<p>Sapkasz\u00e1m: 14<br \/>\nPoz\u00edci\u00f3: Kap\u00e1s sz\u00e9ls\u0151<br \/>\nKor: 18 \u00e9v<br \/>\nBecen\u00e9v: Boti<br \/>\nMagass\u00e1g: 186 cm<br \/>\nS\u00faly: 86 kg<br \/>\nHobbi: tanul\u00e1s \ud83d\ude0a<br \/>\nTr\u00f3fea gy\u0171jtem\u00e9ny:<\/p>\n<p>Magyar bajnoki ez\u00fcst\u00e9rem<br \/>\n2x Magyar bajnoki bronz\u00e9rem<br \/>\nMagyar kupa 3. hely<\/p>\n","protected":false},"author":102504,"featured_media":1193,"parent":231,"menu_order":0,"comment_status":"closed","ping_status":"closed","template":"","meta":{"_acf_changed":false,"footnotes":""},"categories":[7],"tags":[],"class_list":["post-382","page","type-page","status-publish","has-post-thumbnail","hentry","category-jatekosok"],"acf":[],"_links":{"self":[{"href":"https:\/\/semmelweis.hu\/vizilabda\/wp-json\/wp\/v2\/pages\/382","targetHints":{"allow":["GET"]}}],"collection":[{"href":"https:\/\/semmelweis.hu\/vizilabda\/wp-json\/wp\/v2\/pages"}],"about":[{"href":"https:\/\/semmelweis.hu\/vizilabda\/wp-json\/wp\/v2\/types\/page"}],"author":[{"embeddable":true,"href":"https:\/\/semmelweis.hu\/vizilabda\/wp-json\/wp\/v2\/users\/102504"}],"replies":[{"embeddable":true,"href":"https:\/\/semmelweis.hu\/vizilabda\/wp-json\/wp\/v2\/comments?post=382"}],"version-history":[{"count":6,"href":"https:\/\/semmelweis.hu\/vizilabda\/wp-json\/wp\/v2\/pages\/382\/revisions"}],"predecessor-version":[{"id":1220,"href":"https:\/\/semmelweis.hu\/vizilabda\/wp-json\/wp\/v2\/pages\/382\/revisions\/1220"}],"up":[{"embeddable":true,"href":"https:\/\/semmelweis.hu\/vizilabda\/wp-json\/wp\/v2\/pages\/231"}],"wp:featuredmedia":[{"embeddable":true,"href":"https:\/\/semmelweis.hu\/vizilabda\/wp-json\/wp\/v2\/media\/1193"}],"wp:attachment":[{"href":"https:\/\/semmelweis.hu\/vizilabda\/wp-json\/wp\/v2\/media?parent=382"}],"wp:term":[{"taxonomy":"category","embeddable":true,"href":"https:\/\/semmelweis.hu\/vizilabda\/wp-json\/wp\/v2\/categories?post=382"},{"taxonomy":"post_tag","embeddable":true,"href":"https:\/\/semmelweis.hu\/vizilabda\/wp-json\/wp\/v2\/tags?post=382"}],"curies":[{"name":"wp","href":"https:\/\/api.w.org\/{rel}","templated":true}]}}