{"id":378,"date":"2025-06-19T07:11:17","date_gmt":"2025-06-19T05:11:17","guid":{"rendered":"https:\/\/semmelweis.hu\/vizilabda\/?page_id=378"},"modified":"2025-10-27T09:37:49","modified_gmt":"2025-10-27T08:37:49","slug":"toth-kristof","status":"publish","type":"page","link":"https:\/\/semmelweis.hu\/vizilabda\/a-csapat\/ob1\/toth-kristof\/","title":{"rendered":"T\u00f3th Krist\u00f3f"},"content":{"rendered":"<p><strong>Sapkasz\u00e1m: <\/strong>11<strong><br \/>\nPoz\u00edci\u00f3:<\/strong> Center<br \/>\n<strong>Kor:<\/strong> 29 \u00e9v<br \/>\n<strong>Becen\u00e9v:<\/strong> S\u00f6ri<br \/>\n<strong>Magass\u00e1g:<\/strong> 187 cm<br \/>\n<strong>S\u00faly:<\/strong> 112 kg<br \/>\n<strong>Hobbi:<\/strong> horg\u00e1szat, vide\u00f3j\u00e1t\u00e9k<br \/>\n<strong>Tr\u00f3fea gy\u0171jtem\u00e9ny:\u00a0<\/strong><\/p>\n<ul>\n<li>Ifj\u00fas\u00e1gi Vil\u00e1gbajnok (U18)<\/li>\n<li>Eur\u00f3pa kupa 2. hely<\/li>\n<li>Magyar bajnoks\u00e1g 2. hely<\/li>\n<\/ul>\n","protected":false},"excerpt":{"rendered":"<p>Sapkasz\u00e1m: 11<br \/>\nPoz\u00edci\u00f3: Center<br \/>\nKor: 29 \u00e9v<br \/>\nBecen\u00e9v: S\u00f6ri<br \/>\nMagass\u00e1g: 187 cm<br \/>\nS\u00faly: 112 kg<br \/>\nHobbi: horg\u00e1szat, vide\u00f3j\u00e1t\u00e9k<br \/>\nTr\u00f3fea gy\u0171jtem\u00e9ny:\u00a0<\/p>\n<p>Ifj\u00fas\u00e1gi Vil\u00e1gbajnok (U18)<br \/>\nEur\u00f3pa kupa 2. hely<br \/>\nMagyar bajnoks\u00e1g 2. hely<\/p>\n","protected":false},"author":102504,"featured_media":1190,"parent":231,"menu_order":0,"comment_status":"closed","ping_status":"closed","template":"","meta":{"_acf_changed":false,"footnotes":""},"categories":[7],"tags":[],"class_list":["post-378","page","type-page","status-publish","has-post-thumbnail","hentry","category-jatekosok"],"acf":[],"_links":{"self":[{"href":"https:\/\/semmelweis.hu\/vizilabda\/wp-json\/wp\/v2\/pages\/378","targetHints":{"allow":["GET"]}}],"collection":[{"href":"https:\/\/semmelweis.hu\/vizilabda\/wp-json\/wp\/v2\/pages"}],"about":[{"href":"https:\/\/semmelweis.hu\/vizilabda\/wp-json\/wp\/v2\/types\/page"}],"author":[{"embeddable":true,"href":"https:\/\/semmelweis.hu\/vizilabda\/wp-json\/wp\/v2\/users\/102504"}],"replies":[{"embeddable":true,"href":"https:\/\/semmelweis.hu\/vizilabda\/wp-json\/wp\/v2\/comments?post=378"}],"version-history":[{"count":7,"href":"https:\/\/semmelweis.hu\/vizilabda\/wp-json\/wp\/v2\/pages\/378\/revisions"}],"predecessor-version":[{"id":1221,"href":"https:\/\/semmelweis.hu\/vizilabda\/wp-json\/wp\/v2\/pages\/378\/revisions\/1221"}],"up":[{"embeddable":true,"href":"https:\/\/semmelweis.hu\/vizilabda\/wp-json\/wp\/v2\/pages\/231"}],"wp:featuredmedia":[{"embeddable":true,"href":"https:\/\/semmelweis.hu\/vizilabda\/wp-json\/wp\/v2\/media\/1190"}],"wp:attachment":[{"href":"https:\/\/semmelweis.hu\/vizilabda\/wp-json\/wp\/v2\/media?parent=378"}],"wp:term":[{"taxonomy":"category","embeddable":true,"href":"https:\/\/semmelweis.hu\/vizilabda\/wp-json\/wp\/v2\/categories?post=378"},{"taxonomy":"post_tag","embeddable":true,"href":"https:\/\/semmelweis.hu\/vizilabda\/wp-json\/wp\/v2\/tags?post=378"}],"curies":[{"name":"wp","href":"https:\/\/api.w.org\/{rel}","templated":true}]}}