{"id":376,"date":"2025-06-19T07:11:03","date_gmt":"2025-06-19T05:11:03","guid":{"rendered":"https:\/\/semmelweis.hu\/vizilabda\/?page_id=376"},"modified":"2025-10-27T09:32:50","modified_gmt":"2025-10-27T08:32:50","slug":"simon-sebestyen","status":"publish","type":"page","link":"https:\/\/semmelweis.hu\/vizilabda\/a-csapat\/ob1\/simon-sebestyen\/","title":{"rendered":"Simon Sebesty\u00e9n"},"content":{"rendered":"<p><strong>Sapkasz\u00e1m: <\/strong>3<strong><br \/>\nPoz\u00edci\u00f3:<\/strong> Rosszk\u00e9z h\u00e1ts\u00f3<br \/>\n<strong>Kor:<\/strong> 19<br \/>\n<strong>Becen\u00e9v: <\/strong>Sebi<br \/>\n<strong>Magass\u00e1g: <\/strong>193 cm<br \/>\n<strong>S\u00faly: <\/strong>94 kg<br \/>\n<strong>Hobbi: <\/strong>Zongor\u00e1z\u00e1s<br \/>\n<strong>Tr\u00f3fea gy\u0171jtem\u00e9ny:\u00a0<\/strong><\/p>\n<ul>\n<li>U15 &#8211; Serd\u00fcl\u0151, IFI &#8211; EB gy\u0151zelem<\/li>\n<li>U16 &#8211; Vil\u00e1gbajnoki gy\u0151zelem<\/li>\n<\/ul>\n","protected":false},"excerpt":{"rendered":"<p>Sapkasz\u00e1m: 3<br \/>\nPoz\u00edci\u00f3: Rosszk\u00e9z h\u00e1ts\u00f3<br \/>\nKor: 19<br \/>\nBecen\u00e9v: Sebi<br \/>\nMagass\u00e1g: 193 cm<br \/>\nS\u00faly: 94 kg<br \/>\nHobbi: Zongor\u00e1z\u00e1s<br \/>\nTr\u00f3fea gy\u0171jtem\u00e9ny:\u00a0<\/p>\n<p>U15 &#8211; Serd\u00fcl\u0151, IFI &#8211; EB gy\u0151zelem<br \/>\nU16 &#8211; Vil\u00e1gbajnoki gy\u0151zelem<\/p>\n","protected":false},"author":102504,"featured_media":1186,"parent":231,"menu_order":0,"comment_status":"closed","ping_status":"closed","template":"","meta":{"_acf_changed":false,"footnotes":""},"categories":[7],"tags":[],"class_list":["post-376","page","type-page","status-publish","has-post-thumbnail","hentry","category-jatekosok"],"acf":[],"_links":{"self":[{"href":"https:\/\/semmelweis.hu\/vizilabda\/wp-json\/wp\/v2\/pages\/376","targetHints":{"allow":["GET"]}}],"collection":[{"href":"https:\/\/semmelweis.hu\/vizilabda\/wp-json\/wp\/v2\/pages"}],"about":[{"href":"https:\/\/semmelweis.hu\/vizilabda\/wp-json\/wp\/v2\/types\/page"}],"author":[{"embeddable":true,"href":"https:\/\/semmelweis.hu\/vizilabda\/wp-json\/wp\/v2\/users\/102504"}],"replies":[{"embeddable":true,"href":"https:\/\/semmelweis.hu\/vizilabda\/wp-json\/wp\/v2\/comments?post=376"}],"version-history":[{"count":8,"href":"https:\/\/semmelweis.hu\/vizilabda\/wp-json\/wp\/v2\/pages\/376\/revisions"}],"predecessor-version":[{"id":1218,"href":"https:\/\/semmelweis.hu\/vizilabda\/wp-json\/wp\/v2\/pages\/376\/revisions\/1218"}],"up":[{"embeddable":true,"href":"https:\/\/semmelweis.hu\/vizilabda\/wp-json\/wp\/v2\/pages\/231"}],"wp:featuredmedia":[{"embeddable":true,"href":"https:\/\/semmelweis.hu\/vizilabda\/wp-json\/wp\/v2\/media\/1186"}],"wp:attachment":[{"href":"https:\/\/semmelweis.hu\/vizilabda\/wp-json\/wp\/v2\/media?parent=376"}],"wp:term":[{"taxonomy":"category","embeddable":true,"href":"https:\/\/semmelweis.hu\/vizilabda\/wp-json\/wp\/v2\/categories?post=376"},{"taxonomy":"post_tag","embeddable":true,"href":"https:\/\/semmelweis.hu\/vizilabda\/wp-json\/wp\/v2\/tags?post=376"}],"curies":[{"name":"wp","href":"https:\/\/api.w.org\/{rel}","templated":true}]}}