{"id":374,"date":"2025-06-19T07:08:52","date_gmt":"2025-06-19T05:08:52","guid":{"rendered":"https:\/\/semmelweis.hu\/vizilabda\/?page_id=374"},"modified":"2025-10-27T09:44:18","modified_gmt":"2025-10-27T08:44:18","slug":"klar-gergely","status":"publish","type":"page","link":"https:\/\/semmelweis.hu\/vizilabda\/a-csapat\/ob1\/klar-gergely\/","title":{"rendered":"Kl\u00e1r Gergely"},"content":{"rendered":"<p><strong>Sapkasz\u00e1m:<\/strong> 6<br \/>\n<strong>Poz\u00edci\u00f3:<\/strong> Center<br \/>\n<strong>Kor:<\/strong> 22 \u00e9v<br \/>\n<strong>Becen\u00e9v:<\/strong> Kl\u00e1r G.<br \/>\n<strong>Magass\u00e1g:<\/strong> 190 cm<br \/>\nS\u00faly: 104 kg<br \/>\n<strong>Hobbi:<\/strong> Szabadid\u0151s futball, vitorl\u00e1z\u00e1s<br \/>\n<strong>Tr\u00f3fea gy\u0171jtem\u00e9ny:\u00a0<\/strong><\/p>\n<ul>\n<li>Magyar bajnok, ez\u00fcst\u00e9rmes, bronz\u00e9rem<\/li>\n<li>Ifj\u00fas\u00e1gi Eur\u00f3pa Bajnoks\u00e1g 3. hely (U19)<\/li>\n<li>4x Komj\u00e1di kupa ez\u00fcst\u00a0<\/li>\n<\/ul>\n","protected":false},"excerpt":{"rendered":"<p>Sapkasz\u00e1m: 6<br \/>\nPoz\u00edci\u00f3: Center<br \/>\nKor: 22 \u00e9v<br \/>\nBecen\u00e9v: Kl\u00e1r G.<br \/>\nMagass\u00e1g: 190 cm<br \/>\nS\u00faly: 104 kg<br \/>\nHobbi: Szabadid\u0151s futball, vitorl\u00e1z\u00e1s<br \/>\nTr\u00f3fea gy\u0171jtem\u00e9ny:\u00a0<\/p>\n<p>Magyar bajnok, ez\u00fcst\u00e9rmes, bronz\u00e9rem<br \/>\nIfj\u00fas\u00e1gi Eur\u00f3pa Bajnoks\u00e1g 3. hely (U19)<br \/>\n4x Komj\u00e1di kupa ez\u00fcst\u00a0<\/p>\n","protected":false},"author":102504,"featured_media":1182,"parent":231,"menu_order":6,"comment_status":"closed","ping_status":"closed","template":"","meta":{"_acf_changed":false,"footnotes":""},"categories":[7],"tags":[],"class_list":["post-374","page","type-page","status-publish","has-post-thumbnail","hentry","category-jatekosok"],"acf":[],"_links":{"self":[{"href":"https:\/\/semmelweis.hu\/vizilabda\/wp-json\/wp\/v2\/pages\/374","targetHints":{"allow":["GET"]}}],"collection":[{"href":"https:\/\/semmelweis.hu\/vizilabda\/wp-json\/wp\/v2\/pages"}],"about":[{"href":"https:\/\/semmelweis.hu\/vizilabda\/wp-json\/wp\/v2\/types\/page"}],"author":[{"embeddable":true,"href":"https:\/\/semmelweis.hu\/vizilabda\/wp-json\/wp\/v2\/users\/102504"}],"replies":[{"embeddable":true,"href":"https:\/\/semmelweis.hu\/vizilabda\/wp-json\/wp\/v2\/comments?post=374"}],"version-history":[{"count":6,"href":"https:\/\/semmelweis.hu\/vizilabda\/wp-json\/wp\/v2\/pages\/374\/revisions"}],"predecessor-version":[{"id":1226,"href":"https:\/\/semmelweis.hu\/vizilabda\/wp-json\/wp\/v2\/pages\/374\/revisions\/1226"}],"up":[{"embeddable":true,"href":"https:\/\/semmelweis.hu\/vizilabda\/wp-json\/wp\/v2\/pages\/231"}],"wp:featuredmedia":[{"embeddable":true,"href":"https:\/\/semmelweis.hu\/vizilabda\/wp-json\/wp\/v2\/media\/1182"}],"wp:attachment":[{"href":"https:\/\/semmelweis.hu\/vizilabda\/wp-json\/wp\/v2\/media?parent=374"}],"wp:term":[{"taxonomy":"category","embeddable":true,"href":"https:\/\/semmelweis.hu\/vizilabda\/wp-json\/wp\/v2\/categories?post=374"},{"taxonomy":"post_tag","embeddable":true,"href":"https:\/\/semmelweis.hu\/vizilabda\/wp-json\/wp\/v2\/tags?post=374"}],"curies":[{"name":"wp","href":"https:\/\/api.w.org\/{rel}","templated":true}]}}