{"id":372,"date":"2025-06-19T07:08:12","date_gmt":"2025-06-19T05:08:12","guid":{"rendered":"https:\/\/semmelweis.hu\/vizilabda\/?page_id=372"},"modified":"2025-10-27T09:13:46","modified_gmt":"2025-10-27T08:13:46","slug":"farkas-domonkos","status":"publish","type":"page","link":"https:\/\/semmelweis.hu\/vizilabda\/a-csapat\/ob1\/farkas-domonkos\/","title":{"rendered":"Farkas Domonkos"},"content":{"rendered":"<p><strong>Sapkasz\u00e1m: <\/strong>1<strong><br \/>\n<\/strong><strong>Poszt: <\/strong>Kapus<strong><br \/>\nKor:<\/strong> 25 \u00e9v<br \/>\n<strong>Becen\u00e9v:<\/strong> Doma<br \/>\n<strong>Magass\u00e1g:<\/strong> 185 cm<br \/>\n<strong>S\u00faly:<\/strong> 83 kg<br \/>\n<strong>Hobbi:<\/strong> Utaz\u00e1s, Sportk\u00f6vet\u00e9s<br \/>\n<strong>Tr\u00f3fea gy\u0171jtem\u00e9ny:<\/strong><\/p>\n<ul>\n<li>Magyar bajnoki bronz\u00e9rem<\/li>\n<li>Komj\u00e1di kupa gy\u0151zelem (+ legjobb kapus)<\/li>\n<li>2x Magyar Kupa bronz\u00e9rem<\/li>\n<\/ul>\n","protected":false},"excerpt":{"rendered":"<p>Sapkasz\u00e1m: 1<br \/>\nPoszt: Kapus<br \/>\nKor: 25 \u00e9v<br \/>\nBecen\u00e9v: Doma<br \/>\nMagass\u00e1g: 185 cm<br \/>\nS\u00faly: 83 kg<br \/>\nHobbi: Utaz\u00e1s, Sportk\u00f6vet\u00e9s<br \/>\nTr\u00f3fea gy\u0171jtem\u00e9ny:<\/p>\n<p>Magyar bajnoki bronz\u00e9rem<br \/>\nKomj\u00e1di kupa gy\u0151zelem (+ legjobb kapus)<br \/>\n2x Magyar Kupa bronz\u00e9rem<\/p>\n","protected":false},"author":102504,"featured_media":1175,"parent":231,"menu_order":0,"comment_status":"closed","ping_status":"closed","template":"","meta":{"_acf_changed":false,"footnotes":""},"categories":[7],"tags":[],"class_list":["post-372","page","type-page","status-publish","has-post-thumbnail","hentry","category-jatekosok"],"acf":[],"_links":{"self":[{"href":"https:\/\/semmelweis.hu\/vizilabda\/wp-json\/wp\/v2\/pages\/372","targetHints":{"allow":["GET"]}}],"collection":[{"href":"https:\/\/semmelweis.hu\/vizilabda\/wp-json\/wp\/v2\/pages"}],"about":[{"href":"https:\/\/semmelweis.hu\/vizilabda\/wp-json\/wp\/v2\/types\/page"}],"author":[{"embeddable":true,"href":"https:\/\/semmelweis.hu\/vizilabda\/wp-json\/wp\/v2\/users\/102504"}],"replies":[{"embeddable":true,"href":"https:\/\/semmelweis.hu\/vizilabda\/wp-json\/wp\/v2\/comments?post=372"}],"version-history":[{"count":5,"href":"https:\/\/semmelweis.hu\/vizilabda\/wp-json\/wp\/v2\/pages\/372\/revisions"}],"predecessor-version":[{"id":1199,"href":"https:\/\/semmelweis.hu\/vizilabda\/wp-json\/wp\/v2\/pages\/372\/revisions\/1199"}],"up":[{"embeddable":true,"href":"https:\/\/semmelweis.hu\/vizilabda\/wp-json\/wp\/v2\/pages\/231"}],"wp:featuredmedia":[{"embeddable":true,"href":"https:\/\/semmelweis.hu\/vizilabda\/wp-json\/wp\/v2\/media\/1175"}],"wp:attachment":[{"href":"https:\/\/semmelweis.hu\/vizilabda\/wp-json\/wp\/v2\/media?parent=372"}],"wp:term":[{"taxonomy":"category","embeddable":true,"href":"https:\/\/semmelweis.hu\/vizilabda\/wp-json\/wp\/v2\/categories?post=372"},{"taxonomy":"post_tag","embeddable":true,"href":"https:\/\/semmelweis.hu\/vizilabda\/wp-json\/wp\/v2\/tags?post=372"}],"curies":[{"name":"wp","href":"https:\/\/api.w.org\/{rel}","templated":true}]}}