{"id":370,"date":"2025-06-19T07:07:07","date_gmt":"2025-06-19T05:07:07","guid":{"rendered":"https:\/\/semmelweis.hu\/vizilabda\/?page_id=370"},"modified":"2025-10-27T09:24:49","modified_gmt":"2025-10-27T08:24:49","slug":"kerenyi-csanad","status":"publish","type":"page","link":"https:\/\/semmelweis.hu\/vizilabda\/a-csapat\/ob1\/kerenyi-csanad\/","title":{"rendered":"Ker\u00e9nyi Csan\u00e1d"},"content":{"rendered":"<p><strong>Sapkasz\u00e1m: <\/strong>14<br \/>\n<strong>Poz\u00edci\u00f3:<\/strong> Kap\u00e1s h\u00e1ts\u00f3<br \/>\n<strong>Kor: <\/strong>18<br \/>\n<strong>Becen\u00e9v: <\/strong>Csani<br \/>\n<strong>Magass\u00e1g: <\/strong>193 cm<br \/>\n<strong>S\u00faly: <\/strong>75 kg<br \/>\n<strong>Hobbi: <\/strong>s\u00edel\u00e9s, vitorl\u00e1z\u00e1s<\/p>\n","protected":false},"excerpt":{"rendered":"<p>Sapkasz\u00e1m: 14<br \/>\nPoz\u00edci\u00f3: Kap\u00e1s h\u00e1ts\u00f3<br \/>\nKor: 18<br \/>\nBecen\u00e9v: Csani<br \/>\nMagass\u00e1g: 193 cm<br \/>\nS\u00faly: 75 kg<br \/>\nHobbi: s\u00edel\u00e9s, vitorl\u00e1z\u00e1s<\/p>\n","protected":false},"author":102504,"featured_media":1181,"parent":231,"menu_order":0,"comment_status":"closed","ping_status":"closed","template":"","meta":{"_acf_changed":false,"footnotes":""},"categories":[7],"tags":[],"class_list":["post-370","page","type-page","status-publish","has-post-thumbnail","hentry","category-jatekosok"],"acf":[],"_links":{"self":[{"href":"https:\/\/semmelweis.hu\/vizilabda\/wp-json\/wp\/v2\/pages\/370","targetHints":{"allow":["GET"]}}],"collection":[{"href":"https:\/\/semmelweis.hu\/vizilabda\/wp-json\/wp\/v2\/pages"}],"about":[{"href":"https:\/\/semmelweis.hu\/vizilabda\/wp-json\/wp\/v2\/types\/page"}],"author":[{"embeddable":true,"href":"https:\/\/semmelweis.hu\/vizilabda\/wp-json\/wp\/v2\/users\/102504"}],"replies":[{"embeddable":true,"href":"https:\/\/semmelweis.hu\/vizilabda\/wp-json\/wp\/v2\/comments?post=370"}],"version-history":[{"count":8,"href":"https:\/\/semmelweis.hu\/vizilabda\/wp-json\/wp\/v2\/pages\/370\/revisions"}],"predecessor-version":[{"id":1210,"href":"https:\/\/semmelweis.hu\/vizilabda\/wp-json\/wp\/v2\/pages\/370\/revisions\/1210"}],"up":[{"embeddable":true,"href":"https:\/\/semmelweis.hu\/vizilabda\/wp-json\/wp\/v2\/pages\/231"}],"wp:featuredmedia":[{"embeddable":true,"href":"https:\/\/semmelweis.hu\/vizilabda\/wp-json\/wp\/v2\/media\/1181"}],"wp:attachment":[{"href":"https:\/\/semmelweis.hu\/vizilabda\/wp-json\/wp\/v2\/media?parent=370"}],"wp:term":[{"taxonomy":"category","embeddable":true,"href":"https:\/\/semmelweis.hu\/vizilabda\/wp-json\/wp\/v2\/categories?post=370"},{"taxonomy":"post_tag","embeddable":true,"href":"https:\/\/semmelweis.hu\/vizilabda\/wp-json\/wp\/v2\/tags?post=370"}],"curies":[{"name":"wp","href":"https:\/\/api.w.org\/{rel}","templated":true}]}}