{"id":366,"date":"2025-06-19T07:06:26","date_gmt":"2025-06-19T05:06:26","guid":{"rendered":"https:\/\/semmelweis.hu\/vizilabda\/?page_id=366"},"modified":"2025-10-27T09:34:46","modified_gmt":"2025-10-27T08:34:46","slug":"tatrai-tamas","status":"publish","type":"page","link":"https:\/\/semmelweis.hu\/vizilabda\/a-csapat\/ob1\/tatrai-tamas\/","title":{"rendered":"T\u00e1trai Tam\u00e1s"},"content":{"rendered":"<p><strong>Sapkasz\u00e1m: <\/strong>2<br \/>\n<strong>Poz\u00edci\u00f3:<\/strong> Kap\u00e1s sz\u00e9ls\u0151<br \/>\n<strong>Kor:<\/strong> 19 \u00e9v<br \/>\n<strong>Becen\u00e9v:<\/strong> Tom\u00a0<br \/>\n<strong>Magass\u00e1g:<\/strong> 187 cm<br \/>\n<strong>S\u00faly:<\/strong> 88 kg<br \/>\n<strong>Hobbi:<\/strong> Formula1 (n\u00e9z\u00e9s \u00e9s j\u00e1t\u00e9k), bicikliz\u00e9s<br \/>\n<strong>Tr\u00f3fea gy\u0171jtem\u00e9ny:<\/strong><\/p>\n<ul>\n<li>Ifj\u00fas\u00e1gi Vil\u00e1gbajnok (U16, U18)<\/li>\n<li>Ut\u00e1np\u00f3tl\u00e1s Eur\u00f3pa bajnok (U15)<\/li>\n<\/ul>\n","protected":false},"excerpt":{"rendered":"<p>Sapkasz\u00e1m: 2<br \/>\nPoz\u00edci\u00f3: Kap\u00e1s sz\u00e9ls\u0151<br \/>\nKor: 19 \u00e9v<br \/>\nBecen\u00e9v: Tom\u00a0<br \/>\nMagass\u00e1g: 187 cm<br \/>\nS\u00faly: 88 kg<br \/>\nHobbi: Formula1 (n\u00e9z\u00e9s \u00e9s j\u00e1t\u00e9k), bicikliz\u00e9s<br \/>\nTr\u00f3fea gy\u0171jtem\u00e9ny:<\/p>\n<p>Ifj\u00fas\u00e1gi Vil\u00e1gbajnok (U16, U18)<br \/>\nUt\u00e1np\u00f3tl\u00e1s Eur\u00f3pa bajnok (U15)<\/p>\n","protected":false},"author":102504,"featured_media":1189,"parent":231,"menu_order":0,"comment_status":"closed","ping_status":"closed","template":"","meta":{"_acf_changed":false,"footnotes":""},"categories":[7],"tags":[],"class_list":["post-366","page","type-page","status-publish","has-post-thumbnail","hentry","category-jatekosok"],"acf":[],"_links":{"self":[{"href":"https:\/\/semmelweis.hu\/vizilabda\/wp-json\/wp\/v2\/pages\/366","targetHints":{"allow":["GET"]}}],"collection":[{"href":"https:\/\/semmelweis.hu\/vizilabda\/wp-json\/wp\/v2\/pages"}],"about":[{"href":"https:\/\/semmelweis.hu\/vizilabda\/wp-json\/wp\/v2\/types\/page"}],"author":[{"embeddable":true,"href":"https:\/\/semmelweis.hu\/vizilabda\/wp-json\/wp\/v2\/users\/102504"}],"replies":[{"embeddable":true,"href":"https:\/\/semmelweis.hu\/vizilabda\/wp-json\/wp\/v2\/comments?post=366"}],"version-history":[{"count":7,"href":"https:\/\/semmelweis.hu\/vizilabda\/wp-json\/wp\/v2\/pages\/366\/revisions"}],"predecessor-version":[{"id":1219,"href":"https:\/\/semmelweis.hu\/vizilabda\/wp-json\/wp\/v2\/pages\/366\/revisions\/1219"}],"up":[{"embeddable":true,"href":"https:\/\/semmelweis.hu\/vizilabda\/wp-json\/wp\/v2\/pages\/231"}],"wp:featuredmedia":[{"embeddable":true,"href":"https:\/\/semmelweis.hu\/vizilabda\/wp-json\/wp\/v2\/media\/1189"}],"wp:attachment":[{"href":"https:\/\/semmelweis.hu\/vizilabda\/wp-json\/wp\/v2\/media?parent=366"}],"wp:term":[{"taxonomy":"category","embeddable":true,"href":"https:\/\/semmelweis.hu\/vizilabda\/wp-json\/wp\/v2\/categories?post=366"},{"taxonomy":"post_tag","embeddable":true,"href":"https:\/\/semmelweis.hu\/vizilabda\/wp-json\/wp\/v2\/tags?post=366"}],"curies":[{"name":"wp","href":"https:\/\/api.w.org\/{rel}","templated":true}]}}