{"id":364,"date":"2025-06-19T07:05:58","date_gmt":"2025-06-19T05:05:58","guid":{"rendered":"https:\/\/semmelweis.hu\/vizilabda\/?page_id=364"},"modified":"2025-10-27T09:19:37","modified_gmt":"2025-10-27T08:19:37","slug":"hessels-sebastian","status":"publish","type":"page","link":"https:\/\/semmelweis.hu\/vizilabda\/a-csapat\/ob1\/hessels-sebastian\/","title":{"rendered":"Hessels Sebastian"},"content":{"rendered":"<p><strong>Sapkasz\u00e1m: <\/strong>10<strong><br \/>\n<\/strong><strong>Poz\u00edci\u00f3: <\/strong>Kap\u00e1s sz\u00e9ls\u0151<strong><br \/>\nKor:\u00a0<\/strong><br \/>\n<strong>Becen\u00e9v: <\/strong>Seba (Szeba)<br \/>\n<strong>Magass\u00e1g:<\/strong><br \/>\n<strong>S\u00faly:<\/strong><br \/>\n<strong>Hobbi:<\/strong><br \/>\n<strong>Tr\u00f3fea gy\u0171jtem\u00e9ny:<\/strong><\/p>\n","protected":false},"excerpt":{"rendered":"<p>Sapkasz\u00e1m: 10<br \/>\nPoz\u00edci\u00f3: Kap\u00e1s sz\u00e9ls\u0151<br \/>\nKor:\u00a0<br \/>\nBecen\u00e9v: Seba (Szeba)<br \/>\nMagass\u00e1g:<br \/>\nS\u00faly:<br \/>\nHobbi:<br \/>\nTr\u00f3fea gy\u0171jtem\u00e9ny:<\/p>\n","protected":false},"author":102504,"featured_media":1179,"parent":231,"menu_order":0,"comment_status":"closed","ping_status":"closed","template":"","meta":{"_acf_changed":false,"footnotes":""},"categories":[7],"tags":[],"class_list":["post-364","page","type-page","status-publish","has-post-thumbnail","hentry","category-jatekosok"],"acf":[],"_links":{"self":[{"href":"https:\/\/semmelweis.hu\/vizilabda\/wp-json\/wp\/v2\/pages\/364","targetHints":{"allow":["GET"]}}],"collection":[{"href":"https:\/\/semmelweis.hu\/vizilabda\/wp-json\/wp\/v2\/pages"}],"about":[{"href":"https:\/\/semmelweis.hu\/vizilabda\/wp-json\/wp\/v2\/types\/page"}],"author":[{"embeddable":true,"href":"https:\/\/semmelweis.hu\/vizilabda\/wp-json\/wp\/v2\/users\/102504"}],"replies":[{"embeddable":true,"href":"https:\/\/semmelweis.hu\/vizilabda\/wp-json\/wp\/v2\/comments?post=364"}],"version-history":[{"count":4,"href":"https:\/\/semmelweis.hu\/vizilabda\/wp-json\/wp\/v2\/pages\/364\/revisions"}],"predecessor-version":[{"id":1204,"href":"https:\/\/semmelweis.hu\/vizilabda\/wp-json\/wp\/v2\/pages\/364\/revisions\/1204"}],"up":[{"embeddable":true,"href":"https:\/\/semmelweis.hu\/vizilabda\/wp-json\/wp\/v2\/pages\/231"}],"wp:featuredmedia":[{"embeddable":true,"href":"https:\/\/semmelweis.hu\/vizilabda\/wp-json\/wp\/v2\/media\/1179"}],"wp:attachment":[{"href":"https:\/\/semmelweis.hu\/vizilabda\/wp-json\/wp\/v2\/media?parent=364"}],"wp:term":[{"taxonomy":"category","embeddable":true,"href":"https:\/\/semmelweis.hu\/vizilabda\/wp-json\/wp\/v2\/categories?post=364"},{"taxonomy":"post_tag","embeddable":true,"href":"https:\/\/semmelweis.hu\/vizilabda\/wp-json\/wp\/v2\/tags?post=364"}],"curies":[{"name":"wp","href":"https:\/\/api.w.org\/{rel}","templated":true}]}}