{"id":362,"date":"2025-06-19T07:05:06","date_gmt":"2025-06-19T05:05:06","guid":{"rendered":"https:\/\/semmelweis.hu\/vizilabda\/?page_id=362"},"modified":"2025-10-27T09:17:14","modified_gmt":"2025-10-27T08:17:14","slug":"hessels-benjamin","status":"publish","type":"page","link":"https:\/\/semmelweis.hu\/vizilabda\/a-csapat\/ob1\/hessels-benjamin\/","title":{"rendered":"Hessels Benjamin"},"content":{"rendered":"<p class=\"p1\"><strong>Sapkasz\u00e1m: 9<br \/>\n<\/strong><strong>Poz\u00edci\u00f3: <\/strong>Bekk<strong><br \/>\nKor:<\/strong> 23<br \/>\n<strong>Becen\u00e9v:<\/strong> Benji<br \/>\n<strong>Magass\u00e1g: <\/strong>191 cm<br \/>\n<strong>S\u00faly: <\/strong>101 kg<br \/>\n<strong>Hobbi: <\/strong>Lazul\u00e1s a bar\u00e1tokkal \ud83d\ude42<br \/>\n<strong>Tr\u00f3fea gy\u0171jtem\u00e9ny:<\/strong><\/p>\n<ul>\n<li>2x Komj\u00e1di kupa gy\u0151zelem<\/li>\n<li>Magyar bajnoki bronz<\/li>\n<li>2x Magyar kupa bronz<\/li>\n<li>2x Holland bajnok<\/li>\n<\/ul>\n","protected":false},"excerpt":{"rendered":"<p>Sapkasz\u00e1m: 9<br \/>\nPoz\u00edci\u00f3: Bekk<br \/>\nKor: 23<br \/>\nBecen\u00e9v: Benji<br \/>\nMagass\u00e1g: 191 cm<br \/>\nS\u00faly: 101 kg<br \/>\nHobbi: Lazul\u00e1s a bar\u00e1tokkal \ud83d\ude42<br \/>\nTr\u00f3fea gy\u0171jtem\u00e9ny:<\/p>\n<p>2x Komj\u00e1di kupa gy\u0151zelem<br \/>\nMagyar bajnoki bronz<br \/>\n2x Magyar kupa bronz<br \/>\n2x Holland bajnok<\/p>\n","protected":false},"author":102504,"featured_media":1178,"parent":231,"menu_order":0,"comment_status":"closed","ping_status":"closed","template":"","meta":{"_acf_changed":false,"footnotes":""},"categories":[7],"tags":[],"class_list":["post-362","page","type-page","status-publish","has-post-thumbnail","hentry","category-jatekosok"],"acf":[],"_links":{"self":[{"href":"https:\/\/semmelweis.hu\/vizilabda\/wp-json\/wp\/v2\/pages\/362","targetHints":{"allow":["GET"]}}],"collection":[{"href":"https:\/\/semmelweis.hu\/vizilabda\/wp-json\/wp\/v2\/pages"}],"about":[{"href":"https:\/\/semmelweis.hu\/vizilabda\/wp-json\/wp\/v2\/types\/page"}],"author":[{"embeddable":true,"href":"https:\/\/semmelweis.hu\/vizilabda\/wp-json\/wp\/v2\/users\/102504"}],"replies":[{"embeddable":true,"href":"https:\/\/semmelweis.hu\/vizilabda\/wp-json\/wp\/v2\/comments?post=362"}],"version-history":[{"count":6,"href":"https:\/\/semmelweis.hu\/vizilabda\/wp-json\/wp\/v2\/pages\/362\/revisions"}],"predecessor-version":[{"id":1202,"href":"https:\/\/semmelweis.hu\/vizilabda\/wp-json\/wp\/v2\/pages\/362\/revisions\/1202"}],"up":[{"embeddable":true,"href":"https:\/\/semmelweis.hu\/vizilabda\/wp-json\/wp\/v2\/pages\/231"}],"wp:featuredmedia":[{"embeddable":true,"href":"https:\/\/semmelweis.hu\/vizilabda\/wp-json\/wp\/v2\/media\/1178"}],"wp:attachment":[{"href":"https:\/\/semmelweis.hu\/vizilabda\/wp-json\/wp\/v2\/media?parent=362"}],"wp:term":[{"taxonomy":"category","embeddable":true,"href":"https:\/\/semmelweis.hu\/vizilabda\/wp-json\/wp\/v2\/categories?post=362"},{"taxonomy":"post_tag","embeddable":true,"href":"https:\/\/semmelweis.hu\/vizilabda\/wp-json\/wp\/v2\/tags?post=362"}],"curies":[{"name":"wp","href":"https:\/\/api.w.org\/{rel}","templated":true}]}}