{"id":345,"date":"2025-06-18T19:15:27","date_gmt":"2025-06-18T17:15:27","guid":{"rendered":"https:\/\/semmelweis.hu\/vizilabda\/?page_id=345"},"modified":"2025-10-27T09:15:59","modified_gmt":"2025-10-27T08:15:59","slug":"gal-david","status":"publish","type":"page","link":"https:\/\/semmelweis.hu\/vizilabda\/a-csapat\/ob1\/gal-david\/","title":{"rendered":"G\u00e1l D\u00e1vid"},"content":{"rendered":"<p><strong>Sapkasz\u00e1m:<\/strong> 10<br \/>\n<strong>Poz\u00edci\u00f3:<\/strong> Bekk<br \/>\n<strong>Kor:<\/strong> 26 \u00e9v<br \/>\n<strong>Becen\u00e9v:<\/strong> G\u00e1llo<br \/>\n<strong>Magass\u00e1g:<\/strong> 197 cm<br \/>\n<strong>S\u00faly:<\/strong> 97 kg<br \/>\n<strong>Hobbi:<\/strong> Horg\u00e1szat<br \/>\n<strong>Tr\u00f3fea gy\u0171jtem\u00e9ny:<\/strong><\/p>\n<ul>\n<li>Komj\u00e1di kupa gy\u0151zelem<\/li>\n<li>Magyar kupa gy\u0151zelem<\/li>\n<li>Magyar bajnoki gy\u0151zelem<\/li>\n<li>Bajnokok lig\u00e1ja gy\u0151zelem<\/li>\n<\/ul>\n","protected":false},"excerpt":{"rendered":"<p>Sapkasz\u00e1m: 10<br \/>\nPoz\u00edci\u00f3: Bekk<br \/>\nKor: 26 \u00e9v<br \/>\nBecen\u00e9v: G\u00e1llo<br \/>\nMagass\u00e1g: 197 cm<br \/>\nS\u00faly: 97 kg<br \/>\nHobbi: Horg\u00e1szat<br \/>\nTr\u00f3fea gy\u0171jtem\u00e9ny:<\/p>\n<p>Komj\u00e1di kupa gy\u0151zelem<br \/>\nMagyar kupa gy\u0151zelem<br \/>\nMagyar bajnoki gy\u0151zelem<br \/>\nBajnokok lig\u00e1ja gy\u0151zelem<\/p>\n","protected":false},"author":102504,"featured_media":1177,"parent":231,"menu_order":0,"comment_status":"closed","ping_status":"closed","template":"template-fullwidth.php","meta":{"_acf_changed":false,"footnotes":""},"categories":[7],"tags":[],"class_list":["post-345","page","type-page","status-publish","has-post-thumbnail","hentry","category-jatekosok"],"acf":[],"_links":{"self":[{"href":"https:\/\/semmelweis.hu\/vizilabda\/wp-json\/wp\/v2\/pages\/345","targetHints":{"allow":["GET"]}}],"collection":[{"href":"https:\/\/semmelweis.hu\/vizilabda\/wp-json\/wp\/v2\/pages"}],"about":[{"href":"https:\/\/semmelweis.hu\/vizilabda\/wp-json\/wp\/v2\/types\/page"}],"author":[{"embeddable":true,"href":"https:\/\/semmelweis.hu\/vizilabda\/wp-json\/wp\/v2\/users\/102504"}],"replies":[{"embeddable":true,"href":"https:\/\/semmelweis.hu\/vizilabda\/wp-json\/wp\/v2\/comments?post=345"}],"version-history":[{"count":7,"href":"https:\/\/semmelweis.hu\/vizilabda\/wp-json\/wp\/v2\/pages\/345\/revisions"}],"predecessor-version":[{"id":1201,"href":"https:\/\/semmelweis.hu\/vizilabda\/wp-json\/wp\/v2\/pages\/345\/revisions\/1201"}],"up":[{"embeddable":true,"href":"https:\/\/semmelweis.hu\/vizilabda\/wp-json\/wp\/v2\/pages\/231"}],"wp:featuredmedia":[{"embeddable":true,"href":"https:\/\/semmelweis.hu\/vizilabda\/wp-json\/wp\/v2\/media\/1177"}],"wp:attachment":[{"href":"https:\/\/semmelweis.hu\/vizilabda\/wp-json\/wp\/v2\/media?parent=345"}],"wp:term":[{"taxonomy":"category","embeddable":true,"href":"https:\/\/semmelweis.hu\/vizilabda\/wp-json\/wp\/v2\/categories?post=345"},{"taxonomy":"post_tag","embeddable":true,"href":"https:\/\/semmelweis.hu\/vizilabda\/wp-json\/wp\/v2\/tags?post=345"}],"curies":[{"name":"wp","href":"https:\/\/api.w.org\/{rel}","templated":true}]}}