{"id":343,"date":"2025-06-18T19:12:22","date_gmt":"2025-06-18T17:12:22","guid":{"rendered":"https:\/\/semmelweis.hu\/vizilabda\/?page_id=343"},"modified":"2025-10-27T09:31:23","modified_gmt":"2025-10-27T08:31:23","slug":"sedlmayer-tamas","status":"publish","type":"page","link":"https:\/\/semmelweis.hu\/vizilabda\/a-csapat\/ob1\/sedlmayer-tamas\/","title":{"rendered":"Sedlmayer Tam\u00e1s"},"content":{"rendered":"<p><strong>Sapkasz\u00e1m: <\/strong>5<strong><br \/>\nPoz\u00edci\u00f3:<\/strong> Rosszk\u00e9z h\u00e1ts\u00f3<br \/>\n<strong>Kor:<\/strong> 30 \u00e9v<br \/>\n<strong>Becen\u00e9v:<\/strong> Tomi<br \/>\n<strong>Magass\u00e1g:<\/strong> 186 cm<br \/>\n<strong>S\u00faly:<\/strong> 89 kg<br \/>\n<strong>Hobbi:<\/strong> olvas\u00e1s, sudoku, filmez\u00e9s<br \/>\n<strong>Tr\u00f3fea gy\u0171jtem\u00e9ny:<\/strong><\/p>\n<ul>\n<li>Bajnokok Lig\u00e1ja gy\u0151zelem\u00a0<\/li>\n<li>2x Eurokupa gy\u0151zelem\u00a0<\/li>\n<li>2x LEN Szuperkupa gy\u0151zelem\u00a0<\/li>\n<li>2x Magyar bajnok\u00a0<\/li>\n<li>3x Magyar kupagy\u0151zelem\u00a0<\/li>\n<\/ul>\n<p>&nbsp;<\/p>\n","protected":false},"excerpt":{"rendered":"<p>Sapkasz\u00e1m: 5<br \/>\nPoz\u00edci\u00f3: Rosszk\u00e9z h\u00e1ts\u00f3<br \/>\nKor: 30 \u00e9v<br \/>\nBecen\u00e9v: Tomi<br \/>\nMagass\u00e1g: 186 cm<br \/>\nS\u00faly: 89 kg<br \/>\nHobbi: olvas\u00e1s, sudoku, filmez\u00e9s<br \/>\nTr\u00f3fea gy\u0171jtem\u00e9ny:<\/p>\n<p>Bajnokok Lig\u00e1ja gy\u0151zelem\u00a0<br \/>\n2x Eurokupa gy\u0151zelem\u00a0<br \/>\n2x LEN Szuperkupa gy\u0151zelem\u00a0<br \/>\n2x Magyar bajnok\u00a0<br \/>\n3x Magyar kupagy\u0151zelem\u00a0<\/p>\n<p>&nbsp;<\/p>\n","protected":false},"author":102504,"featured_media":1185,"parent":231,"menu_order":0,"comment_status":"closed","ping_status":"closed","template":"","meta":{"_acf_changed":false,"footnotes":""},"categories":[7],"tags":[],"class_list":["post-343","page","type-page","status-publish","has-post-thumbnail","hentry","category-jatekosok"],"acf":[],"_links":{"self":[{"href":"https:\/\/semmelweis.hu\/vizilabda\/wp-json\/wp\/v2\/pages\/343","targetHints":{"allow":["GET"]}}],"collection":[{"href":"https:\/\/semmelweis.hu\/vizilabda\/wp-json\/wp\/v2\/pages"}],"about":[{"href":"https:\/\/semmelweis.hu\/vizilabda\/wp-json\/wp\/v2\/types\/page"}],"author":[{"embeddable":true,"href":"https:\/\/semmelweis.hu\/vizilabda\/wp-json\/wp\/v2\/users\/102504"}],"replies":[{"embeddable":true,"href":"https:\/\/semmelweis.hu\/vizilabda\/wp-json\/wp\/v2\/comments?post=343"}],"version-history":[{"count":10,"href":"https:\/\/semmelweis.hu\/vizilabda\/wp-json\/wp\/v2\/pages\/343\/revisions"}],"predecessor-version":[{"id":1216,"href":"https:\/\/semmelweis.hu\/vizilabda\/wp-json\/wp\/v2\/pages\/343\/revisions\/1216"}],"up":[{"embeddable":true,"href":"https:\/\/semmelweis.hu\/vizilabda\/wp-json\/wp\/v2\/pages\/231"}],"wp:featuredmedia":[{"embeddable":true,"href":"https:\/\/semmelweis.hu\/vizilabda\/wp-json\/wp\/v2\/media\/1185"}],"wp:attachment":[{"href":"https:\/\/semmelweis.hu\/vizilabda\/wp-json\/wp\/v2\/media?parent=343"}],"wp:term":[{"taxonomy":"category","embeddable":true,"href":"https:\/\/semmelweis.hu\/vizilabda\/wp-json\/wp\/v2\/categories?post=343"},{"taxonomy":"post_tag","embeddable":true,"href":"https:\/\/semmelweis.hu\/vizilabda\/wp-json\/wp\/v2\/tags?post=343"}],"curies":[{"name":"wp","href":"https:\/\/api.w.org\/{rel}","templated":true}]}}