{"id":331,"date":"2025-06-18T14:11:24","date_gmt":"2025-06-18T12:11:24","guid":{"rendered":"https:\/\/semmelweis.hu\/vizilabda\/?page_id=331"},"modified":"2025-10-27T09:46:15","modified_gmt":"2025-10-27T08:46:15","slug":"meszaros-csaba","status":"publish","type":"page","link":"https:\/\/semmelweis.hu\/vizilabda\/a-csapat\/ob1\/meszaros-csaba\/","title":{"rendered":"M\u00e9sz\u00e1ros Csaba"},"content":{"rendered":"<p><strong>#CSAPATKAPIT\u00c1NY<\/strong><\/p>\n<p>\n<strong>Sapkasz\u00e1m: <\/strong>7<br \/>\n<strong>Poz\u00edci\u00f3:<\/strong> Kap\u00e1s h\u00e1ts\u00f3<br \/>\n<strong>Becen\u00e9v:<\/strong> Csabi<br \/>\n<strong>Kor:<\/strong> 31 \u00e9v<br \/>\n<strong>Magass\u00e1g:<\/strong> 187 cm<br \/>\n<strong>S\u00faly:<\/strong> 89 kg<br \/>\n<strong>Hobbi:<\/strong> Sakk, horg\u00e1szat, gasztron\u00f3mia<br \/>\n<strong>Tr\u00f3fea gy\u0171jtem\u00e9ny:<\/strong><\/p>\n<ul>\n<li>UP magyar bajnok<\/li>\n<li>Magyar Kupa 3. hely\u00a0<\/li>\n<\/ul>\n","protected":false},"excerpt":{"rendered":"<p>#CSAPATKAPIT\u00c1NY<\/p>\n<p>Sapkasz\u00e1m: 7<br \/>\nPoz\u00edci\u00f3: Kap\u00e1s h\u00e1ts\u00f3<br \/>\nBecen\u00e9v: Csabi<br \/>\nKor: 31 \u00e9v<br \/>\nMagass\u00e1g: 187 cm<br \/>\nS\u00faly: 89 kg<br \/>\nHobbi: Sakk, horg\u00e1szat, gasztron\u00f3mia<br \/>\nTr\u00f3fea gy\u0171jtem\u00e9ny:<\/p>\n<p>UP magyar bajnok<br \/>\nMagyar Kupa 3. hely\u00a0<\/p>\n","protected":false},"author":102504,"featured_media":1184,"parent":231,"menu_order":-7,"comment_status":"closed","ping_status":"closed","template":"template-fullwidth.php","meta":{"_acf_changed":false,"footnotes":""},"categories":[7],"tags":[],"class_list":["post-331","page","type-page","status-publish","has-post-thumbnail","hentry","category-jatekosok"],"acf":[],"_links":{"self":[{"href":"https:\/\/semmelweis.hu\/vizilabda\/wp-json\/wp\/v2\/pages\/331","targetHints":{"allow":["GET"]}}],"collection":[{"href":"https:\/\/semmelweis.hu\/vizilabda\/wp-json\/wp\/v2\/pages"}],"about":[{"href":"https:\/\/semmelweis.hu\/vizilabda\/wp-json\/wp\/v2\/types\/page"}],"author":[{"embeddable":true,"href":"https:\/\/semmelweis.hu\/vizilabda\/wp-json\/wp\/v2\/users\/102504"}],"replies":[{"embeddable":true,"href":"https:\/\/semmelweis.hu\/vizilabda\/wp-json\/wp\/v2\/comments?post=331"}],"version-history":[{"count":10,"href":"https:\/\/semmelweis.hu\/vizilabda\/wp-json\/wp\/v2\/pages\/331\/revisions"}],"predecessor-version":[{"id":1227,"href":"https:\/\/semmelweis.hu\/vizilabda\/wp-json\/wp\/v2\/pages\/331\/revisions\/1227"}],"up":[{"embeddable":true,"href":"https:\/\/semmelweis.hu\/vizilabda\/wp-json\/wp\/v2\/pages\/231"}],"wp:featuredmedia":[{"embeddable":true,"href":"https:\/\/semmelweis.hu\/vizilabda\/wp-json\/wp\/v2\/media\/1184"}],"wp:attachment":[{"href":"https:\/\/semmelweis.hu\/vizilabda\/wp-json\/wp\/v2\/media?parent=331"}],"wp:term":[{"taxonomy":"category","embeddable":true,"href":"https:\/\/semmelweis.hu\/vizilabda\/wp-json\/wp\/v2\/categories?post=331"},{"taxonomy":"post_tag","embeddable":true,"href":"https:\/\/semmelweis.hu\/vizilabda\/wp-json\/wp\/v2\/tags?post=331"}],"curies":[{"name":"wp","href":"https:\/\/api.w.org\/{rel}","templated":true}]}}