{"id":283,"date":"2025-06-18T12:57:30","date_gmt":"2025-06-18T10:57:30","guid":{"rendered":"https:\/\/semmelweis.hu\/vizilabda\/?page_id=283"},"modified":"2025-10-27T09:46:50","modified_gmt":"2025-10-27T08:46:50","slug":"szitas-david","status":"publish","type":"page","link":"https:\/\/semmelweis.hu\/vizilabda\/a-csapat\/ob1\/szitas-david\/","title":{"rendered":"Szit\u00e1s D\u00e1vid"},"content":{"rendered":"<p><strong>Sapkasz\u00e1m: <\/strong>13<br \/>\n<strong>Poz\u00edci\u00f3:<\/strong> Kapus<br \/>\n<strong>Becen\u00e9v:<\/strong> Szit\u00e1s<br \/>\n<strong>Kor:<\/strong> 19<br \/>\n<strong>Magass\u00e1g:<\/strong><br \/>\n<strong>S\u00faly:<\/strong><br \/>\n<strong>Hobbi:<\/strong><br \/>\n<strong>Tr\u00f3fea gy\u0171jtem\u00e9ny:<\/strong><\/p>\n<ul>\n<li>U18 Vil\u00e1gbajnok<\/li>\n<\/ul>\n","protected":false},"excerpt":{"rendered":"<p>Sapkasz\u00e1m: 13<br \/>\nPoz\u00edci\u00f3: Kapus<br \/>\nBecen\u00e9v: Szit\u00e1s<br \/>\nKor: 19<br \/>\nMagass\u00e1g:<br \/>\nS\u00faly:<br \/>\nHobbi:<br \/>\nTr\u00f3fea gy\u0171jtem\u00e9ny:<\/p>\n<p>U18 Vil\u00e1gbajnok<\/p>\n","protected":false},"author":102504,"featured_media":879,"parent":231,"menu_order":6,"comment_status":"closed","ping_status":"closed","template":"template-fullwidth.php","meta":{"_acf_changed":false,"footnotes":""},"categories":[7],"tags":[],"class_list":["post-283","page","type-page","status-publish","has-post-thumbnail","hentry","category-jatekosok"],"acf":[],"_links":{"self":[{"href":"https:\/\/semmelweis.hu\/vizilabda\/wp-json\/wp\/v2\/pages\/283","targetHints":{"allow":["GET"]}}],"collection":[{"href":"https:\/\/semmelweis.hu\/vizilabda\/wp-json\/wp\/v2\/pages"}],"about":[{"href":"https:\/\/semmelweis.hu\/vizilabda\/wp-json\/wp\/v2\/types\/page"}],"author":[{"embeddable":true,"href":"https:\/\/semmelweis.hu\/vizilabda\/wp-json\/wp\/v2\/users\/102504"}],"replies":[{"embeddable":true,"href":"https:\/\/semmelweis.hu\/vizilabda\/wp-json\/wp\/v2\/comments?post=283"}],"version-history":[{"count":8,"href":"https:\/\/semmelweis.hu\/vizilabda\/wp-json\/wp\/v2\/pages\/283\/revisions"}],"predecessor-version":[{"id":1223,"href":"https:\/\/semmelweis.hu\/vizilabda\/wp-json\/wp\/v2\/pages\/283\/revisions\/1223"}],"up":[{"embeddable":true,"href":"https:\/\/semmelweis.hu\/vizilabda\/wp-json\/wp\/v2\/pages\/231"}],"wp:featuredmedia":[{"embeddable":true,"href":"https:\/\/semmelweis.hu\/vizilabda\/wp-json\/wp\/v2\/media\/879"}],"wp:attachment":[{"href":"https:\/\/semmelweis.hu\/vizilabda\/wp-json\/wp\/v2\/media?parent=283"}],"wp:term":[{"taxonomy":"category","embeddable":true,"href":"https:\/\/semmelweis.hu\/vizilabda\/wp-json\/wp\/v2\/categories?post=283"},{"taxonomy":"post_tag","embeddable":true,"href":"https:\/\/semmelweis.hu\/vizilabda\/wp-json\/wp\/v2\/tags?post=283"}],"curies":[{"name":"wp","href":"https:\/\/api.w.org\/{rel}","templated":true}]}}