{"id":273,"date":"2025-06-18T11:23:42","date_gmt":"2025-06-18T09:23:42","guid":{"rendered":"https:\/\/semmelweis.hu\/vizilabda\/?page_id=273"},"modified":"2026-02-04T12:29:04","modified_gmt":"2026-02-04T11:29:04","slug":"utanpotlas","status":"publish","type":"page","link":"https:\/\/semmelweis.hu\/vizilabda\/utanpotlas\/","title":{"rendered":"Ut\u00e1np\u00f3tl\u00e1s"},"content":{"rendered":"<div>\n<div class=\"keretes w-100\">\n<h5>A Semmelweis OSC Budapest egyik legmeghat\u00e1roz\u00f3bb ut\u00e1np\u00f3tl\u00e1sk\u00e9pz\u0151 b\u00e1zisa. Edz\u0151ink sok szeretettel v\u00e1rj\u00e1k az \u00faj fiatalokat, ak\u00e1r 10 \u00e9ves kort\u00f3l!<\/h5>\n<\/div>\n<\/div>\n<h6>Kezdeti k\u00e9rd\u00e9sek, koroszt\u00e1ly-besorol\u00e1s, szakmai seg\u00edts\u00e9g: <br \/>\n<span style=\"font-size: 14pt\"><strong>Petik Attila | +36 70 4092540 | <a href=\"mailto:petikattila.osc@gmail.com\">petikattila.osc@gmail.com<\/a><\/strong><\/span><\/h6>\n<h1>Csapataink:<\/h1>\n<style>\n           #page-grid .card-body > .line-clamp-box.excerpt{\n        width: inherit;\n        max-width: inherit;\n        display:flex;\n        min-height: 2.4em;\n        flex-direction: column;\n        justify-content: space-around;\n        background-color: #D6E4EA;\n        min-height: 3.4rem;\n        font-family: \"Montserrat\", sans-serif;\n    }\n\n    #page-grid a:hover .card-body > .line-clamp-box.excerpt {\n        background-color: #fff;\n        color: #313B40;\n    }\n\n    #page-grid .card-body .line-clamp-box.excerpt section{\n        max-width: inherit;\n        display: -webkit-box;\n        -webkit-line-clamp: 2;\n        -webkit-box-orient: vertical;\n        overflow: hidden;\n        text-overflow: ellipsis;\n        hyphens: auto;\n        margin: auto;\n        \n    }\n    .line-clamp-box.excerpt section, .line-clamp-box.excerpt section p{\n        font-size:0.8em;\n    }\n    \n<\/style>\n    <section id=\"page-grid\">\n        <section class=\"d-block d-md-flex title-row my-3 ml-0 ml-md-1\">\n<div class=\"section-title  mb-1 \">\n<h2>\n    Csapataink Bajnoks\u00e1gok Szerint\n<\/h2>\n<\/div>\n<\/section>\n        <div class=\"row row-cols-1 row-cols-md-2 row-cols-lg-4 no-gutters mx-0 \">    <div class =\"col  mb-2 card-wrapper\">\n        <a class=\"d-flex flex-fill card-link-warapper m-md-1\" href=\"https:\/\/semmelweis.hu\/vizilabda\/utanpotlas\/orszagos-a1\/\">\n            <div class=\"card border border-secondary se-border flex-fill\">\n                <div class=\"row no-gutters mx-0 d-flex flex-nowrap flex-md-wrap align-items-center\">\n                    <div class =\"  col-5 col-md-12   card-image justify-content-center\">\n                        <img loading=\"lazy\" decoding=\"async\" width=\"753\" height=\"565\" src=\"https:\/\/semmelweis.hu\/vizilabda\/files\/2025\/11\/ttt.jpg\" class=\"landscape wp-post-image\" alt=\"\" srcset=\"https:\/\/semmelweis.hu\/vizilabda\/files\/2025\/11\/ttt.jpg 1024w, https:\/\/semmelweis.hu\/vizilabda\/files\/2025\/11\/ttt-300x225.jpg 300w, https:\/\/semmelweis.hu\/vizilabda\/files\/2025\/11\/ttt-768x576.jpg 768w, https:\/\/semmelweis.hu\/vizilabda\/files\/2025\/11\/ttt-753x565.jpg 753w\" sizes=\"auto, (max-width: 753px) 100vw, 753px\" \/>\n                    <\/div>\n                    <div class=\"card-body  col flex-column  col-md-12 p-0\">\n                        <div class=\"line-clamp-box p-3\">\n                            <h5 class=\"ml-0 ml-sm-1 mt-2 align-items-center\"  >Orsz\u00e1gos A1 Bajnoks\u00e1g<\/h5>\n                        <\/div>\n                        \n                    <\/div>\n                <\/div>\n\n            <\/div>\n        <\/a>\n    <\/div>    <div class =\"col  mb-2 card-wrapper\">\n        <a class=\"d-flex flex-fill card-link-warapper m-md-1\" href=\"https:\/\/semmelweis.hu\/vizilabda\/utanpotlas\/leany-orszagos-bajnoksag\/\">\n            <div class=\"card border border-secondary se-border flex-fill\">\n                <div class=\"row no-gutters mx-0 d-flex flex-nowrap flex-md-wrap align-items-center\">\n                    <div class =\"  col-5 col-md-12   card-image justify-content-center\">\n                        <img loading=\"lazy\" decoding=\"async\" width=\"753\" height=\"565\" src=\"https:\/\/semmelweis.hu\/vizilabda\/files\/2025\/11\/9.jpg\" class=\"landscape wp-post-image\" alt=\"\" srcset=\"https:\/\/semmelweis.hu\/vizilabda\/files\/2025\/11\/9.jpg 1024w, https:\/\/semmelweis.hu\/vizilabda\/files\/2025\/11\/9-300x225.jpg 300w, https:\/\/semmelweis.hu\/vizilabda\/files\/2025\/11\/9-768x576.jpg 768w, https:\/\/semmelweis.hu\/vizilabda\/files\/2025\/11\/9-753x565.jpg 753w\" sizes=\"auto, (max-width: 753px) 100vw, 753px\" \/>\n                    <\/div>\n                    <div class=\"card-body  col flex-column  col-md-12 p-0\">\n                        <div class=\"line-clamp-box p-3\">\n                            <h5 class=\"ml-0 ml-sm-1 mt-2 align-items-center\"  >Orsz\u00e1gos Le\u00e1ny Bajnoks\u00e1g<\/h5>\n                        <\/div>\n                        \n                    <\/div>\n                <\/div>\n\n            <\/div>\n        <\/a>\n    <\/div>    <div class =\"col  mb-2 card-wrapper\">\n        <a class=\"d-flex flex-fill card-link-warapper m-md-1\" href=\"https:\/\/semmelweis.hu\/vizilabda\/utanpotlas\/budapest-gyermek-1\/\">\n            <div class=\"card border border-secondary se-border flex-fill\">\n                <div class=\"row no-gutters mx-0 d-flex flex-nowrap flex-md-wrap align-items-center\">\n                    <div class =\"  col-5 col-md-12   card-image justify-content-center\">\n                        <img loading=\"lazy\" decoding=\"async\" width=\"753\" height=\"565\" src=\"https:\/\/semmelweis.hu\/vizilabda\/files\/2025\/11\/2.jpg\" class=\"landscape wp-post-image\" alt=\"\" srcset=\"https:\/\/semmelweis.hu\/vizilabda\/files\/2025\/11\/2.jpg 1024w, https:\/\/semmelweis.hu\/vizilabda\/files\/2025\/11\/2-300x225.jpg 300w, https:\/\/semmelweis.hu\/vizilabda\/files\/2025\/11\/2-768x576.jpg 768w, https:\/\/semmelweis.hu\/vizilabda\/files\/2025\/11\/2-753x565.jpg 753w\" sizes=\"auto, (max-width: 753px) 100vw, 753px\" \/>\n                    <\/div>\n                    <div class=\"card-body  col flex-column  col-md-12 p-0\">\n                        <div class=\"line-clamp-box p-3\">\n                            <h5 class=\"ml-0 ml-sm-1 mt-2 align-items-center\"  >Budapest Gyermek I.<\/h5>\n                        <\/div>\n                        \n                    <\/div>\n                <\/div>\n\n            <\/div>\n        <\/a>\n    <\/div>    <div class =\"col  mb-2 card-wrapper\">\n        <a class=\"d-flex flex-fill card-link-warapper m-md-1\" href=\"https:\/\/semmelweis.hu\/vizilabda\/utanpotlas\/budapest-gyermek-ii\/\">\n            <div class=\"card border border-secondary se-border flex-fill\">\n                <div class=\"row no-gutters mx-0 d-flex flex-nowrap flex-md-wrap align-items-center\">\n                    <div class =\"  col-5 col-md-12   card-image justify-content-center\">\n                        <img loading=\"lazy\" decoding=\"async\" width=\"753\" height=\"565\" src=\"https:\/\/semmelweis.hu\/vizilabda\/files\/2025\/11\/3.jpg\" class=\"landscape wp-post-image\" alt=\"\" srcset=\"https:\/\/semmelweis.hu\/vizilabda\/files\/2025\/11\/3.jpg 1024w, https:\/\/semmelweis.hu\/vizilabda\/files\/2025\/11\/3-300x225.jpg 300w, https:\/\/semmelweis.hu\/vizilabda\/files\/2025\/11\/3-768x576.jpg 768w, https:\/\/semmelweis.hu\/vizilabda\/files\/2025\/11\/3-753x565.jpg 753w\" sizes=\"auto, (max-width: 753px) 100vw, 753px\" \/>\n                    <\/div>\n                    <div class=\"card-body  col flex-column  col-md-12 p-0\">\n                        <div class=\"line-clamp-box p-3\">\n                            <h5 class=\"ml-0 ml-sm-1 mt-2 align-items-center\"  >Budapest Gyermek II.<\/h5>\n                        <\/div>\n                        \n                    <\/div>\n                <\/div>\n\n            <\/div>\n        <\/a>\n    <\/div>    <div class =\"col  mb-2 card-wrapper\">\n        <a class=\"d-flex flex-fill card-link-warapper m-md-1\" href=\"https:\/\/semmelweis.hu\/vizilabda\/utanpotlas\/budapest-gyermek-iii\/\">\n            <div class=\"card border border-secondary se-border flex-fill\">\n                <div class=\"row no-gutters mx-0 d-flex flex-nowrap flex-md-wrap align-items-center\">\n                    <div class =\"  col-5 col-md-12   card-image justify-content-center\">\n                        <img loading=\"lazy\" decoding=\"async\" width=\"753\" height=\"565\" src=\"https:\/\/semmelweis.hu\/vizilabda\/files\/2025\/11\/4-1.jpg\" class=\"landscape wp-post-image\" alt=\"\" srcset=\"https:\/\/semmelweis.hu\/vizilabda\/files\/2025\/11\/4-1.jpg 1024w, https:\/\/semmelweis.hu\/vizilabda\/files\/2025\/11\/4-1-300x225.jpg 300w, https:\/\/semmelweis.hu\/vizilabda\/files\/2025\/11\/4-1-768x576.jpg 768w, https:\/\/semmelweis.hu\/vizilabda\/files\/2025\/11\/4-1-753x565.jpg 753w\" sizes=\"auto, (max-width: 753px) 100vw, 753px\" \/>\n                    <\/div>\n                    <div class=\"card-body  col flex-column  col-md-12 p-0\">\n                        <div class=\"line-clamp-box p-3\">\n                            <h5 class=\"ml-0 ml-sm-1 mt-2 align-items-center\"  >Budapest Gyermek III.<\/h5>\n                        <\/div>\n                        \n                    <\/div>\n                <\/div>\n\n            <\/div>\n        <\/a>\n    <\/div>    <div class =\"col  mb-2 card-wrapper\">\n        <a class=\"d-flex flex-fill card-link-warapper m-md-1\" href=\"https:\/\/semmelweis.hu\/vizilabda\/utanpotlas\/budapesti-gyermek-iv\/\">\n            <div class=\"card border border-secondary se-border flex-fill\">\n                <div class=\"row no-gutters mx-0 d-flex flex-nowrap flex-md-wrap align-items-center\">\n                    <div class =\"  col-5 col-md-12   card-image justify-content-center\">\n                        <img loading=\"lazy\" decoding=\"async\" width=\"753\" height=\"565\" src=\"https:\/\/semmelweis.hu\/vizilabda\/files\/2025\/11\/5-1.jpg\" class=\"landscape wp-post-image\" alt=\"\" srcset=\"https:\/\/semmelweis.hu\/vizilabda\/files\/2025\/11\/5-1.jpg 1024w, https:\/\/semmelweis.hu\/vizilabda\/files\/2025\/11\/5-1-300x225.jpg 300w, https:\/\/semmelweis.hu\/vizilabda\/files\/2025\/11\/5-1-768x576.jpg 768w, https:\/\/semmelweis.hu\/vizilabda\/files\/2025\/11\/5-1-753x565.jpg 753w\" sizes=\"auto, (max-width: 753px) 100vw, 753px\" \/>\n                    <\/div>\n                    <div class=\"card-body  col flex-column  col-md-12 p-0\">\n                        <div class=\"line-clamp-box p-3\">\n                            <h5 class=\"ml-0 ml-sm-1 mt-2 align-items-center\"  >Budapest Gyermek IV.<\/h5>\n                        <\/div>\n                        \n                    <\/div>\n                <\/div>\n\n            <\/div>\n        <\/a>\n    <\/div>    <div class =\"col  mb-2 card-wrapper\">\n        <a class=\"d-flex flex-fill card-link-warapper m-md-1\" href=\"https:\/\/semmelweis.hu\/vizilabda\/utanpotlas\/budapest-ifjusagi\/\">\n            <div class=\"card border border-secondary se-border flex-fill\">\n                <div class=\"row no-gutters mx-0 d-flex flex-nowrap flex-md-wrap align-items-center\">\n                    <div class =\"  col-5 col-md-12   card-image justify-content-center\">\n                        <img loading=\"lazy\" decoding=\"async\" width=\"753\" height=\"565\" src=\"https:\/\/semmelweis.hu\/vizilabda\/files\/2025\/11\/7-1.jpg\" class=\"landscape wp-post-image\" alt=\"\" srcset=\"https:\/\/semmelweis.hu\/vizilabda\/files\/2025\/11\/7-1.jpg 1024w, https:\/\/semmelweis.hu\/vizilabda\/files\/2025\/11\/7-1-300x225.jpg 300w, https:\/\/semmelweis.hu\/vizilabda\/files\/2025\/11\/7-1-768x576.jpg 768w, https:\/\/semmelweis.hu\/vizilabda\/files\/2025\/11\/7-1-753x565.jpg 753w\" sizes=\"auto, (max-width: 753px) 100vw, 753px\" \/>\n                    <\/div>\n                    <div class=\"card-body  col flex-column  col-md-12 p-0\">\n                        <div class=\"line-clamp-box p-3\">\n                            <h5 class=\"ml-0 ml-sm-1 mt-2 align-items-center\"  >Budapest Ifj\u00fas\u00e1gi<\/h5>\n                        <\/div>\n                        \n                    <\/div>\n                <\/div>\n\n            <\/div>\n        <\/a>\n    <\/div>    <div class =\"col  mb-2 card-wrapper\">\n        <a class=\"d-flex flex-fill card-link-warapper m-md-1\" href=\"https:\/\/semmelweis.hu\/vizilabda\/utanpotlas\/budapest-serdulo-ifi\/\">\n            <div class=\"card border border-secondary se-border flex-fill\">\n                <div class=\"row no-gutters mx-0 d-flex flex-nowrap flex-md-wrap align-items-center\">\n                    <div class =\"  col-5 col-md-12   card-image justify-content-center\">\n                        <img loading=\"lazy\" decoding=\"async\" width=\"753\" height=\"565\" src=\"https:\/\/semmelweis.hu\/vizilabda\/files\/2025\/11\/8-1.jpg\" class=\"landscape wp-post-image\" alt=\"\" srcset=\"https:\/\/semmelweis.hu\/vizilabda\/files\/2025\/11\/8-1.jpg 1024w, https:\/\/semmelweis.hu\/vizilabda\/files\/2025\/11\/8-1-300x225.jpg 300w, https:\/\/semmelweis.hu\/vizilabda\/files\/2025\/11\/8-1-768x576.jpg 768w, https:\/\/semmelweis.hu\/vizilabda\/files\/2025\/11\/8-1-753x565.jpg 753w\" sizes=\"auto, (max-width: 753px) 100vw, 753px\" \/>\n                    <\/div>\n                    <div class=\"card-body  col flex-column  col-md-12 p-0\">\n                        <div class=\"line-clamp-box p-3\">\n                            <h5 class=\"ml-0 ml-sm-1 mt-2 align-items-center\"  >Budapest Serd\u00fcl\u0151<\/h5>\n                        <\/div>\n                        \n                    <\/div>\n                <\/div>\n\n            <\/div>\n        <\/a>\n    <\/div>    <div class =\"col  mb-2 card-wrapper\">\n        <a class=\"d-flex flex-fill card-link-warapper m-md-1\" href=\"https:\/\/semmelweis.hu\/vizilabda\/utanpotlas\/ob-ii-ifjusagi\/\">\n            <div class=\"card border border-secondary se-border flex-fill\">\n                <div class=\"row no-gutters mx-0 d-flex flex-nowrap flex-md-wrap align-items-center\">\n                    <div class =\"  col-5 col-md-12   card-image justify-content-center\">\n                        <img loading=\"lazy\" decoding=\"async\" width=\"753\" height=\"565\" src=\"https:\/\/semmelweis.hu\/vizilabda\/files\/2025\/11\/10.jpg\" class=\"landscape wp-post-image\" alt=\"\" srcset=\"https:\/\/semmelweis.hu\/vizilabda\/files\/2025\/11\/10.jpg 1024w, https:\/\/semmelweis.hu\/vizilabda\/files\/2025\/11\/10-300x225.jpg 300w, https:\/\/semmelweis.hu\/vizilabda\/files\/2025\/11\/10-768x576.jpg 768w, https:\/\/semmelweis.hu\/vizilabda\/files\/2025\/11\/10-753x565.jpg 753w\" sizes=\"auto, (max-width: 753px) 100vw, 753px\" \/>\n                    <\/div>\n                    <div class=\"card-body  col flex-column  col-md-12 p-0\">\n                        <div class=\"line-clamp-box p-3\">\n                            <h5 class=\"ml-0 ml-sm-1 mt-2 align-items-center\"  >OB II (Ifj\u00fas\u00e1gi)<\/h5>\n                        <\/div>\n                        \n                    <\/div>\n                <\/div>\n\n            <\/div>\n        <\/a>\n    <\/div>    <div class =\"col  mb-2 card-wrapper\">\n        <a class=\"d-flex flex-fill card-link-warapper m-md-1\" href=\"https:\/\/semmelweis.hu\/vizilabda\/utanpotlas\/budapestibabyesthg\/\">\n            <div class=\"card border border-secondary se-border flex-fill\">\n                <div class=\"row no-gutters mx-0 d-flex flex-nowrap flex-md-wrap align-items-center\">\n                    <div class =\"  col-5 col-md-12   card-image justify-content-center\">\n                        <img loading=\"lazy\" decoding=\"async\" width=\"753\" height=\"565\" src=\"https:\/\/semmelweis.hu\/vizilabda\/files\/2025\/11\/6-1.jpg\" class=\"landscape wp-post-image\" alt=\"\" srcset=\"https:\/\/semmelweis.hu\/vizilabda\/files\/2025\/11\/6-1.jpg 1024w, https:\/\/semmelweis.hu\/vizilabda\/files\/2025\/11\/6-1-300x225.jpg 300w, https:\/\/semmelweis.hu\/vizilabda\/files\/2025\/11\/6-1-768x576.jpg 768w, https:\/\/semmelweis.hu\/vizilabda\/files\/2025\/11\/6-1-753x565.jpg 753w\" sizes=\"auto, (max-width: 753px) 100vw, 753px\" \/>\n                    <\/div>\n                    <div class=\"card-body  col flex-column  col-md-12 p-0\">\n                        <div class=\"line-clamp-box p-3\">\n                            <h5 class=\"ml-0 ml-sm-1 mt-2 align-items-center\"  >Budapesti Baby \u00e9s Tehets\u00e9ggondoz\u00f3<\/h5>\n                        <\/div>\n                        \n                    <\/div>\n                <\/div>\n\n            <\/div>\n        <\/a>\n    <\/div>        <\/div>\n    <\/section>\n","protected":false},"excerpt":{"rendered":"<p>A Semmelweis OSC Budapest egyik legmeghat\u00e1roz\u00f3bb ut\u00e1np\u00f3tl\u00e1sk\u00e9pz\u0151 b\u00e1zisa. Edz\u0151ink sok szeretettel v\u00e1rj\u00e1k az \u00faj fiatalokat, ak\u00e1r 10 \u00e9ves kort\u00f3l!<\/p>\n<p>Kezdeti k\u00e9rd\u00e9sek, koroszt\u00e1ly-besorol\u00e1s, szakmai seg\u00edts\u00e9g:<br \/>\nPetik Attila | +36 70 4092540 | <a href=\"mailto:petikattila.osc@gmail.com\">petikattila.osc@gmail.com<\/a><br \/>\nCsapataink:<\/p>\n","protected":false},"author":102504,"featured_media":1928,"parent":0,"menu_order":6,"comment_status":"closed","ping_status":"closed","template":"template-fullwidth.php","meta":{"_acf_changed":false,"footnotes":""},"categories":[],"tags":[],"class_list":["post-273","page","type-page","status-publish","has-post-thumbnail","hentry"],"acf":[],"_links":{"self":[{"href":"https:\/\/semmelweis.hu\/vizilabda\/wp-json\/wp\/v2\/pages\/273","targetHints":{"allow":["GET"]}}],"collection":[{"href":"https:\/\/semmelweis.hu\/vizilabda\/wp-json\/wp\/v2\/pages"}],"about":[{"href":"https:\/\/semmelweis.hu\/vizilabda\/wp-json\/wp\/v2\/types\/page"}],"author":[{"embeddable":true,"href":"https:\/\/semmelweis.hu\/vizilabda\/wp-json\/wp\/v2\/users\/102504"}],"replies":[{"embeddable":true,"href":"https:\/\/semmelweis.hu\/vizilabda\/wp-json\/wp\/v2\/comments?post=273"}],"version-history":[{"count":10,"href":"https:\/\/semmelweis.hu\/vizilabda\/wp-json\/wp\/v2\/pages\/273\/revisions"}],"predecessor-version":[{"id":1320,"href":"https:\/\/semmelweis.hu\/vizilabda\/wp-json\/wp\/v2\/pages\/273\/revisions\/1320"}],"wp:featuredmedia":[{"embeddable":true,"href":"https:\/\/semmelweis.hu\/vizilabda\/wp-json\/wp\/v2\/media\/1928"}],"wp:attachment":[{"href":"https:\/\/semmelweis.hu\/vizilabda\/wp-json\/wp\/v2\/media?parent=273"}],"wp:term":[{"taxonomy":"category","embeddable":true,"href":"https:\/\/semmelweis.hu\/vizilabda\/wp-json\/wp\/v2\/categories?post=273"},{"taxonomy":"post_tag","embeddable":true,"href":"https:\/\/semmelweis.hu\/vizilabda\/wp-json\/wp\/v2\/tags?post=273"}],"curies":[{"name":"wp","href":"https:\/\/api.w.org\/{rel}","templated":true}]}}