{"id":244,"date":"2025-06-17T19:07:22","date_gmt":"2025-06-17T17:07:22","guid":{"rendered":"https:\/\/semmelweis.hu\/vizilabda\/?page_id=244"},"modified":"2025-07-01T14:32:00","modified_gmt":"2025-07-01T12:32:00","slug":"egyetemi","status":"publish","type":"page","link":"https:\/\/semmelweis.hu\/vizilabda\/a-csapat\/egyetemi\/","title":{"rendered":"Egyetemi csapat"},"content":{"rendered":"<div class=\"keretes w-100\">\n<p>A Semmelweis Egyetem v\u00edzilabda csapata t\u00f6bb bajnoks\u00e1gban \u00e9s kup\u00e1n indul minden \u00e9vben. A csapat \u00f6sszet\u00e9tele jelenlegi hallgat\u00f3kb\u00f3l, volt egyetemist\u00e1kb\u00f3l \u00e9s bar\u00e1ti k\u00f6r\u00fckb\u0151l \u00e1ll. \u00c1lland\u00f3 r\u00e9sztvev\u0151i vagyunk a Medikus Kupa \u00e9s a MEFOB torn\u00e1knak, az Orsz\u00e1gos Bajnoks\u00e1g II. vonal\u00e1ban illetve a Budapest Bajnoks\u00e1g feln\u0151tt koroszt\u00e1ly\u00e1ban is j\u00e1tszik az \u00e1lland\u00f3 &#8222;nagy keret\u00fcnkb\u0151l&#8221; \u00f6ssze\u00e1ll\u00edtott csapat!<\/p>\n<\/div>\n<div class=\"fontos_div\">\n<p>V\u00edzilabd\u00e1zz a csapatunkban!<\/p>\n<p>A Semmelweis Egyetem V\u00edzilabda Klub edz\u00e9sei a 12. ker\u00fcleti MOM Sport uszod\u00e1ban ker\u00fclnek megrendez\u00e9sre, heti h\u00e1rom alkalommal. Minden edz\u00e9sen 1 \u00f3r\u00e1n kereszt\u00fcl egy 33&#215;20 m-es medence \u00e1ll a k\u00e9t edz\u0151 rendelkez\u00e9s\u00e9re, akik a csapatot mez\u0151nypoz\u00edci\u00f3, vagy j\u00e1t\u00e9ktud\u00e1s szerint elosztva vez\u00e9nylik a munk\u00e1t.<\/p>\n<p>Az edz\u00e9sek mellett k\u00e9thetente vas\u00e1rnap est\u00e9nk\u00e9nt j\u00e1tszunk hazai m\u00e9rk\u0151z\u00e9seket a BVLSZ Gyarmati Dezs\u0151 Feln\u0151tt F\u00e9rfi Bajnoks\u00e1gban, \u00e9s k\u00e9thavonta szombatonk\u00e9nt a F\u00e9rfi OB2 Bajnoks\u00e1gban. Ezek r\u00e9szleteit <span style=\"font-size: 1rem\"><a href=\"http:\/\/www.facebook.com\/SemmelweisVizilabda\/\">Facebook oldalunkon<\/a> tessz\u00fck k\u00f6zz\u00e9.\u00a0<\/span><\/p>\n<\/div>\n<p>&nbsp;<\/p>\n<h4><strong>Vezet\u0151edz\u0151:<\/strong><br \/>\n<strong>Kalanovics Bal\u00e1zs<\/strong><\/h4>\n<h4><strong>J\u00e1t\u00e9kosok:<\/strong><\/h4>\n<ul>\n<li>Antoni Barnab\u00e1s Ambrus<\/li>\n<li>Ardelean D\u00e1vid<\/li>\n<li>Benedek Patrik Dr.<\/li>\n<li>Bokros B\u00e1lint Tibor<\/li>\n<li>Brousil Zsolt<\/li>\n<li>Csapodi J\u00e1nos<\/li>\n<li><em>Cserti \u00c1rp\u00e1d Dr<\/em><\/li>\n<li><em>Csirz\u00f3 \u00c1d\u00e1m Dr.<\/em><\/li>\n<li>Cs\u0151szi Krist\u00f3f<\/li>\n<li>Fejes Benedek<\/li>\n<li>Frei Tam\u00e1s Dr.<\/li>\n<li>G\u00e9mesi Marcell<\/li>\n<li>G\u00e9mesi M\u00e1rk<\/li>\n<li><em>Gere Samu Istv\u00e1n<\/em><\/li>\n<li>Gy\u00f6ngy\u00f6si Boldizs\u00e1r Dr.<\/li>\n<li>Homa Andr\u00e1s Dr.<\/li>\n<li>Kalanovics Bal\u00e1zs<\/li>\n<li>Kamocsai Marcell<\/li>\n<li>Kaposi Marcell<\/li>\n<li>Kolozsi Bertalan<\/li>\n<li>Kolozsi Marcell<\/li>\n<li>Konczi M\u00e1rton<\/li>\n<li>Kopa Mikl\u00f3s \u00c1ron Dr.<\/li>\n<li><em>Korom Tibor<\/em><\/li>\n<li>Kov\u00e1cs D\u00e1vid Tam\u00e1s<\/li>\n<li>Ligeti Andr\u00e1s<\/li>\n<li>Major Martin Dr.<\/li>\n<li>Medveczky P\u00e9ter, dr.<\/li>\n<li><em>Menyh\u00e1rt K\u00e1roly dr.<\/em><\/li>\n<li><em>Merkely B\u00e9la P\u00e9ter Dr.<\/em><\/li>\n<li>Mizs\u00e9ry Mikl\u00f3s<\/li>\n<li>Mladoniczky Tibor<\/li>\n<li>N\u00e9meth Domonkos Dr.<\/li>\n<li><em>P\u00e1lkov\u00e1cs Roland Dr.<\/em><\/li>\n<li>Poczik Levente<\/li>\n<li><em>Polg\u00e1r L\u00e1szl\u00f3 Imre<\/em><\/li>\n<li>Posta Andr\u00e1s Dr.<\/li>\n<li><em>Prof. Dr. Kiss Andr\u00e1s<\/em><\/li>\n<li><em>Sommer P\u00e9ter<\/em><\/li>\n<li>Szab\u00f3 P\u00e9ter<\/li>\n<li>Szab\u00f3 M\u00e1rk<\/li>\n<li>Szak\u00e1cs Albert-Botond<\/li>\n<li>T\u00f3th Frank Dr.<\/li>\n<li>Turbucz B\u00e9la Dr.<\/li>\n<li>\u00dcr\u00f6gi Zsolt<\/li>\n<li>V\u00e1gi J\u00e1nos D\u00e1niel<\/li>\n<li>Varga Levente<\/li>\n<li>Vida \u00c1lmos<\/li>\n<li>Windisch Krist\u00f3f<\/li>\n<\/ul>\n","protected":false},"excerpt":{"rendered":"<p>A Semmelweis Egyetem v\u00edzilabda csapata t\u00f6bb bajnoks\u00e1gban \u00e9s kup\u00e1n indul minden \u00e9vben. A csapat \u00f6sszet\u00e9tele jelenlegi hallgat\u00f3kb\u00f3l, volt egyetemist\u00e1kb\u00f3l \u00e9s bar\u00e1ti k\u00f6r\u00fckb\u0151l \u00e1ll. \u00c1lland\u00f3 r\u00e9sztvev\u0151i vagyunk a Medikus Kupa \u00e9s a MEFOB torn\u00e1knak, az Orsz\u00e1gos Bajnoks\u00e1g II. vonal\u00e1ban illetve a Budapest Bajnoks\u00e1g feln\u0151tt koroszt\u00e1ly\u00e1ban is j\u00e1tszik az \u00e1lland\u00f3 &#8222;nagy keret\u00fcnkb\u0151l&#8221; \u00f6ssze\u00e1ll\u00edtott csapat! V\u00edzilabd\u00e1zz a csapatunkban! &hellip;<\/p>\n","protected":false},"author":102504,"featured_media":268,"parent":13,"menu_order":3,"comment_status":"closed","ping_status":"closed","template":"template-fullwidth.php","meta":{"_acf_changed":false,"footnotes":""},"categories":[6],"tags":[],"class_list":["post-244","page","type-page","status-publish","has-post-thumbnail","hentry","category-csapataink"],"acf":[],"_links":{"self":[{"href":"https:\/\/semmelweis.hu\/vizilabda\/wp-json\/wp\/v2\/pages\/244","targetHints":{"allow":["GET"]}}],"collection":[{"href":"https:\/\/semmelweis.hu\/vizilabda\/wp-json\/wp\/v2\/pages"}],"about":[{"href":"https:\/\/semmelweis.hu\/vizilabda\/wp-json\/wp\/v2\/types\/page"}],"author":[{"embeddable":true,"href":"https:\/\/semmelweis.hu\/vizilabda\/wp-json\/wp\/v2\/users\/102504"}],"replies":[{"embeddable":true,"href":"https:\/\/semmelweis.hu\/vizilabda\/wp-json\/wp\/v2\/comments?post=244"}],"version-history":[{"count":9,"href":"https:\/\/semmelweis.hu\/vizilabda\/wp-json\/wp\/v2\/pages\/244\/revisions"}],"predecessor-version":[{"id":676,"href":"https:\/\/semmelweis.hu\/vizilabda\/wp-json\/wp\/v2\/pages\/244\/revisions\/676"}],"up":[{"embeddable":true,"href":"https:\/\/semmelweis.hu\/vizilabda\/wp-json\/wp\/v2\/pages\/13"}],"wp:featuredmedia":[{"embeddable":true,"href":"https:\/\/semmelweis.hu\/vizilabda\/wp-json\/wp\/v2\/media\/268"}],"wp:attachment":[{"href":"https:\/\/semmelweis.hu\/vizilabda\/wp-json\/wp\/v2\/media?parent=244"}],"wp:term":[{"taxonomy":"category","embeddable":true,"href":"https:\/\/semmelweis.hu\/vizilabda\/wp-json\/wp\/v2\/categories?post=244"},{"taxonomy":"post_tag","embeddable":true,"href":"https:\/\/semmelweis.hu\/vizilabda\/wp-json\/wp\/v2\/tags?post=244"}],"curies":[{"name":"wp","href":"https:\/\/api.w.org\/{rel}","templated":true}]}}