{"id":2003,"date":"2026-02-19T11:51:41","date_gmt":"2026-02-19T10:51:41","guid":{"rendered":"https:\/\/semmelweis.hu\/vizilabda\/?page_id=2003"},"modified":"2026-02-19T12:01:22","modified_gmt":"2026-02-19T11:01:22","slug":"semmelweis-osc-webshop","status":"publish","type":"page","link":"https:\/\/semmelweis.hu\/vizilabda\/semmelweis-osc-webshop\/","title":{"rendered":"SEMMELWEIS OSC WEBSHOP"},"content":{"rendered":"<div class=\"w-100 keretes\">Elindult a Semmelweis OSC hivatalos webshopja, amelyen a k\u00e9t hivatalos partner\u00fcnk, a Heavy Tools \u00e9s a Seles Sports term\u00e9kei k\u00f6z\u00fcl tudtok v\u00e1logatni!<\/div>\n<div>\u00a0<\/div>\n<div>\n<div class=\"w-100\" style=\"text-align: center\"><strong>W<\/strong><strong>ebshopunkban k\u00e9t, min\u0151s\u00e9g\u00e9ben \u00e9s szeml\u00e9let\u00e9ben is kiemelked\u0151 m\u00e1rka term\u00e9kei k\u00f6z\u00fcl v\u00e1laszthatsz!<\/strong><\/div>\n<div>\u00a0<\/div>\n<div class=\"w-100\" style=\"text-align: justify\">A <strong data-start=\"101\" data-end=\"142\"><span class=\"hover:entity-accent entity-underline inline cursor-pointer align-baseline\"><span class=\"whitespace-normal\">Heavy Tools<\/span><\/span><\/strong> szabadid\u0151ruh\u00e1zata a pr\u00e9mium anyaghaszn\u00e1latot, a tart\u00f3ss\u00e1got \u00e9s a letisztult, modern megjelen\u00e9st k\u00e9pviseli \u2013 t\u00f6k\u00e9letes v\u00e1laszt\u00e1s a h\u00e9tk\u00f6znapokra \u00e9s a sportos \u00e9letst\u00edlushoz.<\/div>\n<div class=\"w-100\" style=\"text-align: justify\">A <strong data-start=\"319\" data-end=\"360\"><span class=\"hover:entity-accent entity-underline inline cursor-pointer align-baseline\"><span class=\"whitespace-normal\">Seles Sport<\/span><\/span><\/strong> professzion\u00e1lis sportruh\u00e1zatai kifejezetten a teljes\u00edtm\u00e9nyre \u00e9s a k\u00e9nyelemre k\u00e9sz\u00fclnek, megfelelve az akt\u00edv sportol\u00f3k elv\u00e1r\u00e1sainak.<\/div>\n<div>\u00a0<\/div>\n<div>\n<div>\n<div style=\"text-align: center\"><strong style=\"font-size: 1rem;text-align: center\">Viseld b\u00fcszk\u00e9n a Semmelweis OSC ruh\u00e1zat\u00e1t, \u00e9s mutasd meg a lel\u00e1t\u00f3n, az edz\u00e9sen vagy a mindennapokban is, melyik k\u00f6z\u00f6ss\u00e9ghez tartozol!<\/strong><\/div>\n<\/div>\n<p>&nbsp;<\/p>\n<\/div>\n<div>\u00a0<\/div>\n<div style=\"text-align: center\"><a href=\"https:\/\/polovarazs.hu\/termekkategoria\/merch\/semmelweis-osc\/\" target=\"_blank\" rel=\"noopener\"><img loading=\"lazy\" decoding=\"async\" class=\"alignleft wp-image-2005\" src=\"https:\/\/semmelweis.hu\/vizilabda\/files\/2026\/02\/2-724x1024.jpg\" alt=\"\" width=\"500\" height=\"707\" srcset=\"https:\/\/semmelweis.hu\/vizilabda\/files\/2026\/02\/2-724x1024.jpg 724w, https:\/\/semmelweis.hu\/vizilabda\/files\/2026\/02\/2-212x300.jpg 212w, https:\/\/semmelweis.hu\/vizilabda\/files\/2026\/02\/2-768x1086.jpg 768w, https:\/\/semmelweis.hu\/vizilabda\/files\/2026\/02\/2-1086x1536.jpg 1086w, https:\/\/semmelweis.hu\/vizilabda\/files\/2026\/02\/2-753x1065.jpg 753w, https:\/\/semmelweis.hu\/vizilabda\/files\/2026\/02\/2.jpg 1191w\" sizes=\"auto, (max-width: 500px) 100vw, 500px\" \/><\/a> <a href=\"https:\/\/selessports.com\/products\/fitting-session\/semmelweis-osc-waterpolo-fitting-session\" target=\"_blank\" rel=\"noopener\"><img loading=\"lazy\" decoding=\"async\" class=\"alignright wp-image-2004\" src=\"https:\/\/semmelweis.hu\/vizilabda\/files\/2026\/02\/1-724x1024.jpg\" alt=\"\" width=\"500\" height=\"707\" srcset=\"https:\/\/semmelweis.hu\/vizilabda\/files\/2026\/02\/1-724x1024.jpg 724w, https:\/\/semmelweis.hu\/vizilabda\/files\/2026\/02\/1-212x300.jpg 212w, https:\/\/semmelweis.hu\/vizilabda\/files\/2026\/02\/1-768x1086.jpg 768w, https:\/\/semmelweis.hu\/vizilabda\/files\/2026\/02\/1-1086x1536.jpg 1086w, https:\/\/semmelweis.hu\/vizilabda\/files\/2026\/02\/1-753x1065.jpg 753w, https:\/\/semmelweis.hu\/vizilabda\/files\/2026\/02\/1.jpg 1191w\" sizes=\"auto, (max-width: 500px) 100vw, 500px\" \/><\/a><\/div>\n<\/div>\n","protected":false},"excerpt":{"rendered":"<p>Elindult a Semmelweis OSC hivatalos webshopja, amelyen a k\u00e9t hivatalos partner\u00fcnk, a Heavy Tools \u00e9s a Seles Sports term\u00e9kei k\u00f6z\u00fcl tudtok v\u00e1logatni! \u00a0 Webshopunkban k\u00e9t, min\u0151s\u00e9g\u00e9ben \u00e9s szeml\u00e9let\u00e9ben is kiemelked\u0151 m\u00e1rka term\u00e9kei k\u00f6z\u00fcl v\u00e1laszthatsz! \u00a0 A Heavy Tools szabadid\u0151ruh\u00e1zata a pr\u00e9mium anyaghaszn\u00e1latot, a tart\u00f3ss\u00e1got \u00e9s a letisztult, modern megjelen\u00e9st k\u00e9pviseli \u2013 t\u00f6k\u00e9letes v\u00e1laszt\u00e1s a h\u00e9tk\u00f6znapokra &hellip;<\/p>\n","protected":false},"author":102504,"featured_media":2011,"parent":0,"menu_order":0,"comment_status":"closed","ping_status":"closed","template":"","meta":{"_acf_changed":false,"footnotes":""},"categories":[44,42,43,36,37,45,25,28,29,31,30,33,32,34,35,1,24,41,38,40,27,39,9,26,10],"tags":[50,49,48],"class_list":["post-2003","page","type-page","status-publish","has-post-thumbnail","hentry","category-bbbaby","category-budapestifi","category-budapestifi2","category-bpserdulo1","category-bpserdulo2","category-noifelnott","category-gyermek-a1","category-gyermek1-1","category-gyermek1-2","category-gyermek2-2","category-gyermek2-1","category-gyermek3-2","category-gyermek3-1","category-gyermek4-2","category-gyermek4","category-hirek","category-ifia1","category-ifib","category-leanygyermek","category-leany-ifjusagi","category-leany-orszagos-gyermek","category-leany-serdulo","category-ob1","category-serdulo-a1","category-uphirek","tag-merch","tag-oscshop","tag-webshop"],"acf":[],"_links":{"self":[{"href":"https:\/\/semmelweis.hu\/vizilabda\/wp-json\/wp\/v2\/pages\/2003","targetHints":{"allow":["GET"]}}],"collection":[{"href":"https:\/\/semmelweis.hu\/vizilabda\/wp-json\/wp\/v2\/pages"}],"about":[{"href":"https:\/\/semmelweis.hu\/vizilabda\/wp-json\/wp\/v2\/types\/page"}],"author":[{"embeddable":true,"href":"https:\/\/semmelweis.hu\/vizilabda\/wp-json\/wp\/v2\/users\/102504"}],"replies":[{"embeddable":true,"href":"https:\/\/semmelweis.hu\/vizilabda\/wp-json\/wp\/v2\/comments?post=2003"}],"version-history":[{"count":10,"href":"https:\/\/semmelweis.hu\/vizilabda\/wp-json\/wp\/v2\/pages\/2003\/revisions"}],"predecessor-version":[{"id":2017,"href":"https:\/\/semmelweis.hu\/vizilabda\/wp-json\/wp\/v2\/pages\/2003\/revisions\/2017"}],"wp:featuredmedia":[{"embeddable":true,"href":"https:\/\/semmelweis.hu\/vizilabda\/wp-json\/wp\/v2\/media\/2011"}],"wp:attachment":[{"href":"https:\/\/semmelweis.hu\/vizilabda\/wp-json\/wp\/v2\/media?parent=2003"}],"wp:term":[{"taxonomy":"category","embeddable":true,"href":"https:\/\/semmelweis.hu\/vizilabda\/wp-json\/wp\/v2\/categories?post=2003"},{"taxonomy":"post_tag","embeddable":true,"href":"https:\/\/semmelweis.hu\/vizilabda\/wp-json\/wp\/v2\/tags?post=2003"}],"curies":[{"name":"wp","href":"https:\/\/api.w.org\/{rel}","templated":true}]}}