{"id":1830,"date":"2026-01-07T13:26:49","date_gmt":"2026-01-07T12:26:49","guid":{"rendered":"https:\/\/semmelweis.hu\/vizilabda\/?page_id=1830"},"modified":"2026-01-07T13:26:49","modified_gmt":"2026-01-07T12:26:49","slug":"f-toth-hanna","status":"publish","type":"page","link":"https:\/\/semmelweis.hu\/vizilabda\/a-csapat\/orszagos-noi-ob1-b\/f-toth-hanna\/","title":{"rendered":"F.T\u00f3th Hanna"},"content":{"rendered":"<p><strong>Poz\u00edci\u00f3:<\/strong> Kap\u00e1s sz\u00e9ls\u0151<br \/>\n<strong>Kor:<\/strong> 25<br \/>\n<strong>Kar:<\/strong> \u00c1OK &#8211; \u00c1ltal\u00e1nos orvos (I. \u00c9vfolyam)<br \/>\n<strong>Hobbi:<\/strong> Grafikai munk\u00e1k, webdesign, utaz\u00e1s<\/p>\n","protected":false},"excerpt":{"rendered":"<p>Poz\u00edci\u00f3: Kap\u00e1s sz\u00e9ls\u0151<br \/>\nKor: 25<br \/>\nKar: \u00c1OK &#8211; \u00c1ltal\u00e1nos orvos (I. \u00c9vfolyam)<br \/>\nHobbi: Grafikai munk\u00e1k, webdesign, utaz\u00e1s<\/p>\n","protected":false},"author":102504,"featured_media":1831,"parent":237,"menu_order":0,"comment_status":"closed","ping_status":"closed","template":"","meta":{"_acf_changed":false,"footnotes":""},"categories":[46],"tags":[],"class_list":["post-1830","page","type-page","status-publish","has-post-thumbnail","hentry","category-noi-felnott-jatekosok"],"acf":[],"_links":{"self":[{"href":"https:\/\/semmelweis.hu\/vizilabda\/wp-json\/wp\/v2\/pages\/1830","targetHints":{"allow":["GET"]}}],"collection":[{"href":"https:\/\/semmelweis.hu\/vizilabda\/wp-json\/wp\/v2\/pages"}],"about":[{"href":"https:\/\/semmelweis.hu\/vizilabda\/wp-json\/wp\/v2\/types\/page"}],"author":[{"embeddable":true,"href":"https:\/\/semmelweis.hu\/vizilabda\/wp-json\/wp\/v2\/users\/102504"}],"replies":[{"embeddable":true,"href":"https:\/\/semmelweis.hu\/vizilabda\/wp-json\/wp\/v2\/comments?post=1830"}],"version-history":[{"count":1,"href":"https:\/\/semmelweis.hu\/vizilabda\/wp-json\/wp\/v2\/pages\/1830\/revisions"}],"predecessor-version":[{"id":1832,"href":"https:\/\/semmelweis.hu\/vizilabda\/wp-json\/wp\/v2\/pages\/1830\/revisions\/1832"}],"up":[{"embeddable":true,"href":"https:\/\/semmelweis.hu\/vizilabda\/wp-json\/wp\/v2\/pages\/237"}],"wp:featuredmedia":[{"embeddable":true,"href":"https:\/\/semmelweis.hu\/vizilabda\/wp-json\/wp\/v2\/media\/1831"}],"wp:attachment":[{"href":"https:\/\/semmelweis.hu\/vizilabda\/wp-json\/wp\/v2\/media?parent=1830"}],"wp:term":[{"taxonomy":"category","embeddable":true,"href":"https:\/\/semmelweis.hu\/vizilabda\/wp-json\/wp\/v2\/categories?post=1830"},{"taxonomy":"post_tag","embeddable":true,"href":"https:\/\/semmelweis.hu\/vizilabda\/wp-json\/wp\/v2\/tags?post=1830"}],"curies":[{"name":"wp","href":"https:\/\/api.w.org\/{rel}","templated":true}]}}