{"id":1827,"date":"2026-01-07T13:24:07","date_gmt":"2026-01-07T12:24:07","guid":{"rendered":"https:\/\/semmelweis.hu\/vizilabda\/?page_id=1827"},"modified":"2026-01-07T13:24:07","modified_gmt":"2026-01-07T12:24:07","slug":"veres-boglarka","status":"publish","type":"page","link":"https:\/\/semmelweis.hu\/vizilabda\/a-csapat\/orszagos-noi-ob1-b\/veres-boglarka\/","title":{"rendered":"Veres Bogl\u00e1rka"},"content":{"rendered":"<p><strong>Sapkasz\u00e1m:<\/strong> 2<br \/>\n<strong>Poz\u00edci\u00f3:<\/strong> Center<br \/>\n<strong>Kor:<\/strong> 20<br \/>\n<strong>Kar:<\/strong> \u00c1OK &#8211; \u00e1ltal\u00e1nos orvos<\/p>\n","protected":false},"excerpt":{"rendered":"<p>Sapkasz\u00e1m: 2<br \/>\nPoz\u00edci\u00f3: Center<br \/>\nKor: 20<br \/>\nKar: \u00c1OK &#8211; \u00e1ltal\u00e1nos orvos<\/p>\n","protected":false},"author":102504,"featured_media":1828,"parent":237,"menu_order":0,"comment_status":"closed","ping_status":"closed","template":"","meta":{"_acf_changed":false,"footnotes":""},"categories":[46],"tags":[],"class_list":["post-1827","page","type-page","status-publish","has-post-thumbnail","hentry","category-noi-felnott-jatekosok"],"acf":[],"_links":{"self":[{"href":"https:\/\/semmelweis.hu\/vizilabda\/wp-json\/wp\/v2\/pages\/1827","targetHints":{"allow":["GET"]}}],"collection":[{"href":"https:\/\/semmelweis.hu\/vizilabda\/wp-json\/wp\/v2\/pages"}],"about":[{"href":"https:\/\/semmelweis.hu\/vizilabda\/wp-json\/wp\/v2\/types\/page"}],"author":[{"embeddable":true,"href":"https:\/\/semmelweis.hu\/vizilabda\/wp-json\/wp\/v2\/users\/102504"}],"replies":[{"embeddable":true,"href":"https:\/\/semmelweis.hu\/vizilabda\/wp-json\/wp\/v2\/comments?post=1827"}],"version-history":[{"count":1,"href":"https:\/\/semmelweis.hu\/vizilabda\/wp-json\/wp\/v2\/pages\/1827\/revisions"}],"predecessor-version":[{"id":1829,"href":"https:\/\/semmelweis.hu\/vizilabda\/wp-json\/wp\/v2\/pages\/1827\/revisions\/1829"}],"up":[{"embeddable":true,"href":"https:\/\/semmelweis.hu\/vizilabda\/wp-json\/wp\/v2\/pages\/237"}],"wp:featuredmedia":[{"embeddable":true,"href":"https:\/\/semmelweis.hu\/vizilabda\/wp-json\/wp\/v2\/media\/1828"}],"wp:attachment":[{"href":"https:\/\/semmelweis.hu\/vizilabda\/wp-json\/wp\/v2\/media?parent=1827"}],"wp:term":[{"taxonomy":"category","embeddable":true,"href":"https:\/\/semmelweis.hu\/vizilabda\/wp-json\/wp\/v2\/categories?post=1827"},{"taxonomy":"post_tag","embeddable":true,"href":"https:\/\/semmelweis.hu\/vizilabda\/wp-json\/wp\/v2\/tags?post=1827"}],"curies":[{"name":"wp","href":"https:\/\/api.w.org\/{rel}","templated":true}]}}