{"id":1823,"date":"2026-01-07T13:20:46","date_gmt":"2026-01-07T12:20:46","guid":{"rendered":"https:\/\/semmelweis.hu\/vizilabda\/?page_id=1823"},"modified":"2026-01-07T23:32:13","modified_gmt":"2026-01-07T22:32:13","slug":"vaszari-julianna","status":"publish","type":"page","link":"https:\/\/semmelweis.hu\/vizilabda\/a-csapat\/orszagos-noi-ob1-b\/vaszari-julianna\/","title":{"rendered":"Vaszari Julianna"},"content":{"rendered":"<p><strong>#CSAPATKAPIT\u00c1NY<\/strong><\/p>\n<p><strong>Sapkasz\u00e1m:<\/strong> 5<br \/>\n<strong>Poz\u00edci\u00f3:<\/strong> Kap\u00e1s h\u00e1ts\u00f3<br \/>\n<strong>Kor:<\/strong> 24<br \/>\n<strong>Kar:<\/strong> ETK &#8211; MSc t\u00e1pl\u00e1lkoz\u00e1studom\u00e1nyi mesterk\u00e9pz\u00e9s (I. \u00c9vfolyam)<br \/>\n<strong>Foglalkoz\u00e1s: <\/strong>Dietetikus<strong><br \/>\nHobbi:<\/strong> T\u00far\u00e1z\u00e1s, utaz\u00e1s<\/p>\n","protected":false},"excerpt":{"rendered":"<p>#CSAPATKAPIT\u00c1NY<br \/>\nSapkasz\u00e1m: 5<br \/>\nPoz\u00edci\u00f3: Kap\u00e1s h\u00e1ts\u00f3<br \/>\nKor: 24<br \/>\nKar: ETK &#8211; MSc t\u00e1pl\u00e1lkoz\u00e1studom\u00e1nyi mesterk\u00e9pz\u00e9s (I. \u00c9vfolyam)<br \/>\nFoglalkoz\u00e1s: Dietetikus<br \/>\nHobbi: T\u00far\u00e1z\u00e1s, utaz\u00e1s<\/p>\n","protected":false},"author":102504,"featured_media":1824,"parent":237,"menu_order":0,"comment_status":"closed","ping_status":"closed","template":"","meta":{"_acf_changed":false,"footnotes":""},"categories":[46],"tags":[],"class_list":["post-1823","page","type-page","status-publish","has-post-thumbnail","hentry","category-noi-felnott-jatekosok"],"acf":[],"_links":{"self":[{"href":"https:\/\/semmelweis.hu\/vizilabda\/wp-json\/wp\/v2\/pages\/1823","targetHints":{"allow":["GET"]}}],"collection":[{"href":"https:\/\/semmelweis.hu\/vizilabda\/wp-json\/wp\/v2\/pages"}],"about":[{"href":"https:\/\/semmelweis.hu\/vizilabda\/wp-json\/wp\/v2\/types\/page"}],"author":[{"embeddable":true,"href":"https:\/\/semmelweis.hu\/vizilabda\/wp-json\/wp\/v2\/users\/102504"}],"replies":[{"embeddable":true,"href":"https:\/\/semmelweis.hu\/vizilabda\/wp-json\/wp\/v2\/comments?post=1823"}],"version-history":[{"count":2,"href":"https:\/\/semmelweis.hu\/vizilabda\/wp-json\/wp\/v2\/pages\/1823\/revisions"}],"predecessor-version":[{"id":1826,"href":"https:\/\/semmelweis.hu\/vizilabda\/wp-json\/wp\/v2\/pages\/1823\/revisions\/1826"}],"up":[{"embeddable":true,"href":"https:\/\/semmelweis.hu\/vizilabda\/wp-json\/wp\/v2\/pages\/237"}],"wp:featuredmedia":[{"embeddable":true,"href":"https:\/\/semmelweis.hu\/vizilabda\/wp-json\/wp\/v2\/media\/1824"}],"wp:attachment":[{"href":"https:\/\/semmelweis.hu\/vizilabda\/wp-json\/wp\/v2\/media?parent=1823"}],"wp:term":[{"taxonomy":"category","embeddable":true,"href":"https:\/\/semmelweis.hu\/vizilabda\/wp-json\/wp\/v2\/categories?post=1823"},{"taxonomy":"post_tag","embeddable":true,"href":"https:\/\/semmelweis.hu\/vizilabda\/wp-json\/wp\/v2\/tags?post=1823"}],"curies":[{"name":"wp","href":"https:\/\/api.w.org\/{rel}","templated":true}]}}