{"id":1820,"date":"2026-01-07T12:09:50","date_gmt":"2026-01-07T11:09:50","guid":{"rendered":"https:\/\/semmelweis.hu\/vizilabda\/?page_id=1820"},"modified":"2026-01-07T13:12:02","modified_gmt":"2026-01-07T12:12:02","slug":"torkos-timea-szonja","status":"publish","type":"page","link":"https:\/\/semmelweis.hu\/vizilabda\/a-csapat\/orszagos-noi-ob1-b\/torkos-timea-szonja\/","title":{"rendered":"Torkos T\u00edmea Szonja"},"content":{"rendered":"<p><strong>Sapkasz\u00e1m:<\/strong> 4<br \/>\n<strong>Poz\u00edci\u00f3:<\/strong> Rosszk\u00e9z sz\u00e9ls\u0151\/ h\u00e1ts\u00f3<br \/>\n<strong>Kor:<\/strong> 21<br \/>\n<strong>Kar:<\/strong> PAK &#8211; konduktor (III. \u00c9vfolyam)<br \/>\n<strong>Hobbi:<\/strong> Pilates, medit\u00e1ci\u00f3, utaz\u00e1s, olvas\u00e1s<\/p>\n","protected":false},"excerpt":{"rendered":"<p>Sapkasz\u00e1m: 4<br \/>\nPoz\u00edci\u00f3: Rosszk\u00e9z sz\u00e9ls\u0151\/ h\u00e1ts\u00f3<br \/>\nKor: 21<br \/>\nKar: PAK &#8211; konduktor (III. \u00c9vfolyam)<br \/>\nHobbi: Pilates, medit\u00e1ci\u00f3, utaz\u00e1s, olvas\u00e1s<\/p>\n","protected":false},"author":102504,"featured_media":1821,"parent":237,"menu_order":0,"comment_status":"closed","ping_status":"closed","template":"","meta":{"_acf_changed":false,"footnotes":""},"categories":[46],"tags":[],"class_list":["post-1820","page","type-page","status-publish","has-post-thumbnail","hentry","category-noi-felnott-jatekosok"],"acf":[],"_links":{"self":[{"href":"https:\/\/semmelweis.hu\/vizilabda\/wp-json\/wp\/v2\/pages\/1820","targetHints":{"allow":["GET"]}}],"collection":[{"href":"https:\/\/semmelweis.hu\/vizilabda\/wp-json\/wp\/v2\/pages"}],"about":[{"href":"https:\/\/semmelweis.hu\/vizilabda\/wp-json\/wp\/v2\/types\/page"}],"author":[{"embeddable":true,"href":"https:\/\/semmelweis.hu\/vizilabda\/wp-json\/wp\/v2\/users\/102504"}],"replies":[{"embeddable":true,"href":"https:\/\/semmelweis.hu\/vizilabda\/wp-json\/wp\/v2\/comments?post=1820"}],"version-history":[{"count":1,"href":"https:\/\/semmelweis.hu\/vizilabda\/wp-json\/wp\/v2\/pages\/1820\/revisions"}],"predecessor-version":[{"id":1822,"href":"https:\/\/semmelweis.hu\/vizilabda\/wp-json\/wp\/v2\/pages\/1820\/revisions\/1822"}],"up":[{"embeddable":true,"href":"https:\/\/semmelweis.hu\/vizilabda\/wp-json\/wp\/v2\/pages\/237"}],"wp:featuredmedia":[{"embeddable":true,"href":"https:\/\/semmelweis.hu\/vizilabda\/wp-json\/wp\/v2\/media\/1821"}],"wp:attachment":[{"href":"https:\/\/semmelweis.hu\/vizilabda\/wp-json\/wp\/v2\/media?parent=1820"}],"wp:term":[{"taxonomy":"category","embeddable":true,"href":"https:\/\/semmelweis.hu\/vizilabda\/wp-json\/wp\/v2\/categories?post=1820"},{"taxonomy":"post_tag","embeddable":true,"href":"https:\/\/semmelweis.hu\/vizilabda\/wp-json\/wp\/v2\/tags?post=1820"}],"curies":[{"name":"wp","href":"https:\/\/api.w.org\/{rel}","templated":true}]}}