{"id":1811,"date":"2026-01-07T12:02:48","date_gmt":"2026-01-07T11:02:48","guid":{"rendered":"https:\/\/semmelweis.hu\/vizilabda\/?page_id=1811"},"modified":"2026-01-07T12:03:20","modified_gmt":"2026-01-07T11:03:20","slug":"regos-maja","status":"publish","type":"page","link":"https:\/\/semmelweis.hu\/vizilabda\/a-csapat\/orszagos-noi-ob1-b\/regos-maja\/","title":{"rendered":"Reg\u0151s Maja"},"content":{"rendered":"<p><strong>Sapkasz\u00e1m:<\/strong> 8<br \/>\n<strong>Poz\u00edci\u00f3:<\/strong> Center\u00a0<br \/>\n<strong>Kor:<\/strong> 23<br \/>\n<strong>Kar:<\/strong> SZE DF\u00c1JK- szem\u00e9ly\u00fcgyi, munka\u00fcgyi, szoci\u00e1lis igazgat\u00e1s MA<br \/>\n<strong>Foglalkoz\u00e1s:<\/strong> B\u00e9rsz\u00e1mfejt\u0151<\/p>\n","protected":false},"excerpt":{"rendered":"<p>Sapkasz\u00e1m: 8<br \/>\nPoz\u00edci\u00f3: Center\u00a0<br \/>\nKor: 23<br \/>\nKar: SZE DF\u00c1JK- szem\u00e9ly\u00fcgyi, munka\u00fcgyi, szoci\u00e1lis igazgat\u00e1s MA<br \/>\nFoglalkoz\u00e1s: B\u00e9rsz\u00e1mfejt\u0151<\/p>\n","protected":false},"author":102504,"featured_media":1814,"parent":237,"menu_order":0,"comment_status":"closed","ping_status":"closed","template":"","meta":{"_acf_changed":false,"footnotes":""},"categories":[46],"tags":[],"class_list":["post-1811","page","type-page","status-publish","has-post-thumbnail","hentry","category-noi-felnott-jatekosok"],"acf":[],"_links":{"self":[{"href":"https:\/\/semmelweis.hu\/vizilabda\/wp-json\/wp\/v2\/pages\/1811","targetHints":{"allow":["GET"]}}],"collection":[{"href":"https:\/\/semmelweis.hu\/vizilabda\/wp-json\/wp\/v2\/pages"}],"about":[{"href":"https:\/\/semmelweis.hu\/vizilabda\/wp-json\/wp\/v2\/types\/page"}],"author":[{"embeddable":true,"href":"https:\/\/semmelweis.hu\/vizilabda\/wp-json\/wp\/v2\/users\/102504"}],"replies":[{"embeddable":true,"href":"https:\/\/semmelweis.hu\/vizilabda\/wp-json\/wp\/v2\/comments?post=1811"}],"version-history":[{"count":2,"href":"https:\/\/semmelweis.hu\/vizilabda\/wp-json\/wp\/v2\/pages\/1811\/revisions"}],"predecessor-version":[{"id":1813,"href":"https:\/\/semmelweis.hu\/vizilabda\/wp-json\/wp\/v2\/pages\/1811\/revisions\/1813"}],"up":[{"embeddable":true,"href":"https:\/\/semmelweis.hu\/vizilabda\/wp-json\/wp\/v2\/pages\/237"}],"wp:featuredmedia":[{"embeddable":true,"href":"https:\/\/semmelweis.hu\/vizilabda\/wp-json\/wp\/v2\/media\/1814"}],"wp:attachment":[{"href":"https:\/\/semmelweis.hu\/vizilabda\/wp-json\/wp\/v2\/media?parent=1811"}],"wp:term":[{"taxonomy":"category","embeddable":true,"href":"https:\/\/semmelweis.hu\/vizilabda\/wp-json\/wp\/v2\/categories?post=1811"},{"taxonomy":"post_tag","embeddable":true,"href":"https:\/\/semmelweis.hu\/vizilabda\/wp-json\/wp\/v2\/tags?post=1811"}],"curies":[{"name":"wp","href":"https:\/\/api.w.org\/{rel}","templated":true}]}}