{"id":1800,"date":"2026-01-07T11:48:41","date_gmt":"2026-01-07T10:48:41","guid":{"rendered":"https:\/\/semmelweis.hu\/vizilabda\/?page_id=1800"},"modified":"2026-01-07T11:48:41","modified_gmt":"2026-01-07T10:48:41","slug":"megyesi-laura-dora","status":"publish","type":"page","link":"https:\/\/semmelweis.hu\/vizilabda\/a-csapat\/orszagos-noi-ob1-b\/megyesi-laura-dora\/","title":{"rendered":"Megyesi Laura D\u00f3ra"},"content":{"rendered":"<p><strong>Sapkasz\u00e1m:<\/strong> 2<br \/>\n<strong>Poz\u00edci\u00f3:<\/strong> Bekk<br \/>\n<strong>Kor:<\/strong> 23<br \/>\n<strong>Kar:<\/strong> GYTK &#8211; gy\u00f3gyszer\u00e9sz (IV. \u00c9vfolyam)<br \/>\n<strong>Hobbi:<\/strong> Utaz\u00e1s, gasztron\u00f3mia, term\u00e9szet<\/p>\n","protected":false},"excerpt":{"rendered":"<p>Sapkasz\u00e1m: 2<br \/>\nPoz\u00edci\u00f3: Bekk<br \/>\nKor: 23<br \/>\nKar: GYTK &#8211; gy\u00f3gyszer\u00e9sz (IV. \u00c9vfolyam)<br \/>\nHobbi: Utaz\u00e1s, gasztron\u00f3mia, term\u00e9szet<\/p>\n","protected":false},"author":102504,"featured_media":1801,"parent":237,"menu_order":0,"comment_status":"closed","ping_status":"closed","template":"","meta":{"_acf_changed":false,"footnotes":""},"categories":[46],"tags":[],"class_list":["post-1800","page","type-page","status-publish","has-post-thumbnail","hentry","category-noi-felnott-jatekosok"],"acf":[],"_links":{"self":[{"href":"https:\/\/semmelweis.hu\/vizilabda\/wp-json\/wp\/v2\/pages\/1800","targetHints":{"allow":["GET"]}}],"collection":[{"href":"https:\/\/semmelweis.hu\/vizilabda\/wp-json\/wp\/v2\/pages"}],"about":[{"href":"https:\/\/semmelweis.hu\/vizilabda\/wp-json\/wp\/v2\/types\/page"}],"author":[{"embeddable":true,"href":"https:\/\/semmelweis.hu\/vizilabda\/wp-json\/wp\/v2\/users\/102504"}],"replies":[{"embeddable":true,"href":"https:\/\/semmelweis.hu\/vizilabda\/wp-json\/wp\/v2\/comments?post=1800"}],"version-history":[{"count":1,"href":"https:\/\/semmelweis.hu\/vizilabda\/wp-json\/wp\/v2\/pages\/1800\/revisions"}],"predecessor-version":[{"id":1802,"href":"https:\/\/semmelweis.hu\/vizilabda\/wp-json\/wp\/v2\/pages\/1800\/revisions\/1802"}],"up":[{"embeddable":true,"href":"https:\/\/semmelweis.hu\/vizilabda\/wp-json\/wp\/v2\/pages\/237"}],"wp:featuredmedia":[{"embeddable":true,"href":"https:\/\/semmelweis.hu\/vizilabda\/wp-json\/wp\/v2\/media\/1801"}],"wp:attachment":[{"href":"https:\/\/semmelweis.hu\/vizilabda\/wp-json\/wp\/v2\/media?parent=1800"}],"wp:term":[{"taxonomy":"category","embeddable":true,"href":"https:\/\/semmelweis.hu\/vizilabda\/wp-json\/wp\/v2\/categories?post=1800"},{"taxonomy":"post_tag","embeddable":true,"href":"https:\/\/semmelweis.hu\/vizilabda\/wp-json\/wp\/v2\/tags?post=1800"}],"curies":[{"name":"wp","href":"https:\/\/api.w.org\/{rel}","templated":true}]}}