{"id":1796,"date":"2026-01-06T21:21:04","date_gmt":"2026-01-06T20:21:04","guid":{"rendered":"https:\/\/semmelweis.hu\/vizilabda\/?page_id=1796"},"modified":"2026-01-06T21:21:04","modified_gmt":"2026-01-06T20:21:04","slug":"loth-emese","status":"publish","type":"page","link":"https:\/\/semmelweis.hu\/vizilabda\/a-csapat\/orszagos-noi-ob1-b\/loth-emese\/","title":{"rendered":"L\u00f3th Emese"},"content":{"rendered":"<p><strong>Sapkasz\u00e1m:<\/strong> 14<br \/>\n<strong>Poz\u00edci\u00f3:<\/strong> Kapus<br \/>\n<strong>Kor:<\/strong> 21<br \/>\n<strong>Kar:<\/strong> \u00c1OK &#8211; \u00e1ltal\u00e1nos orvos (III. \u00c9vfolyam)<br \/>\n<strong>Hobbi:<\/strong> Olvas\u00e1s<\/p>\n","protected":false},"excerpt":{"rendered":"<p>Sapkasz\u00e1m: 14<br \/>\nPoz\u00edci\u00f3: Kapus<br \/>\nKor: 21<br \/>\nKar: \u00c1OK &#8211; \u00e1ltal\u00e1nos orvos (III. \u00c9vfolyam)<br \/>\nHobbi: Olvas\u00e1s<\/p>\n","protected":false},"author":102504,"featured_media":1797,"parent":237,"menu_order":0,"comment_status":"closed","ping_status":"closed","template":"","meta":{"_acf_changed":false,"footnotes":""},"categories":[46],"tags":[],"class_list":["post-1796","page","type-page","status-publish","has-post-thumbnail","hentry","category-noi-felnott-jatekosok"],"acf":[],"_links":{"self":[{"href":"https:\/\/semmelweis.hu\/vizilabda\/wp-json\/wp\/v2\/pages\/1796","targetHints":{"allow":["GET"]}}],"collection":[{"href":"https:\/\/semmelweis.hu\/vizilabda\/wp-json\/wp\/v2\/pages"}],"about":[{"href":"https:\/\/semmelweis.hu\/vizilabda\/wp-json\/wp\/v2\/types\/page"}],"author":[{"embeddable":true,"href":"https:\/\/semmelweis.hu\/vizilabda\/wp-json\/wp\/v2\/users\/102504"}],"replies":[{"embeddable":true,"href":"https:\/\/semmelweis.hu\/vizilabda\/wp-json\/wp\/v2\/comments?post=1796"}],"version-history":[{"count":1,"href":"https:\/\/semmelweis.hu\/vizilabda\/wp-json\/wp\/v2\/pages\/1796\/revisions"}],"predecessor-version":[{"id":1798,"href":"https:\/\/semmelweis.hu\/vizilabda\/wp-json\/wp\/v2\/pages\/1796\/revisions\/1798"}],"up":[{"embeddable":true,"href":"https:\/\/semmelweis.hu\/vizilabda\/wp-json\/wp\/v2\/pages\/237"}],"wp:featuredmedia":[{"embeddable":true,"href":"https:\/\/semmelweis.hu\/vizilabda\/wp-json\/wp\/v2\/media\/1797"}],"wp:attachment":[{"href":"https:\/\/semmelweis.hu\/vizilabda\/wp-json\/wp\/v2\/media?parent=1796"}],"wp:term":[{"taxonomy":"category","embeddable":true,"href":"https:\/\/semmelweis.hu\/vizilabda\/wp-json\/wp\/v2\/categories?post=1796"},{"taxonomy":"post_tag","embeddable":true,"href":"https:\/\/semmelweis.hu\/vizilabda\/wp-json\/wp\/v2\/tags?post=1796"}],"curies":[{"name":"wp","href":"https:\/\/api.w.org\/{rel}","templated":true}]}}