{"id":1789,"date":"2026-01-06T21:13:32","date_gmt":"2026-01-06T20:13:32","guid":{"rendered":"https:\/\/semmelweis.hu\/vizilabda\/?page_id=1789"},"modified":"2026-01-06T21:13:32","modified_gmt":"2026-01-06T20:13:32","slug":"lakatos-anna-flora","status":"publish","type":"page","link":"https:\/\/semmelweis.hu\/vizilabda\/a-csapat\/orszagos-noi-ob1-b\/lakatos-anna-flora\/","title":{"rendered":"Lakatos Anna Fl\u00f3ra"},"content":{"rendered":"<p><strong>Poz\u00edci\u00f3:<\/strong> Rosszk\u00e9z sz\u00e9ls\u0151<br \/>\n<strong>Kor:<\/strong> 19<br \/>\n<strong>Kar:<\/strong> BTK-pszichol\u00f3gia (I. \u00c9vfolyam)<br \/>\n<strong>Hobbi:<\/strong> Utaz\u00e1s, t\u00e1nc, s\u00fct\u00e9s<\/p>\n","protected":false},"excerpt":{"rendered":"<p>Poz\u00edci\u00f3: Rosszk\u00e9z sz\u00e9ls\u0151<br \/>\nKor: 19<br \/>\nKar: BTK-pszichol\u00f3gia (I. \u00c9vfolyam)<br \/>\nHobbi: Utaz\u00e1s, t\u00e1nc, s\u00fct\u00e9s<\/p>\n","protected":false},"author":102504,"featured_media":1790,"parent":237,"menu_order":0,"comment_status":"closed","ping_status":"closed","template":"","meta":{"_acf_changed":false,"footnotes":""},"categories":[46],"tags":[],"class_list":["post-1789","page","type-page","status-publish","has-post-thumbnail","hentry","category-noi-felnott-jatekosok"],"acf":[],"_links":{"self":[{"href":"https:\/\/semmelweis.hu\/vizilabda\/wp-json\/wp\/v2\/pages\/1789","targetHints":{"allow":["GET"]}}],"collection":[{"href":"https:\/\/semmelweis.hu\/vizilabda\/wp-json\/wp\/v2\/pages"}],"about":[{"href":"https:\/\/semmelweis.hu\/vizilabda\/wp-json\/wp\/v2\/types\/page"}],"author":[{"embeddable":true,"href":"https:\/\/semmelweis.hu\/vizilabda\/wp-json\/wp\/v2\/users\/102504"}],"replies":[{"embeddable":true,"href":"https:\/\/semmelweis.hu\/vizilabda\/wp-json\/wp\/v2\/comments?post=1789"}],"version-history":[{"count":1,"href":"https:\/\/semmelweis.hu\/vizilabda\/wp-json\/wp\/v2\/pages\/1789\/revisions"}],"predecessor-version":[{"id":1791,"href":"https:\/\/semmelweis.hu\/vizilabda\/wp-json\/wp\/v2\/pages\/1789\/revisions\/1791"}],"up":[{"embeddable":true,"href":"https:\/\/semmelweis.hu\/vizilabda\/wp-json\/wp\/v2\/pages\/237"}],"wp:featuredmedia":[{"embeddable":true,"href":"https:\/\/semmelweis.hu\/vizilabda\/wp-json\/wp\/v2\/media\/1790"}],"wp:attachment":[{"href":"https:\/\/semmelweis.hu\/vizilabda\/wp-json\/wp\/v2\/media?parent=1789"}],"wp:term":[{"taxonomy":"category","embeddable":true,"href":"https:\/\/semmelweis.hu\/vizilabda\/wp-json\/wp\/v2\/categories?post=1789"},{"taxonomy":"post_tag","embeddable":true,"href":"https:\/\/semmelweis.hu\/vizilabda\/wp-json\/wp\/v2\/tags?post=1789"}],"curies":[{"name":"wp","href":"https:\/\/api.w.org\/{rel}","templated":true}]}}