{"id":1784,"date":"2026-01-06T19:50:27","date_gmt":"2026-01-06T18:50:27","guid":{"rendered":"https:\/\/semmelweis.hu\/vizilabda\/?page_id=1784"},"modified":"2026-01-06T21:00:48","modified_gmt":"2026-01-06T20:00:48","slug":"katai-benedek-hanna-beata","status":"publish","type":"page","link":"https:\/\/semmelweis.hu\/vizilabda\/a-csapat\/orszagos-noi-ob1-b\/katai-benedek-hanna-beata\/","title":{"rendered":"K\u00e1tai-Benedek Hanna Be\u00e1ta"},"content":{"rendered":"<p><strong>Sapkasz\u00e1m:<\/strong> 13<br \/>\n<strong>Poz\u00edci\u00f3: Kap\u00e1s<\/strong> h\u00e1ts\u00f3<br \/>\n<strong>Kor:<\/strong> 19<br \/>\n<strong>Kar:<\/strong> PAK &#8211; konduktor (II. \u00c9vfolyam)<\/p>\n","protected":false},"excerpt":{"rendered":"<p>Sapkasz\u00e1m: 13<br \/>\nPoz\u00edci\u00f3: Kap\u00e1s h\u00e1ts\u00f3<br \/>\nKor: 19<br \/>\nKar: PAK &#8211; konduktor (II. \u00c9vfolyam)<\/p>\n","protected":false},"author":102504,"featured_media":1785,"parent":237,"menu_order":0,"comment_status":"closed","ping_status":"closed","template":"","meta":{"_acf_changed":false,"footnotes":""},"categories":[46],"tags":[],"class_list":["post-1784","page","type-page","status-publish","has-post-thumbnail","hentry","category-noi-felnott-jatekosok"],"acf":[],"_links":{"self":[{"href":"https:\/\/semmelweis.hu\/vizilabda\/wp-json\/wp\/v2\/pages\/1784","targetHints":{"allow":["GET"]}}],"collection":[{"href":"https:\/\/semmelweis.hu\/vizilabda\/wp-json\/wp\/v2\/pages"}],"about":[{"href":"https:\/\/semmelweis.hu\/vizilabda\/wp-json\/wp\/v2\/types\/page"}],"author":[{"embeddable":true,"href":"https:\/\/semmelweis.hu\/vizilabda\/wp-json\/wp\/v2\/users\/102504"}],"replies":[{"embeddable":true,"href":"https:\/\/semmelweis.hu\/vizilabda\/wp-json\/wp\/v2\/comments?post=1784"}],"version-history":[{"count":1,"href":"https:\/\/semmelweis.hu\/vizilabda\/wp-json\/wp\/v2\/pages\/1784\/revisions"}],"predecessor-version":[{"id":1786,"href":"https:\/\/semmelweis.hu\/vizilabda\/wp-json\/wp\/v2\/pages\/1784\/revisions\/1786"}],"up":[{"embeddable":true,"href":"https:\/\/semmelweis.hu\/vizilabda\/wp-json\/wp\/v2\/pages\/237"}],"wp:featuredmedia":[{"embeddable":true,"href":"https:\/\/semmelweis.hu\/vizilabda\/wp-json\/wp\/v2\/media\/1785"}],"wp:attachment":[{"href":"https:\/\/semmelweis.hu\/vizilabda\/wp-json\/wp\/v2\/media?parent=1784"}],"wp:term":[{"taxonomy":"category","embeddable":true,"href":"https:\/\/semmelweis.hu\/vizilabda\/wp-json\/wp\/v2\/categories?post=1784"},{"taxonomy":"post_tag","embeddable":true,"href":"https:\/\/semmelweis.hu\/vizilabda\/wp-json\/wp\/v2\/tags?post=1784"}],"curies":[{"name":"wp","href":"https:\/\/api.w.org\/{rel}","templated":true}]}}