{"id":1781,"date":"2026-01-06T19:47:40","date_gmt":"2026-01-06T18:47:40","guid":{"rendered":"https:\/\/semmelweis.hu\/vizilabda\/?page_id=1781"},"modified":"2026-01-06T21:00:48","modified_gmt":"2026-01-06T20:00:48","slug":"irmes-rozalia-regina","status":"publish","type":"page","link":"https:\/\/semmelweis.hu\/vizilabda\/a-csapat\/orszagos-noi-ob1-b\/irmes-rozalia-regina\/","title":{"rendered":"Irmes Roz\u00e1lia Regina"},"content":{"rendered":"<p><strong>Sapkasz\u00e1m:<\/strong> 11<br \/>\n<strong>Poz\u00edci\u00f3:<\/strong> Rosszk\u00e9z h\u00e1ts\u00f3\/sz\u00e9ls\u0151<br \/>\n<strong>Kor:<\/strong> 21<br \/>\n<strong>Kar:<\/strong> FOK &#8211; fogorvos (II. \u00c9vfolyam)<br \/>\n<strong>Hobbi:<\/strong> Meal prep vas\u00e1rnap<\/p>\n","protected":false},"excerpt":{"rendered":"<p>Sapkasz\u00e1m: 11<br \/>\nPoz\u00edci\u00f3: Rosszk\u00e9z h\u00e1ts\u00f3\/sz\u00e9ls\u0151<br \/>\nKor: 21<br \/>\nKar: FOK &#8211; fogorvos (II. \u00c9vfolyam)<br \/>\nHobbi: Meal prep vas\u00e1rnap<\/p>\n","protected":false},"author":102504,"featured_media":1782,"parent":237,"menu_order":0,"comment_status":"closed","ping_status":"closed","template":"","meta":{"_acf_changed":false,"footnotes":""},"categories":[46],"tags":[],"class_list":["post-1781","page","type-page","status-publish","has-post-thumbnail","hentry","category-noi-felnott-jatekosok"],"acf":[],"_links":{"self":[{"href":"https:\/\/semmelweis.hu\/vizilabda\/wp-json\/wp\/v2\/pages\/1781","targetHints":{"allow":["GET"]}}],"collection":[{"href":"https:\/\/semmelweis.hu\/vizilabda\/wp-json\/wp\/v2\/pages"}],"about":[{"href":"https:\/\/semmelweis.hu\/vizilabda\/wp-json\/wp\/v2\/types\/page"}],"author":[{"embeddable":true,"href":"https:\/\/semmelweis.hu\/vizilabda\/wp-json\/wp\/v2\/users\/102504"}],"replies":[{"embeddable":true,"href":"https:\/\/semmelweis.hu\/vizilabda\/wp-json\/wp\/v2\/comments?post=1781"}],"version-history":[{"count":1,"href":"https:\/\/semmelweis.hu\/vizilabda\/wp-json\/wp\/v2\/pages\/1781\/revisions"}],"predecessor-version":[{"id":1783,"href":"https:\/\/semmelweis.hu\/vizilabda\/wp-json\/wp\/v2\/pages\/1781\/revisions\/1783"}],"up":[{"embeddable":true,"href":"https:\/\/semmelweis.hu\/vizilabda\/wp-json\/wp\/v2\/pages\/237"}],"wp:featuredmedia":[{"embeddable":true,"href":"https:\/\/semmelweis.hu\/vizilabda\/wp-json\/wp\/v2\/media\/1782"}],"wp:attachment":[{"href":"https:\/\/semmelweis.hu\/vizilabda\/wp-json\/wp\/v2\/media?parent=1781"}],"wp:term":[{"taxonomy":"category","embeddable":true,"href":"https:\/\/semmelweis.hu\/vizilabda\/wp-json\/wp\/v2\/categories?post=1781"},{"taxonomy":"post_tag","embeddable":true,"href":"https:\/\/semmelweis.hu\/vizilabda\/wp-json\/wp\/v2\/tags?post=1781"}],"curies":[{"name":"wp","href":"https:\/\/api.w.org\/{rel}","templated":true}]}}