{"id":1771,"date":"2026-01-06T19:37:14","date_gmt":"2026-01-06T18:37:14","guid":{"rendered":"https:\/\/semmelweis.hu\/vizilabda\/?page_id=1771"},"modified":"2026-01-06T21:00:47","modified_gmt":"2026-01-06T20:00:47","slug":"brousil-dorka-kata","status":"publish","type":"page","link":"https:\/\/semmelweis.hu\/vizilabda\/a-csapat\/orszagos-noi-ob1-b\/brousil-dorka-kata\/","title":{"rendered":"Brousil Dorka Kata"},"content":{"rendered":"<p><strong>Sapkasz\u00e1m:<\/strong> 3<br \/>\n<strong>Poz\u00edci\u00f3:<\/strong> Rosszk\u00e9z sz\u00e9ls\u0151<br \/>\n<strong>Kor:<\/strong> 23<br \/>\n<strong>Kar:<\/strong> \u00c1OK &#8211; \u00e1ltal\u00e1nos orvos (V. \u00c9vfolyam)<br \/>\n<strong>Hobbi:<\/strong> Olvas\u00e1s, s\u00fct\u00e9s<\/p>\n","protected":false},"excerpt":{"rendered":"<p>Sapkasz\u00e1m: 3<br \/>\nPoz\u00edci\u00f3: Rosszk\u00e9z sz\u00e9ls\u0151<br \/>\nKor: 23<br \/>\nKar: \u00c1OK &#8211; \u00e1ltal\u00e1nos orvos (V. \u00c9vfolyam)<br \/>\nHobbi: Olvas\u00e1s, s\u00fct\u00e9s<\/p>\n","protected":false},"author":102504,"featured_media":1772,"parent":237,"menu_order":0,"comment_status":"closed","ping_status":"closed","template":"","meta":{"_acf_changed":false,"footnotes":""},"categories":[46],"tags":[],"class_list":["post-1771","page","type-page","status-publish","has-post-thumbnail","hentry","category-noi-felnott-jatekosok"],"acf":[],"_links":{"self":[{"href":"https:\/\/semmelweis.hu\/vizilabda\/wp-json\/wp\/v2\/pages\/1771","targetHints":{"allow":["GET"]}}],"collection":[{"href":"https:\/\/semmelweis.hu\/vizilabda\/wp-json\/wp\/v2\/pages"}],"about":[{"href":"https:\/\/semmelweis.hu\/vizilabda\/wp-json\/wp\/v2\/types\/page"}],"author":[{"embeddable":true,"href":"https:\/\/semmelweis.hu\/vizilabda\/wp-json\/wp\/v2\/users\/102504"}],"replies":[{"embeddable":true,"href":"https:\/\/semmelweis.hu\/vizilabda\/wp-json\/wp\/v2\/comments?post=1771"}],"version-history":[{"count":1,"href":"https:\/\/semmelweis.hu\/vizilabda\/wp-json\/wp\/v2\/pages\/1771\/revisions"}],"predecessor-version":[{"id":1773,"href":"https:\/\/semmelweis.hu\/vizilabda\/wp-json\/wp\/v2\/pages\/1771\/revisions\/1773"}],"up":[{"embeddable":true,"href":"https:\/\/semmelweis.hu\/vizilabda\/wp-json\/wp\/v2\/pages\/237"}],"wp:featuredmedia":[{"embeddable":true,"href":"https:\/\/semmelweis.hu\/vizilabda\/wp-json\/wp\/v2\/media\/1772"}],"wp:attachment":[{"href":"https:\/\/semmelweis.hu\/vizilabda\/wp-json\/wp\/v2\/media?parent=1771"}],"wp:term":[{"taxonomy":"category","embeddable":true,"href":"https:\/\/semmelweis.hu\/vizilabda\/wp-json\/wp\/v2\/categories?post=1771"},{"taxonomy":"post_tag","embeddable":true,"href":"https:\/\/semmelweis.hu\/vizilabda\/wp-json\/wp\/v2\/tags?post=1771"}],"curies":[{"name":"wp","href":"https:\/\/api.w.org\/{rel}","templated":true}]}}