{"id":1760,"date":"2026-01-06T19:23:17","date_gmt":"2026-01-06T18:23:17","guid":{"rendered":"https:\/\/semmelweis.hu\/vizilabda\/?page_id=1760"},"modified":"2026-01-07T23:32:39","modified_gmt":"2026-01-07T22:32:39","slug":"awad-zoya","status":"publish","type":"page","link":"https:\/\/semmelweis.hu\/vizilabda\/a-csapat\/orszagos-noi-ob1-b\/awad-zoya\/","title":{"rendered":"Awad Zoya"},"content":{"rendered":"<p><strong>Poz\u00edci\u00f3:<\/strong> Kap\u00e1s h\u00e1ts\u00f3<br \/>\n<strong>Kor:<\/strong> 19 \u00e9v<br \/>\n<strong>Kar:<\/strong> GYTK &#8211; gy\u00f3gyszer\u00e9sz<\/p>\n<p>&nbsp;<\/p>\n","protected":false},"excerpt":{"rendered":"<p>Poz\u00edci\u00f3: Kap\u00e1s h\u00e1ts\u00f3<br \/>\nKor: 19 \u00e9v<br \/>\nKar: GYTK &#8211; gy\u00f3gyszer\u00e9sz<br \/>\n&nbsp;<\/p>\n","protected":false},"author":102504,"featured_media":1761,"parent":237,"menu_order":0,"comment_status":"closed","ping_status":"closed","template":"","meta":{"_acf_changed":false,"footnotes":""},"categories":[46],"tags":[],"class_list":["post-1760","page","type-page","status-publish","has-post-thumbnail","hentry","category-noi-felnott-jatekosok"],"acf":[],"_links":{"self":[{"href":"https:\/\/semmelweis.hu\/vizilabda\/wp-json\/wp\/v2\/pages\/1760","targetHints":{"allow":["GET"]}}],"collection":[{"href":"https:\/\/semmelweis.hu\/vizilabda\/wp-json\/wp\/v2\/pages"}],"about":[{"href":"https:\/\/semmelweis.hu\/vizilabda\/wp-json\/wp\/v2\/types\/page"}],"author":[{"embeddable":true,"href":"https:\/\/semmelweis.hu\/vizilabda\/wp-json\/wp\/v2\/users\/102504"}],"replies":[{"embeddable":true,"href":"https:\/\/semmelweis.hu\/vizilabda\/wp-json\/wp\/v2\/comments?post=1760"}],"version-history":[{"count":3,"href":"https:\/\/semmelweis.hu\/vizilabda\/wp-json\/wp\/v2\/pages\/1760\/revisions"}],"predecessor-version":[{"id":1839,"href":"https:\/\/semmelweis.hu\/vizilabda\/wp-json\/wp\/v2\/pages\/1760\/revisions\/1839"}],"up":[{"embeddable":true,"href":"https:\/\/semmelweis.hu\/vizilabda\/wp-json\/wp\/v2\/pages\/237"}],"wp:featuredmedia":[{"embeddable":true,"href":"https:\/\/semmelweis.hu\/vizilabda\/wp-json\/wp\/v2\/media\/1761"}],"wp:attachment":[{"href":"https:\/\/semmelweis.hu\/vizilabda\/wp-json\/wp\/v2\/media?parent=1760"}],"wp:term":[{"taxonomy":"category","embeddable":true,"href":"https:\/\/semmelweis.hu\/vizilabda\/wp-json\/wp\/v2\/categories?post=1760"},{"taxonomy":"post_tag","embeddable":true,"href":"https:\/\/semmelweis.hu\/vizilabda\/wp-json\/wp\/v2\/tags?post=1760"}],"curies":[{"name":"wp","href":"https:\/\/api.w.org\/{rel}","templated":true}]}}