{"id":17,"date":"2019-09-09T14:42:47","date_gmt":"2019-09-09T12:42:47","guid":{"rendered":"http:\/\/semmelweis.hu\/vizilabda\/?page_id=17"},"modified":"2026-04-08T15:39:07","modified_gmt":"2026-04-08T13:39:07","slug":"tao","status":"publish","type":"page","link":"https:\/\/semmelweis.hu\/vizilabda\/tao\/","title":{"rendered":"TAO"},"content":{"rendered":"<h3>2026<\/h3>\n<ul>\n<li><a href=\"https:\/\/semmelweis.hu\/vizilabda\/files\/2026\/04\/SESK-26_27-sfp.pdf\" target=\"_blank\" rel=\"noopener\">TAO k\u00e9relem (UP)<\/a><\/li>\n<li><a href=\"https:\/\/semmelweis.hu\/vizilabda\/files\/2026\/04\/SESK-jovahagyo-hatarozat.pdf\" target=\"_blank\" rel=\"noopener\">TAO j\u00f3v\u00e1hagy\u00f3 v\u00e9gz\u00e9s (UP)<\/a><\/li>\n<li><a href=\"https:\/\/semmelweis.hu\/vizilabda\/files\/2026\/04\/SOSC-Kft-26_27-sfp.pdf\" target=\"_blank\" rel=\"noopener\">TAO k\u00e9relem\u00a0<\/a><\/li>\n<li><a href=\"https:\/\/semmelweis.hu\/vizilabda\/files\/2026\/04\/SOSC-Kft-jovahagyo-hatarozat.pdf\" target=\"_blank\" rel=\"noopener\">TAO j\u00f3v\u00e1hagy\u00f3 v\u00e9gz\u00e9s\u00a0<\/a><\/li>\n<\/ul>\n<h3>2025<\/h3>\n<ul>\n<li><a href=\"https:\/\/semmelweis.hu\/vizilabda\/files\/2025\/05\/sportfejlesztesi-program-vizilabda-2025-26.pdf\" target=\"_blank\" rel=\"noopener\">TAO k\u00e9relem 2025\/26<\/a><\/li>\n<li><a href=\"https:\/\/semmelweis.hu\/vizilabda\/files\/2025\/05\/jovahagyo-hatarozat-25-26-MVLSZ.pdf\" target=\"_blank\" rel=\"noopener\">TAO j\u00f3v\u00e1hagy\u00f3 v\u00e9gz\u00e9s 2025\/26<\/a><\/li>\n<\/ul>\n<h3>2024<\/h3>\n<ul>\n<li><a href=\"https:\/\/semmelweis.hu\/vizilabda\/files\/2024\/04\/kerelem-jovahagyott-program-SE-vizilabda-2024.pdf\" target=\"_blank\" rel=\"noopener\">TAO k\u00e9relem 2024\/25 <\/a><\/li>\n<li><a href=\"https:\/\/semmelweis.hu\/vizilabda\/files\/2024\/04\/jovahagyo-hatarozat_SE_vizilabda_2024.pdf\" target=\"_blank\" rel=\"noopener\">TAO j\u00f3v\u00e1hagy\u00f3 v\u00e9gz\u00e9s 2024\/25\u00a0<\/a><\/li>\n<\/ul>\n<h3>2023<\/h3>\n<ul>\n<li><a href=\"https:\/\/semmelweis.hu\/vizilabda\/files\/2023\/03\/SOTE_2023MU\u030bK_SFP_jh.ke\u0301relem_publikus.pdf\">TAO k\u00e9relem 2023<\/a><\/li>\n<li><a href=\"https:\/\/semmelweis.hu\/vizilabda\/files\/2023\/03\/SOTE_2023MU\u030bK_SFP_jh.hata\u0301rozat.pdf\">TAO j\u00f3v\u00e1hagy\u00f3 v\u00e9gz\u00e9s 2023<\/a><\/li>\n<\/ul>\n<h3>2022<\/h3>\n<ul>\n<li><a href=\"https:\/\/semmelweis.hu\/vizilabda\/files\/2023\/05\/SOTE_2022_SFP_jh.ke\u0301relem_publ.pdf\">TAO k\u00e9relem 2022<\/a><\/li>\n<li><a href=\"https:\/\/semmelweis.hu\/vizilabda\/files\/2023\/05\/SOTE_2022_SFP_jh.hata\u0301rozat.pdf\">TAO j\u00f3v\u00e1hagy\u00f3 v\u00e9gz\u00e9s 2022<\/a><\/li>\n<\/ul>\n<h3>2021<\/h3>\n<ul>\n<li><a href=\"https:\/\/semmelweis.hu\/vizilabda\/files\/2021\/04\/SOTE_202122_SFP_j%C3%B3v%C3%A1hagyott_k%C3%A9relem.pdf\">TAO k\u00e9relem 2021<\/a><\/li>\n<li><a href=\"https:\/\/semmelweis.hu\/vizilabda\/files\/2021\/04\/SOTE_202122_SFP_j%C3%B3v%C3%A1hagy%C3%B3_hat%C3%A1rozat.pdf\">TAO j\u00f3v\u00e1hagy\u00f3 v\u00e9gz\u00e9s 2021<\/a><\/li>\n<\/ul>\n<h3>2020<\/h3>\n<ul>\n<li><a href=\"https:\/\/semmelweis.hu\/vizilabda\/files\/2020\/05\/SOTE_20-21_SFP_jh_k\u00e9relem.pdf\">TAO k\u00e9relem 2020<\/a><\/li>\n<li><a href=\"https:\/\/semmelweis.hu\/vizilabda\/files\/2020\/05\/SOTE_20-21_SFP_jh_hat\u00e1rozat.pdf\">TAO j\u00f3v\u00e1hagy\u00f3 v\u00e9gz\u00e9s 2020<\/a><\/li>\n<\/ul>\n<h3>2019<\/h3>\n<ul>\n<li><a href=\"https:\/\/semmelweis.hu\/vizilabda\/files\/2019\/10\/sfp_publikus_04052_20191021_1571639761_1571639767.pdf\">TAO k\u00e9relem 2019<\/a><\/li>\n<li><a href=\"https:\/\/semmelweis.hu\/vizilabda\/files\/2019\/10\/sfpjovahagyohatarozat_1571404548.pdf\">TAO J\u00f3v\u00e1hagy\u00f3 v\u00e9gz\u00e9s 2019<\/a><\/li>\n<\/ul>\n<h3>2018<\/h3>\n<ul>\n<li><a href=\"https:\/\/semmelweis.hu\/vizilabda\/files\/2019\/09\/TAO-sfp_kerelem_2019.pdf\">TAO k\u00e9relem 2018<\/a><\/li>\n<li><a href=\"https:\/\/semmelweis.hu\/vizilabda\/files\/2019\/09\/TAO-sfpjovahagyohatarozat_2019.pdf\">TAO J\u00f3v\u00e1hagy\u00f3 v\u00e9gz\u00e9s 2018<\/a><\/li>\n<\/ul>\n<h3>2017<\/h3>\n<ul>\n<li><a href=\"https:\/\/semmelweis.hu\/vizilabda\/files\/2019\/09\/TAO-sfp_kerelem_2018.pdf\">TAO k\u00e9relem 2017<\/a><\/li>\n<li><a href=\"https:\/\/semmelweis.hu\/vizilabda\/files\/2019\/09\/TAO-sfpjovahagyohatarozat_2018.pdf\">TAO J\u00f3v\u00e1hagy\u00f3 v\u00e9gz\u00e9s 2017<\/a><\/li>\n<\/ul>\n<h3>2016<\/h3>\n<ul>\n<li><a href=\"https:\/\/semmelweis.hu\/vizilabda\/files\/2019\/09\/TAO-sfp_kerelem_2016.pdf\">TAO k\u00e9relem 2016<\/a><\/li>\n<li><a href=\"https:\/\/semmelweis.hu\/vizilabda\/files\/2019\/09\/TAO-sfpjovahagyohatarozat_2016.pdf\">TAO J\u00f3v\u00e1hagy\u00f3 v\u00e9gz\u00e9s 2016<\/a><\/li>\n<\/ul>\n","protected":false},"excerpt":{"rendered":"<p>2026<\/p>\n<p><a href=\"https:\/\/semmelweis.hu\/vizilabda\/files\/2026\/04\/SESK-26_27-sfp.pdf\" target=\"_blank\" rel=\"noopener\">TAO k\u00e9relem (UP)<\/a><br \/>\n<a href=\"https:\/\/semmelweis.hu\/vizilabda\/files\/2026\/04\/SESK-jovahagyo-hatarozat.pdf\" target=\"_blank\" rel=\"noopener\">TAO j\u00f3v\u00e1hagy\u00f3 v\u00e9gz\u00e9s (UP)<\/a><br \/>\n<a href=\"https:\/\/semmelweis.hu\/vizilabda\/files\/2026\/04\/SOSC-Kft-26_27-sfp.pdf\" target=\"_blank\" rel=\"noopener\">TAO k\u00e9relem\u00a0<\/a><br \/>\n<a href=\"https:\/\/semmelweis.hu\/vizilabda\/files\/2026\/04\/SOSC-Kft-jovahagyo-hatarozat.pdf\" target=\"_blank\" rel=\"noopener\">TAO j\u00f3v\u00e1hagy\u00f3 v\u00e9gz\u00e9s\u00a0<\/a><\/p>\n<p>2025<\/p>\n<p><a href=\"https:\/\/semmelweis.hu\/vizilabda\/files\/2025\/05\/sportfejlesztesi-program-vizilabda-2025-26.pdf\" target=\"_blank\" rel=\"noopener\">TAO k\u00e9relem 2025\/26<\/a><br \/>\n<a href=\"https:\/\/semmelweis.hu\/vizilabda\/files\/2025\/05\/jovahagyo-hatarozat-25-26-MVLSZ.pdf\" target=\"_blank\" rel=\"noopener\">TAO j\u00f3v\u00e1hagy\u00f3 v\u00e9gz\u00e9s 2025\/26<\/a><\/p>\n<p>2024<\/p>\n<p><a href=\"https:\/\/semmelweis.hu\/vizilabda\/files\/2024\/04\/kerelem-jovahagyott-program-SE-vizilabda-2024.pdf\" target=\"_blank\" rel=\"noopener\">TAO k\u00e9relem 2024\/25 <\/a><br \/>\n<a href=\"https:\/\/semmelweis.hu\/vizilabda\/files\/2024\/04\/jovahagyo-hatarozat_SE_vizilabda_2024.pdf\" target=\"_blank\" rel=\"noopener\">TAO j\u00f3v\u00e1hagy\u00f3 v\u00e9gz\u00e9s 2024\/25\u00a0<\/a><\/p>\n<p>2023<\/p>\n<p><a href=\"https:\/\/semmelweis.hu\/vizilabda\/files\/2023\/03\/SOTE_2023MU\u030bK_SFP_jh.ke\u0301relem_publikus.pdf\">TAO k\u00e9relem 2023<\/a><br \/>\n<a href=\"https:\/\/semmelweis.hu\/vizilabda\/files\/2023\/03\/SOTE_2023MU\u030bK_SFP_jh.hata\u0301rozat.pdf\">TAO j\u00f3v\u00e1hagy\u00f3 v\u00e9gz\u00e9s 2023<\/a><\/p>\n<p>2022<\/p>\n<p><a href=\"https:\/\/semmelweis.hu\/vizilabda\/files\/2023\/05\/SOTE_2022_SFP_jh.ke\u0301relem_publ.pdf\">TAO k\u00e9relem 2022<\/a><br \/>\n<a href=\"https:\/\/semmelweis.hu\/vizilabda\/files\/2023\/05\/SOTE_2022_SFP_jh.hata\u0301rozat.pdf\">TAO j\u00f3v\u00e1hagy\u00f3 v\u00e9gz\u00e9s 2022<\/a><\/p>\n<p>2021<\/p>\n<p><a href=\"https:\/\/semmelweis.hu\/vizilabda\/files\/2021\/04\/SOTE_202122_SFP_j%C3%B3v%C3%A1hagyott_k%C3%A9relem.pdf\">TAO k\u00e9relem 2021<\/a><br \/>\n<a href=\"https:\/\/semmelweis.hu\/vizilabda\/files\/2021\/04\/SOTE_202122_SFP_j%C3%B3v%C3%A1hagy%C3%B3_hat%C3%A1rozat.pdf\">TAO j\u00f3v\u00e1hagy\u00f3 v\u00e9gz\u00e9s 2021<\/a><\/p>\n<p>2020<\/p>\n<p><a href=\"https:\/\/semmelweis.hu\/vizilabda\/files\/2020\/05\/SOTE_20-21_SFP_jh_k\u00e9relem.pdf\">TAO k\u00e9relem 2020<\/a><br \/>\n<a href=\"https:\/\/semmelweis.hu\/vizilabda\/files\/2020\/05\/SOTE_20-21_SFP_jh_hat\u00e1rozat.pdf\">TAO j\u00f3v\u00e1hagy\u00f3 v\u00e9gz\u00e9s 2020<\/a><\/p>\n<p>2019<\/p>\n<p><a href=\"https:\/\/semmelweis.hu\/vizilabda\/files\/2019\/10\/sfp_publikus_04052_20191021_1571639761_1571639767.pdf\">TAO k\u00e9relem 2019<\/a><br \/>\n<a href=\"https:\/\/semmelweis.hu\/vizilabda\/files\/2019\/10\/sfpjovahagyohatarozat_1571404548.pdf\">TAO J\u00f3v\u00e1hagy\u00f3 v\u00e9gz\u00e9s 2019<\/a><\/p>\n<p>2018<\/p>\n<p><a href=\"https:\/\/semmelweis.hu\/vizilabda\/files\/2019\/09\/TAO-sfp_kerelem_2019.pdf\">TAO k\u00e9relem 2018<\/a><br \/>\n<a href=\"https:\/\/semmelweis.hu\/vizilabda\/files\/2019\/09\/TAO-sfpjovahagyohatarozat_2019.pdf\">TAO J\u00f3v\u00e1hagy\u00f3 v\u00e9gz\u00e9s 2018<\/a><\/p>\n<p>2017<\/p>\n<p><a href=\"https:\/\/semmelweis.hu\/vizilabda\/files\/2019\/09\/TAO-sfp_kerelem_2018.pdf\">TAO k\u00e9relem 2017<\/a><br \/>\n<a href=\"https:\/\/semmelweis.hu\/vizilabda\/files\/2019\/09\/TAO-sfpjovahagyohatarozat_2018.pdf\">TAO J\u00f3v\u00e1hagy\u00f3 v\u00e9gz\u00e9s 2017<\/a><\/p>\n<p>2016<\/p>\n<p><a href=\"https:\/\/semmelweis.hu\/vizilabda\/files\/2019\/09\/TAO-sfp_kerelem_2016.pdf\">TAO k\u00e9relem 2016<\/a><br \/>\n<a href=\"https:\/\/semmelweis.hu\/vizilabda\/files\/2019\/09\/TAO-sfpjovahagyohatarozat_2016.pdf\">TAO J\u00f3v\u00e1hagy\u00f3 v\u00e9gz\u00e9s 2016<\/a><\/p>\n","protected":false},"author":12,"featured_media":0,"parent":0,"menu_order":5,"comment_status":"closed","ping_status":"closed","template":"","meta":{"_acf_changed":false,"footnotes":""},"categories":[],"tags":[],"class_list":["post-17","page","type-page","status-publish","hentry"],"acf":[],"_links":{"self":[{"href":"https:\/\/semmelweis.hu\/vizilabda\/wp-json\/wp\/v2\/pages\/17","targetHints":{"allow":["GET"]}}],"collection":[{"href":"https:\/\/semmelweis.hu\/vizilabda\/wp-json\/wp\/v2\/pages"}],"about":[{"href":"https:\/\/semmelweis.hu\/vizilabda\/wp-json\/wp\/v2\/types\/page"}],"author":[{"embeddable":true,"href":"https:\/\/semmelweis.hu\/vizilabda\/wp-json\/wp\/v2\/users\/12"}],"replies":[{"embeddable":true,"href":"https:\/\/semmelweis.hu\/vizilabda\/wp-json\/wp\/v2\/comments?post=17"}],"version-history":[{"count":10,"href":"https:\/\/semmelweis.hu\/vizilabda\/wp-json\/wp\/v2\/pages\/17\/revisions"}],"predecessor-version":[{"id":2156,"href":"https:\/\/semmelweis.hu\/vizilabda\/wp-json\/wp\/v2\/pages\/17\/revisions\/2156"}],"wp:attachment":[{"href":"https:\/\/semmelweis.hu\/vizilabda\/wp-json\/wp\/v2\/media?parent=17"}],"wp:term":[{"taxonomy":"category","embeddable":true,"href":"https:\/\/semmelweis.hu\/vizilabda\/wp-json\/wp\/v2\/categories?post=17"},{"taxonomy":"post_tag","embeddable":true,"href":"https:\/\/semmelweis.hu\/vizilabda\/wp-json\/wp\/v2\/tags?post=17"}],"curies":[{"name":"wp","href":"https:\/\/api.w.org\/{rel}","templated":true}]}}