{"id":1456,"date":"2025-11-24T15:08:25","date_gmt":"2025-11-24T14:08:25","guid":{"rendered":"https:\/\/semmelweis.hu\/vizilabda\/?page_id=1456"},"modified":"2025-11-25T09:15:45","modified_gmt":"2025-11-25T08:15:45","slug":"budapest-serdulo-2","status":"publish","type":"page","link":"https:\/\/semmelweis.hu\/vizilabda\/utanpotlas\/budapest-serdulo-ifi\/budapest-serdulo-2\/","title":{"rendered":"Budapest Serd\u00fcl\u0151 2."},"content":{"rendered":"<div class=\"w-100 keretes\">A Budapest bajnoks\u00e1gban versenyz\u0151 serd\u00fcl\u0151 csapatunk a Budapesti Serd\u00fcl\u0151 Fi\u00fa Bajnoks\u00e1g (2009) versenyz\u0151je! A csapat vezet\u0151edz\u0151je Bisztrits\u00e1nyi D\u00e1vid, de Bal\u00e1zs Mikl\u00f3s is seg\u00edteni munk\u00e1j\u00e1t.<\/div>\n<div>\u00a0<\/div>\n<div><script type=\"text\/javascript\" src=\"https:\/\/semmelweis.hu\/vizilabda\/wp-content\/themes\/se18\/dist\/scripts\/carousel.js\"><\/script>    <section class=\"post-cards shortcode-wrapper\">\r\n        <div id=\"news-container\" class=\" d-none d-sm-flex flex-column  full-width-post-cards-shortcode-card news-container-for-card-code\" style=\"\">\r\n            \r\n            <div class=\"row card-row my-2 pt-3 pb-0 mx-0 w-100 \">\r\n               \r\n                \ufeff\r\n    <div class=\"card-format col col-12 col-md-4 col-lg-4 pl-1 pl-md-0 pr-1 pr-md-2 mb-2\">\r\n        <a class=\"d-block w-100\"  href=\"https:\/\/semmelweis.hu\/vizilabda\/semmelweis-osc-webshop\/\">\r\n      <!--  <a class=\"d-block w-100\" target=\"_blank\" href=\" \"> -->\r\n            <div class=\"card\">\r\n                                    <div class=\"card-image img-fluid \">\r\n                         \r\n                        <img loading=\"lazy\" decoding=\"async\" width=\"753\" height=\"502\" src=\"https:\/\/semmelweis.hu\/vizilabda\/files\/2026\/02\/semmelweis-osc-webshop-768x512.jpg\" class=\"landscape wp-post-image\" alt=\"\" srcset=\"https:\/\/semmelweis.hu\/vizilabda\/files\/2026\/02\/semmelweis-osc-webshop-768x512.jpg 768w, https:\/\/semmelweis.hu\/vizilabda\/files\/2026\/02\/semmelweis-osc-webshop-300x200.jpg 300w, https:\/\/semmelweis.hu\/vizilabda\/files\/2026\/02\/semmelweis-osc-webshop-1024x682.jpg 1024w, https:\/\/semmelweis.hu\/vizilabda\/files\/2026\/02\/semmelweis-osc-webshop-753x502.jpg 753w, https:\/\/semmelweis.hu\/vizilabda\/files\/2026\/02\/semmelweis-osc-webshop-203x135.jpg 203w, https:\/\/semmelweis.hu\/vizilabda\/files\/2026\/02\/semmelweis-osc-webshop.jpg 1280w\" sizes=\"auto, (max-width: 753px) 100vw, 753px\" \/>                    <\/div>\r\n                \r\n                <div class=\"card-body\">\r\n                    <div class=\"card-date text-uppercase  d-none  \">\r\n                                                    <h5><span class=\"font-weight-normal\">2026. <\/span>febru\u00e1r 19.<\/h5>\r\n                                            <\/div>\r\n                    <div class=\"card-title\">\r\n                        <h3 class=\"mt-2 entry-title\">SEMMELWEIS OSC WEBSHOP<\/h3>\r\n                    <\/div>\r\n                    <style>\r\n                        .card-text-inside{\r\n                                                 display: -webkit-box;\r\n                    -webkit-line-clamp: 4;\r\n                    -webkit-box-orient: vertical;\r\n                     overflow:hidden;\r\n                     text-overflow: ellipsis;\r\n                        }\r\n                        <\/style>\r\n                                    <\/div>\r\n            <\/div>\r\n        <\/a>\r\n    <\/div>\r\n\r\n\r\n\ufeff\r\n    <div class=\"card-format col col-12 col-md-4 col-lg-4 pl-1 pl-md-0 pr-1 pr-md-2 mb-2\">\r\n        <a class=\"d-block w-100\"  href=\"https:\/\/semmelweis.hu\/vizilabda\/2026\/01\/03\/ujevi-koszonto-toth-martontol\/\">\r\n      <!--  <a class=\"d-block w-100\" target=\"_blank\" href=\" \"> -->\r\n            <div class=\"card\">\r\n                                    <div class=\"card-image img-fluid \">\r\n                         \r\n                        <img loading=\"lazy\" decoding=\"async\" width=\"753\" height=\"753\" src=\"https:\/\/semmelweis.hu\/vizilabda\/files\/2025\/10\/Toth-Marton-768x768.png\" class=\"landscape wp-post-image\" alt=\"\" srcset=\"https:\/\/semmelweis.hu\/vizilabda\/files\/2025\/10\/Toth-Marton-768x768.png 768w, https:\/\/semmelweis.hu\/vizilabda\/files\/2025\/10\/Toth-Marton-300x300.png 300w, https:\/\/semmelweis.hu\/vizilabda\/files\/2025\/10\/Toth-Marton-150x150.png 150w, https:\/\/semmelweis.hu\/vizilabda\/files\/2025\/10\/Toth-Marton-753x753.png 753w, https:\/\/semmelweis.hu\/vizilabda\/files\/2025\/10\/Toth-Marton.png 1000w\" sizes=\"auto, (max-width: 753px) 100vw, 753px\" \/>                    <\/div>\r\n                \r\n                <div class=\"card-body\">\r\n                    <div class=\"card-date text-uppercase  d-none  \">\r\n                                                    <h5><span class=\"font-weight-normal\">2026. <\/span>janu\u00e1r 3.<\/h5>\r\n                                            <\/div>\r\n                    <div class=\"card-title\">\r\n                        <h3 class=\"mt-2 entry-title\">\u00daj\u00e9vi K\u00f6sz\u00f6nt\u0151 T\u00f3th M\u00e1rtont\u00f3l!<\/h3>\r\n                    <\/div>\r\n                    <style>\r\n                        .card-text-inside{\r\n                                                 display: -webkit-box;\r\n                    -webkit-line-clamp: 4;\r\n                    -webkit-box-orient: vertical;\r\n                     overflow:hidden;\r\n                     text-overflow: ellipsis;\r\n                        }\r\n                        <\/style>\r\n                                    <\/div>\r\n            <\/div>\r\n        <\/a>\r\n    <\/div>\r\n\r\n\r\n\ufeff\r\n    <div class=\"card-format col col-12 col-md-4 col-lg-4 pl-1 pl-md-0 pr-1 pr-md-2 mb-2\">\r\n        <a class=\"d-block w-100\"  href=\"https:\/\/semmelweis.hu\/vizilabda\/2025\/12\/12\/szakmai-ertekeles-veres-zoltan-ket-csapata\/\">\r\n      <!--  <a class=\"d-block w-100\" target=\"_blank\" href=\" \"> -->\r\n            <div class=\"card\">\r\n                                    <div class=\"card-image img-fluid \">\r\n                         \r\n                        <img loading=\"lazy\" decoding=\"async\" width=\"753\" height=\"502\" src=\"https:\/\/semmelweis.hu\/vizilabda\/files\/2025\/12\/P1389804-768x512.jpg\" class=\"landscape wp-post-image\" alt=\"\" srcset=\"https:\/\/semmelweis.hu\/vizilabda\/files\/2025\/12\/P1389804-768x512.jpg 768w, https:\/\/semmelweis.hu\/vizilabda\/files\/2025\/12\/P1389804-300x200.jpg 300w, https:\/\/semmelweis.hu\/vizilabda\/files\/2025\/12\/P1389804-1024x682.jpg 1024w, https:\/\/semmelweis.hu\/vizilabda\/files\/2025\/12\/P1389804-1536x1023.jpg 1536w, https:\/\/semmelweis.hu\/vizilabda\/files\/2025\/12\/P1389804-753x502.jpg 753w, https:\/\/semmelweis.hu\/vizilabda\/files\/2025\/12\/P1389804-203x135.jpg 203w, https:\/\/semmelweis.hu\/vizilabda\/files\/2025\/12\/P1389804.jpg 2048w\" sizes=\"auto, (max-width: 753px) 100vw, 753px\" \/>                    <\/div>\r\n                \r\n                <div class=\"card-body\">\r\n                    <div class=\"card-date text-uppercase  d-none  \">\r\n                                                    <h5><span class=\"font-weight-normal\">2025. <\/span>december 12.<\/h5>\r\n                                            <\/div>\r\n                    <div class=\"card-title\">\r\n                        <h3 class=\"mt-2 entry-title\">Szakmai \u00c9rt\u00e9kel\u00e9s &#8211; Veres Zolt\u00e1n k\u00e9t csapata<\/h3>\r\n                    <\/div>\r\n                    <style>\r\n                        .card-text-inside{\r\n                                                 display: -webkit-box;\r\n                    -webkit-line-clamp: 4;\r\n                    -webkit-box-orient: vertical;\r\n                     overflow:hidden;\r\n                     text-overflow: ellipsis;\r\n                        }\r\n                        <\/style>\r\n                                    <\/div>\r\n            <\/div>\r\n        <\/a>\r\n    <\/div>\r\n\r\n\r\n\ufeff\r\n    <div class=\"card-format col col-12 col-md-4 col-lg-4 pl-1 pl-md-0 pr-1 pr-md-2 mb-2\">\r\n        <a class=\"d-block w-100\"  href=\"https:\/\/semmelweis.hu\/vizilabda\/2025\/11\/28\/podcastunk-elso-vendege-toth-marton\/\">\r\n      <!--  <a class=\"d-block w-100\" target=\"_blank\" href=\" \"> -->\r\n            <div class=\"card\">\r\n                                    <div class=\"card-image img-fluid \">\r\n                         \r\n                        <img loading=\"lazy\" decoding=\"async\" width=\"753\" height=\"424\" src=\"https:\/\/semmelweis.hu\/vizilabda\/files\/2025\/11\/YouTube-belyegkep-768x432.jpg\" class=\"landscape wp-post-image\" alt=\"\" srcset=\"https:\/\/semmelweis.hu\/vizilabda\/files\/2025\/11\/YouTube-belyegkep-768x432.jpg 768w, https:\/\/semmelweis.hu\/vizilabda\/files\/2025\/11\/YouTube-belyegkep-300x169.jpg 300w, https:\/\/semmelweis.hu\/vizilabda\/files\/2025\/11\/YouTube-belyegkep-1024x576.jpg 1024w, https:\/\/semmelweis.hu\/vizilabda\/files\/2025\/11\/YouTube-belyegkep-1536x864.jpg 1536w, https:\/\/semmelweis.hu\/vizilabda\/files\/2025\/11\/YouTube-belyegkep-753x424.jpg 753w, https:\/\/semmelweis.hu\/vizilabda\/files\/2025\/11\/YouTube-belyegkep.jpg 1920w\" sizes=\"auto, (max-width: 753px) 100vw, 753px\" \/>                    <\/div>\r\n                \r\n                <div class=\"card-body\">\r\n                    <div class=\"card-date text-uppercase  d-none  \">\r\n                                                    <h5><span class=\"font-weight-normal\">2025. <\/span>november 28.<\/h5>\r\n                                            <\/div>\r\n                    <div class=\"card-title\">\r\n                        <h3 class=\"mt-2 entry-title\">Podcastunk els\u0151 vend\u00e9ge: T\u00f3th M\u00e1rton<\/h3>\r\n                    <\/div>\r\n                    <style>\r\n                        .card-text-inside{\r\n                                                 display: -webkit-box;\r\n                    -webkit-line-clamp: 4;\r\n                    -webkit-box-orient: vertical;\r\n                     overflow:hidden;\r\n                     text-overflow: ellipsis;\r\n                        }\r\n                        <\/style>\r\n                                    <\/div>\r\n            <\/div>\r\n        <\/a>\r\n    <\/div>\r\n\r\n\r\n\ufeff\r\n    <div class=\"card-format col col-12 col-md-4 col-lg-4 pl-1 pl-md-0 pr-1 pr-md-2 mb-2\">\r\n        <a class=\"d-block w-100\"  href=\"https:\/\/semmelweis.hu\/vizilabda\/2025\/11\/25\/fajdalmas-vereseg-a-serdulo-b-csapattal\/\">\r\n      <!--  <a class=\"d-block w-100\" target=\"_blank\" href=\" \"> -->\r\n            <div class=\"card\">\r\n                                    <div class=\"card-image img-fluid \">\r\n                         \r\n                        <img loading=\"lazy\" decoding=\"async\" width=\"753\" height=\"502\" src=\"https:\/\/semmelweis.hu\/vizilabda\/files\/2025\/11\/P1390265-768x512.jpg\" class=\"landscape wp-post-image\" alt=\"\" srcset=\"https:\/\/semmelweis.hu\/vizilabda\/files\/2025\/11\/P1390265-768x512.jpg 768w, https:\/\/semmelweis.hu\/vizilabda\/files\/2025\/11\/P1390265-300x200.jpg 300w, https:\/\/semmelweis.hu\/vizilabda\/files\/2025\/11\/P1390265-1024x682.jpg 1024w, https:\/\/semmelweis.hu\/vizilabda\/files\/2025\/11\/P1390265-1536x1023.jpg 1536w, https:\/\/semmelweis.hu\/vizilabda\/files\/2025\/11\/P1390265-753x502.jpg 753w, https:\/\/semmelweis.hu\/vizilabda\/files\/2025\/11\/P1390265-203x135.jpg 203w, https:\/\/semmelweis.hu\/vizilabda\/files\/2025\/11\/P1390265.jpg 2048w\" sizes=\"auto, (max-width: 753px) 100vw, 753px\" \/>                    <\/div>\r\n                \r\n                <div class=\"card-body\">\r\n                    <div class=\"card-date text-uppercase  d-none  \">\r\n                                                    <h5><span class=\"font-weight-normal\">2025. <\/span>november 25.<\/h5>\r\n                                            <\/div>\r\n                    <div class=\"card-title\">\r\n                        <h3 class=\"mt-2 entry-title\">F\u00e1jdalmas veres\u00e9g a Serd\u00fcl\u0151 B csapattal<\/h3>\r\n                    <\/div>\r\n                    <style>\r\n                        .card-text-inside{\r\n                                                 display: -webkit-box;\r\n                    -webkit-line-clamp: 4;\r\n                    -webkit-box-orient: vertical;\r\n                     overflow:hidden;\r\n                     text-overflow: ellipsis;\r\n                        }\r\n                        <\/style>\r\n                                    <\/div>\r\n            <\/div>\r\n        <\/a>\r\n    <\/div>\r\n\r\n\r\n                \r\n            <\/div>\r\n        <\/div>\r\n\r\n                        <div class=\"post-slide-hirek row px-0\">\r\n            <style>\r\n                .post-slide-hirek .owl-nav button {\r\n                    margin: 0px !important;\r\n                    height: 100% !important;\r\n                }\r\n\r\n                .card-custom-title {\r\n                    font-size: 17px;\r\n                    line-height: 23px;\r\n                    overflow: hidden;\r\n                    text-overflow: ellipsis;\r\n                    display: -webkit-box;\r\n                    -webkit-line-clamp: 3;\r\n                    -webkit-box-orient: vertical;\r\n                    min-height: 72px;\r\n                }\r\n\r\n                .card-custom-max-h {\r\n                    max-height: 235px !important;\r\n                    object-fit: cover;\r\n                }\r\n\r\n                .post-slide-hirek .owl-item .card-img img {\r\n                    opacity: 1 !important;\r\n                    aspect-ratio: 3\/ 2;\r\n\r\n                }\r\n                .card:has(.card-date:not(.d-none)):not(:has(img)) {\r\n                    margin-top: 20px;\r\n                }\r\n            <\/style>\r\n                            <div class=\"owl-carousel col-12 px-0 mt-2 mb-4 md-md-0 d-sm-none\">\r\n                                            <a class=\"item-1\" href=\"https:\/\/semmelweis.hu\/vizilabda\/semmelweis-osc-webshop\/\">\r\n\r\n                            <div class=\"card-img \">\r\n                                <img loading=\"lazy\" decoding=\"async\" width=\"560\" height=\"373\" src=\"https:\/\/semmelweis.hu\/vizilabda\/files\/2026\/02\/semmelweis-osc-webshop.jpg\" class=\"d-block card-custom-max-h  img-fluid n-1 wp-post-image\" alt=\"\" srcset=\"https:\/\/semmelweis.hu\/vizilabda\/files\/2026\/02\/semmelweis-osc-webshop.jpg 1280w, https:\/\/semmelweis.hu\/vizilabda\/files\/2026\/02\/semmelweis-osc-webshop-300x200.jpg 300w, https:\/\/semmelweis.hu\/vizilabda\/files\/2026\/02\/semmelweis-osc-webshop-1024x682.jpg 1024w, https:\/\/semmelweis.hu\/vizilabda\/files\/2026\/02\/semmelweis-osc-webshop-768x512.jpg 768w, https:\/\/semmelweis.hu\/vizilabda\/files\/2026\/02\/semmelweis-osc-webshop-753x502.jpg 753w, https:\/\/semmelweis.hu\/vizilabda\/files\/2026\/02\/semmelweis-osc-webshop-203x135.jpg 203w\" sizes=\"auto, (max-width: 560px) 100vw, 560px\" \/>                            <\/div>\r\n                            <div class=\"card-title mb-1\">\r\n                                <h3 class=\"mt-0 pt-1 mb-0 px-2 card-custom-title d-flex align-items-center d-md-block\">\r\n                                    <span class=\"entry-title pt-0 pt-md-1\">SEMMELWEIS OSC WEBSHOP                                <\/h3>\r\n                            <\/div>\r\n                            \r\n\r\n                        <\/a>\r\n                                            <a class=\"item-2\" href=\"https:\/\/semmelweis.hu\/vizilabda\/2026\/01\/03\/ujevi-koszonto-toth-martontol\/\">\r\n\r\n                            <div class=\"card-img \">\r\n                                <img loading=\"lazy\" decoding=\"async\" width=\"560\" height=\"560\" src=\"https:\/\/semmelweis.hu\/vizilabda\/files\/2025\/10\/Toth-Marton-753x753.png\" class=\"d-block card-custom-max-h  img-fluid n-2 wp-post-image\" alt=\"\" srcset=\"https:\/\/semmelweis.hu\/vizilabda\/files\/2025\/10\/Toth-Marton-753x753.png 753w, https:\/\/semmelweis.hu\/vizilabda\/files\/2025\/10\/Toth-Marton-300x300.png 300w, https:\/\/semmelweis.hu\/vizilabda\/files\/2025\/10\/Toth-Marton-150x150.png 150w, https:\/\/semmelweis.hu\/vizilabda\/files\/2025\/10\/Toth-Marton-768x768.png 768w, https:\/\/semmelweis.hu\/vizilabda\/files\/2025\/10\/Toth-Marton.png 1000w\" sizes=\"auto, (max-width: 560px) 100vw, 560px\" \/>                            <\/div>\r\n                            <div class=\"card-title mb-1\">\r\n                                <h3 class=\"mt-0 pt-1 mb-0 px-2 card-custom-title d-flex align-items-center d-md-block\">\r\n                                    <span class=\"entry-title pt-0 pt-md-1\">\u00daj\u00e9vi K\u00f6sz\u00f6nt\u0151 T\u00f3th M\u00e1rtont\u00f3l!                                <\/h3>\r\n                            <\/div>\r\n                            \r\n\r\n                        <\/a>\r\n                                            <a class=\"item-3\" href=\"https:\/\/semmelweis.hu\/vizilabda\/2025\/12\/12\/szakmai-ertekeles-veres-zoltan-ket-csapata\/\">\r\n\r\n                            <div class=\"card-img \">\r\n                                <img loading=\"lazy\" decoding=\"async\" width=\"560\" height=\"373\" src=\"https:\/\/semmelweis.hu\/vizilabda\/files\/2025\/12\/P1389804.jpg\" class=\"d-block card-custom-max-h  img-fluid n-3 wp-post-image\" alt=\"\" srcset=\"https:\/\/semmelweis.hu\/vizilabda\/files\/2025\/12\/P1389804.jpg 2048w, https:\/\/semmelweis.hu\/vizilabda\/files\/2025\/12\/P1389804-300x200.jpg 300w, https:\/\/semmelweis.hu\/vizilabda\/files\/2025\/12\/P1389804-1024x682.jpg 1024w, https:\/\/semmelweis.hu\/vizilabda\/files\/2025\/12\/P1389804-768x512.jpg 768w, https:\/\/semmelweis.hu\/vizilabda\/files\/2025\/12\/P1389804-1536x1023.jpg 1536w, https:\/\/semmelweis.hu\/vizilabda\/files\/2025\/12\/P1389804-753x502.jpg 753w, https:\/\/semmelweis.hu\/vizilabda\/files\/2025\/12\/P1389804-203x135.jpg 203w\" sizes=\"auto, (max-width: 560px) 100vw, 560px\" \/>                            <\/div>\r\n                            <div class=\"card-title mb-1\">\r\n                                <h3 class=\"mt-0 pt-1 mb-0 px-2 card-custom-title d-flex align-items-center d-md-block\">\r\n                                    <span class=\"entry-title pt-0 pt-md-1\">Szakmai \u00c9rt\u00e9kel\u00e9s &#8211; Veres Zolt\u00e1n k\u00e9t csapata                                <\/h3>\r\n                            <\/div>\r\n                            \r\n\r\n                        <\/a>\r\n                                            <a class=\"item-4\" href=\"https:\/\/semmelweis.hu\/vizilabda\/2025\/11\/28\/podcastunk-elso-vendege-toth-marton\/\">\r\n\r\n                            <div class=\"card-img \">\r\n                                <img loading=\"lazy\" decoding=\"async\" width=\"560\" height=\"315\" src=\"https:\/\/semmelweis.hu\/vizilabda\/files\/2025\/11\/YouTube-belyegkep.jpg\" class=\"d-block card-custom-max-h  img-fluid n-4 wp-post-image\" alt=\"\" srcset=\"https:\/\/semmelweis.hu\/vizilabda\/files\/2025\/11\/YouTube-belyegkep.jpg 1920w, https:\/\/semmelweis.hu\/vizilabda\/files\/2025\/11\/YouTube-belyegkep-300x169.jpg 300w, https:\/\/semmelweis.hu\/vizilabda\/files\/2025\/11\/YouTube-belyegkep-1024x576.jpg 1024w, https:\/\/semmelweis.hu\/vizilabda\/files\/2025\/11\/YouTube-belyegkep-768x432.jpg 768w, https:\/\/semmelweis.hu\/vizilabda\/files\/2025\/11\/YouTube-belyegkep-1536x864.jpg 1536w, https:\/\/semmelweis.hu\/vizilabda\/files\/2025\/11\/YouTube-belyegkep-753x424.jpg 753w\" sizes=\"auto, (max-width: 560px) 100vw, 560px\" \/>                            <\/div>\r\n                            <div class=\"card-title mb-1\">\r\n                                <h3 class=\"mt-0 pt-1 mb-0 px-2 card-custom-title d-flex align-items-center d-md-block\">\r\n                                    <span class=\"entry-title pt-0 pt-md-1\">Podcastunk els\u0151 vend\u00e9ge: T\u00f3th M\u00e1rton                                <\/h3>\r\n                            <\/div>\r\n                            \r\n\r\n                        <\/a>\r\n                                            <a class=\"item-5\" href=\"https:\/\/semmelweis.hu\/vizilabda\/2025\/11\/25\/fajdalmas-vereseg-a-serdulo-b-csapattal\/\">\r\n\r\n                            <div class=\"card-img \">\r\n                                <img loading=\"lazy\" decoding=\"async\" width=\"560\" height=\"373\" src=\"https:\/\/semmelweis.hu\/vizilabda\/files\/2025\/11\/P1390265.jpg\" class=\"d-block card-custom-max-h  img-fluid n-5 wp-post-image\" alt=\"\" srcset=\"https:\/\/semmelweis.hu\/vizilabda\/files\/2025\/11\/P1390265.jpg 2048w, https:\/\/semmelweis.hu\/vizilabda\/files\/2025\/11\/P1390265-300x200.jpg 300w, https:\/\/semmelweis.hu\/vizilabda\/files\/2025\/11\/P1390265-1024x682.jpg 1024w, https:\/\/semmelweis.hu\/vizilabda\/files\/2025\/11\/P1390265-768x512.jpg 768w, https:\/\/semmelweis.hu\/vizilabda\/files\/2025\/11\/P1390265-1536x1023.jpg 1536w, https:\/\/semmelweis.hu\/vizilabda\/files\/2025\/11\/P1390265-753x502.jpg 753w, https:\/\/semmelweis.hu\/vizilabda\/files\/2025\/11\/P1390265-203x135.jpg 203w\" sizes=\"auto, (max-width: 560px) 100vw, 560px\" \/>                            <\/div>\r\n                            <div class=\"card-title mb-1\">\r\n                                <h3 class=\"mt-0 pt-1 mb-0 px-2 card-custom-title d-flex align-items-center d-md-block\">\r\n                                    <span class=\"entry-title pt-0 pt-md-1\">F\u00e1jdalmas veres\u00e9g a Serd\u00fcl\u0151 B csapattal                                <\/h3>\r\n                            <\/div>\r\n                            \r\n\r\n                        <\/a>\r\n                                    <\/div>\r\n\r\n                    \r\n        <\/div><!-- owl-carousel -->\r\n    <\/section>\r\n\r\n<\/div>\n<div>\n<figure id=\"attachment_1391\" aria-describedby=\"caption-attachment-1391\" style=\"width: 343px\" class=\"wp-caption aligncenter\"><a href=\"https:\/\/semmelweis.hu\/vizilabda\/files\/2025\/11\/VeresZoltan.jpg\"><img loading=\"lazy\" decoding=\"async\" class=\" wp-image-1391\" src=\"https:\/\/semmelweis.hu\/vizilabda\/files\/2025\/11\/VeresZoltan-682x1024.jpg\" alt=\"\" width=\"343\" height=\"515\" srcset=\"https:\/\/semmelweis.hu\/vizilabda\/files\/2025\/11\/VeresZoltan-682x1024.jpg 682w, https:\/\/semmelweis.hu\/vizilabda\/files\/2025\/11\/VeresZoltan-200x300.jpg 200w, https:\/\/semmelweis.hu\/vizilabda\/files\/2025\/11\/VeresZoltan-768x1153.jpg 768w, https:\/\/semmelweis.hu\/vizilabda\/files\/2025\/11\/VeresZoltan-1023x1536.jpg 1023w, https:\/\/semmelweis.hu\/vizilabda\/files\/2025\/11\/VeresZoltan-753x1131.jpg 753w, https:\/\/semmelweis.hu\/vizilabda\/files\/2025\/11\/VeresZoltan.jpg 1364w\" sizes=\"auto, (max-width: 343px) 100vw, 343px\" \/><\/a><figcaption id=\"caption-attachment-1391\" class=\"wp-caption-text\">Vezet\u0151edz\u0151: Veres Zolt\u00e1n<\/figcaption><\/figure>\n<\/div>\n","protected":false},"excerpt":{"rendered":"<p>Veres Zolt\u00e1n Serd\u00fcl\u0151 B csapat\u00e1nak nem j\u00f6tt ki a l\u00e9p\u00e9s ezen a h\u00e9tv\u00e9g\u00e9n, az UVSE Orsz\u00e1gos csapata ellen \u00e1lltunk ki az els\u0151 meccsen, ahol nem siker\u00fclt meg\u00e1ll\u00edtani a listavezet\u0151t. A Fradi ellen is sok hiba jellemezte a csapatot. B\u0151vebben a cikkben! Semmelweis OSC 2. &#8211; UVSE I. 0-17 Veres Zolt\u00e1n \u00e9rt\u00e9kel\u00e9se: Ezen a m\u00e9rk\u0151z\u00e9sen a &hellip;<\/p>\n","protected":false},"author":102504,"featured_media":0,"parent":1445,"menu_order":0,"comment_status":"closed","ping_status":"closed","template":"","meta":{"_acf_changed":false,"footnotes":""},"categories":[],"tags":[],"class_list":["post-1456","page","type-page","status-publish","hentry"],"acf":[],"_links":{"self":[{"href":"https:\/\/semmelweis.hu\/vizilabda\/wp-json\/wp\/v2\/pages\/1456","targetHints":{"allow":["GET"]}}],"collection":[{"href":"https:\/\/semmelweis.hu\/vizilabda\/wp-json\/wp\/v2\/pages"}],"about":[{"href":"https:\/\/semmelweis.hu\/vizilabda\/wp-json\/wp\/v2\/types\/page"}],"author":[{"embeddable":true,"href":"https:\/\/semmelweis.hu\/vizilabda\/wp-json\/wp\/v2\/users\/102504"}],"replies":[{"embeddable":true,"href":"https:\/\/semmelweis.hu\/vizilabda\/wp-json\/wp\/v2\/comments?post=1456"}],"version-history":[{"count":2,"href":"https:\/\/semmelweis.hu\/vizilabda\/wp-json\/wp\/v2\/pages\/1456\/revisions"}],"predecessor-version":[{"id":1490,"href":"https:\/\/semmelweis.hu\/vizilabda\/wp-json\/wp\/v2\/pages\/1456\/revisions\/1490"}],"up":[{"embeddable":true,"href":"https:\/\/semmelweis.hu\/vizilabda\/wp-json\/wp\/v2\/pages\/1445"}],"wp:attachment":[{"href":"https:\/\/semmelweis.hu\/vizilabda\/wp-json\/wp\/v2\/media?parent=1456"}],"wp:term":[{"taxonomy":"category","embeddable":true,"href":"https:\/\/semmelweis.hu\/vizilabda\/wp-json\/wp\/v2\/categories?post=1456"},{"taxonomy":"post_tag","embeddable":true,"href":"https:\/\/semmelweis.hu\/vizilabda\/wp-json\/wp\/v2\/tags?post=1456"}],"curies":[{"name":"wp","href":"https:\/\/api.w.org\/{rel}","templated":true}]}}