{"id":1443,"date":"2025-11-24T14:44:19","date_gmt":"2025-11-24T13:44:19","guid":{"rendered":"https:\/\/semmelweis.hu\/vizilabda\/?page_id=1443"},"modified":"2025-11-24T15:07:27","modified_gmt":"2025-11-24T14:07:27","slug":"budapest-serdulo","status":"publish","type":"page","link":"https:\/\/semmelweis.hu\/vizilabda\/utanpotlas\/budapest-serdulo-ifi\/budapest-serdulo\/","title":{"rendered":"Budapest Serd\u00fcl\u0151 1."},"content":{"rendered":"<div class=\"w-100 keretes\">A Budapest bajnoks\u00e1gban versenyz\u0151 serd\u00fcl\u0151 csapatunk a Budapesti Serd\u00fcl\u0151 Fi\u00fa Bajnoks\u00e1g (2009) versenyz\u0151je! A csapat vezet\u0151edz\u0151je Bisztrits\u00e1nyi D\u00e1vid, de Bal\u00e1zs Mikl\u00f3s is seg\u00edteni munk\u00e1j\u00e1t.<\/div>\n<div>\n<figure id=\"attachment_1174\" aria-describedby=\"caption-attachment-1174\" style=\"width: 357px\" class=\"wp-caption aligncenter\"><a href=\"https:\/\/semmelweis.hu\/vizilabda\/files\/2025\/10\/Bisztritsanyi-David.png\"><img loading=\"lazy\" decoding=\"async\" class=\"wp-image-1174\" src=\"https:\/\/semmelweis.hu\/vizilabda\/files\/2025\/10\/Bisztritsanyi-David.png\" alt=\"\" width=\"357\" height=\"357\" srcset=\"https:\/\/semmelweis.hu\/vizilabda\/files\/2025\/10\/Bisztritsanyi-David.png 1000w, https:\/\/semmelweis.hu\/vizilabda\/files\/2025\/10\/Bisztritsanyi-David-300x300.png 300w, https:\/\/semmelweis.hu\/vizilabda\/files\/2025\/10\/Bisztritsanyi-David-150x150.png 150w, https:\/\/semmelweis.hu\/vizilabda\/files\/2025\/10\/Bisztritsanyi-David-768x768.png 768w, https:\/\/semmelweis.hu\/vizilabda\/files\/2025\/10\/Bisztritsanyi-David-753x753.png 753w\" sizes=\"auto, (max-width: 357px) 100vw, 357px\" \/><\/a><figcaption id=\"caption-attachment-1174\" class=\"wp-caption-text\">Vezet\u0151edz\u0151: Bisztrits\u00e1nyi D\u00e1vid<\/figcaption><\/figure>\n<\/div>\n","protected":false},"excerpt":{"rendered":"<p>A Budapest bajnoks\u00e1gban versenyz\u0151 serd\u00fcl\u0151 csapatunk a Budapesti Serd\u00fcl\u0151 Fi\u00fa Bajnoks\u00e1g (2009) versenyz\u0151je! A csapat vezet\u0151edz\u0151je Bisztrits\u00e1nyi D\u00e1vid, de Bal\u00e1zs Mikl\u00f3s is seg\u00edteni munk\u00e1j\u00e1t.<\/p>\n","protected":false},"author":102504,"featured_media":1426,"parent":1445,"menu_order":0,"comment_status":"closed","ping_status":"closed","template":"","meta":{"_acf_changed":false,"footnotes":""},"categories":[],"tags":[],"class_list":["post-1443","page","type-page","status-publish","has-post-thumbnail","hentry"],"acf":[],"_links":{"self":[{"href":"https:\/\/semmelweis.hu\/vizilabda\/wp-json\/wp\/v2\/pages\/1443","targetHints":{"allow":["GET"]}}],"collection":[{"href":"https:\/\/semmelweis.hu\/vizilabda\/wp-json\/wp\/v2\/pages"}],"about":[{"href":"https:\/\/semmelweis.hu\/vizilabda\/wp-json\/wp\/v2\/types\/page"}],"author":[{"embeddable":true,"href":"https:\/\/semmelweis.hu\/vizilabda\/wp-json\/wp\/v2\/users\/102504"}],"replies":[{"embeddable":true,"href":"https:\/\/semmelweis.hu\/vizilabda\/wp-json\/wp\/v2\/comments?post=1443"}],"version-history":[{"count":3,"href":"https:\/\/semmelweis.hu\/vizilabda\/wp-json\/wp\/v2\/pages\/1443\/revisions"}],"predecessor-version":[{"id":1455,"href":"https:\/\/semmelweis.hu\/vizilabda\/wp-json\/wp\/v2\/pages\/1443\/revisions\/1455"}],"up":[{"embeddable":true,"href":"https:\/\/semmelweis.hu\/vizilabda\/wp-json\/wp\/v2\/pages\/1445"}],"wp:featuredmedia":[{"embeddable":true,"href":"https:\/\/semmelweis.hu\/vizilabda\/wp-json\/wp\/v2\/media\/1426"}],"wp:attachment":[{"href":"https:\/\/semmelweis.hu\/vizilabda\/wp-json\/wp\/v2\/media?parent=1443"}],"wp:term":[{"taxonomy":"category","embeddable":true,"href":"https:\/\/semmelweis.hu\/vizilabda\/wp-json\/wp\/v2\/categories?post=1443"},{"taxonomy":"post_tag","embeddable":true,"href":"https:\/\/semmelweis.hu\/vizilabda\/wp-json\/wp\/v2\/tags?post=1443"}],"curies":[{"name":"wp","href":"https:\/\/api.w.org\/{rel}","templated":true}]}}