{"id":1438,"date":"2025-11-24T14:29:02","date_gmt":"2025-11-24T13:29:02","guid":{"rendered":"https:\/\/semmelweis.hu\/vizilabda\/?page_id=1438"},"modified":"2025-11-25T14:10:45","modified_gmt":"2025-11-25T13:10:45","slug":"leany-ifjusagi","status":"publish","type":"page","link":"https:\/\/semmelweis.hu\/vizilabda\/utanpotlas\/leany-orszagos-bajnoksag\/leany-ifjusagi\/","title":{"rendered":"Le\u00e1ny Ifj\u00fas\u00e1gi"},"content":{"rendered":"<div class=\"w-100 keretes\">A Semmelweis OSC Orsz\u00e1gos Ifj\u00fas\u00e1gi csapata. Id\u00e9n a Tatab\u00e1ny\u00e1val k\u00f6z\u00f6sen indultunk el az IFI versenysorozatban.\u00a0<\/div>\n<div>\n<p>H\u00edrek a csapattal kapcsolatban:<\/p>\n<script type=\"text\/javascript\" src=\"https:\/\/semmelweis.hu\/vizilabda\/wp-content\/themes\/se18\/dist\/scripts\/carousel.js\"><\/script>    <section class=\"post-cards shortcode-wrapper\">\r\n        <div id=\"news-container\" class=\" d-none d-sm-flex flex-column  full-width-post-cards-shortcode-card news-container-for-card-code\" style=\"\">\r\n            \r\n            <div class=\"row card-row my-2 pt-3 pb-0 mx-0 w-100 \">\r\n               \r\n                \ufeff\r\n    <div class=\"card-format col col-12 col-md-4 col-lg-4 pl-1 pl-md-0 pr-1 pr-md-2 mb-2\">\r\n        <a class=\"d-block w-100\"  href=\"https:\/\/semmelweis.hu\/vizilabda\/semmelweis-osc-webshop\/\">\r\n      <!--  <a class=\"d-block w-100\" target=\"_blank\" href=\" \"> -->\r\n            <div class=\"card\">\r\n                                    <div class=\"card-image img-fluid \">\r\n                         \r\n                        <img loading=\"lazy\" decoding=\"async\" width=\"753\" height=\"502\" src=\"https:\/\/semmelweis.hu\/vizilabda\/files\/2026\/02\/semmelweis-osc-webshop-768x512.jpg\" class=\"landscape wp-post-image\" alt=\"\" srcset=\"https:\/\/semmelweis.hu\/vizilabda\/files\/2026\/02\/semmelweis-osc-webshop-768x512.jpg 768w, https:\/\/semmelweis.hu\/vizilabda\/files\/2026\/02\/semmelweis-osc-webshop-300x200.jpg 300w, https:\/\/semmelweis.hu\/vizilabda\/files\/2026\/02\/semmelweis-osc-webshop-1024x682.jpg 1024w, https:\/\/semmelweis.hu\/vizilabda\/files\/2026\/02\/semmelweis-osc-webshop-753x502.jpg 753w, https:\/\/semmelweis.hu\/vizilabda\/files\/2026\/02\/semmelweis-osc-webshop-203x135.jpg 203w, https:\/\/semmelweis.hu\/vizilabda\/files\/2026\/02\/semmelweis-osc-webshop.jpg 1280w\" sizes=\"auto, (max-width: 753px) 100vw, 753px\" \/>                    <\/div>\r\n                \r\n                <div class=\"card-body\">\r\n                    <div class=\"card-date text-uppercase  d-none  \">\r\n                                                    <h5><span class=\"font-weight-normal\">2026. <\/span>febru\u00e1r 19.<\/h5>\r\n                                            <\/div>\r\n                    <div class=\"card-title\">\r\n                        <h3 class=\"mt-2 entry-title\">SEMMELWEIS OSC WEBSHOP<\/h3>\r\n                    <\/div>\r\n                    <style>\r\n                        .card-text-inside{\r\n                                                 display: -webkit-box;\r\n                    -webkit-line-clamp: 4;\r\n                    -webkit-box-orient: vertical;\r\n                     overflow:hidden;\r\n                     text-overflow: ellipsis;\r\n                        }\r\n                        <\/style>\r\n                                    <\/div>\r\n            <\/div>\r\n        <\/a>\r\n    <\/div>\r\n\r\n\r\n\ufeff\r\n    <div class=\"card-format col col-12 col-md-4 col-lg-4 pl-1 pl-md-0 pr-1 pr-md-2 mb-2\">\r\n        <a class=\"d-block w-100\"  href=\"https:\/\/semmelweis.hu\/vizilabda\/2025\/12\/08\/leany-orszagos-eredmenyek-ertekeles\/\">\r\n      <!--  <a class=\"d-block w-100\" target=\"_blank\" href=\" \"> -->\r\n            <div class=\"card\">\r\n                                    <div class=\"card-image img-fluid \">\r\n                         \r\n                        <img loading=\"lazy\" decoding=\"async\" width=\"753\" height=\"502\" src=\"https:\/\/semmelweis.hu\/vizilabda\/files\/2025\/08\/P1276495-768x512.jpg\" class=\"landscape wp-post-image\" alt=\"\" srcset=\"https:\/\/semmelweis.hu\/vizilabda\/files\/2025\/08\/P1276495-768x512.jpg 768w, https:\/\/semmelweis.hu\/vizilabda\/files\/2025\/08\/P1276495-300x200.jpg 300w, https:\/\/semmelweis.hu\/vizilabda\/files\/2025\/08\/P1276495-1024x682.jpg 1024w, https:\/\/semmelweis.hu\/vizilabda\/files\/2025\/08\/P1276495-1536x1023.jpg 1536w, https:\/\/semmelweis.hu\/vizilabda\/files\/2025\/08\/P1276495-753x502.jpg 753w, https:\/\/semmelweis.hu\/vizilabda\/files\/2025\/08\/P1276495-203x135.jpg 203w, https:\/\/semmelweis.hu\/vizilabda\/files\/2025\/08\/P1276495.jpg 2048w\" sizes=\"auto, (max-width: 753px) 100vw, 753px\" \/>                    <\/div>\r\n                \r\n                <div class=\"card-body\">\r\n                    <div class=\"card-date text-uppercase  d-none  \">\r\n                                                    <h5><span class=\"font-weight-normal\">2025. <\/span>december 8.<\/h5>\r\n                                            <\/div>\r\n                    <div class=\"card-title\">\r\n                        <h3 class=\"mt-2 entry-title\">Le\u00e1ny Orsz\u00e1gos Eredm\u00e9nyek, \u00e9rt\u00e9kel\u00e9s!<\/h3>\r\n                    <\/div>\r\n                    <style>\r\n                        .card-text-inside{\r\n                                                 display: -webkit-box;\r\n                    -webkit-line-clamp: 4;\r\n                    -webkit-box-orient: vertical;\r\n                     overflow:hidden;\r\n                     text-overflow: ellipsis;\r\n                        }\r\n                        <\/style>\r\n                                    <\/div>\r\n            <\/div>\r\n        <\/a>\r\n    <\/div>\r\n\r\n\r\n\ufeff\r\n    <div class=\"card-format col col-12 col-md-4 col-lg-4 pl-1 pl-md-0 pr-1 pr-md-2 mb-2\">\r\n        <a class=\"d-block w-100\"  href=\"https:\/\/semmelweis.hu\/vizilabda\/2025\/11\/28\/podcastunk-elso-vendege-toth-marton\/\">\r\n      <!--  <a class=\"d-block w-100\" target=\"_blank\" href=\" \"> -->\r\n            <div class=\"card\">\r\n                                    <div class=\"card-image img-fluid \">\r\n                         \r\n                        <img loading=\"lazy\" decoding=\"async\" width=\"753\" height=\"424\" src=\"https:\/\/semmelweis.hu\/vizilabda\/files\/2025\/11\/YouTube-belyegkep-768x432.jpg\" class=\"landscape wp-post-image\" alt=\"\" srcset=\"https:\/\/semmelweis.hu\/vizilabda\/files\/2025\/11\/YouTube-belyegkep-768x432.jpg 768w, https:\/\/semmelweis.hu\/vizilabda\/files\/2025\/11\/YouTube-belyegkep-300x169.jpg 300w, https:\/\/semmelweis.hu\/vizilabda\/files\/2025\/11\/YouTube-belyegkep-1024x576.jpg 1024w, https:\/\/semmelweis.hu\/vizilabda\/files\/2025\/11\/YouTube-belyegkep-1536x864.jpg 1536w, https:\/\/semmelweis.hu\/vizilabda\/files\/2025\/11\/YouTube-belyegkep-753x424.jpg 753w, https:\/\/semmelweis.hu\/vizilabda\/files\/2025\/11\/YouTube-belyegkep.jpg 1920w\" sizes=\"auto, (max-width: 753px) 100vw, 753px\" \/>                    <\/div>\r\n                \r\n                <div class=\"card-body\">\r\n                    <div class=\"card-date text-uppercase  d-none  \">\r\n                                                    <h5><span class=\"font-weight-normal\">2025. <\/span>november 28.<\/h5>\r\n                                            <\/div>\r\n                    <div class=\"card-title\">\r\n                        <h3 class=\"mt-2 entry-title\">Podcastunk els\u0151 vend\u00e9ge: T\u00f3th M\u00e1rton<\/h3>\r\n                    <\/div>\r\n                    <style>\r\n                        .card-text-inside{\r\n                                                 display: -webkit-box;\r\n                    -webkit-line-clamp: 4;\r\n                    -webkit-box-orient: vertical;\r\n                     overflow:hidden;\r\n                     text-overflow: ellipsis;\r\n                        }\r\n                        <\/style>\r\n                                    <\/div>\r\n            <\/div>\r\n        <\/a>\r\n    <\/div>\r\n\r\n\r\n\ufeff\r\n    <div class=\"card-format col col-12 col-md-4 col-lg-4 pl-1 pl-md-0 pr-1 pr-md-2 mb-2\">\r\n        <a class=\"d-block w-100\"  href=\"https:\/\/semmelweis.hu\/vizilabda\/2025\/11\/26\/1267\/\">\r\n      <!--  <a class=\"d-block w-100\" target=\"_blank\" href=\" \"> -->\r\n            <div class=\"card\">\r\n                                    <div class=\"card-image img-fluid \">\r\n                         \r\n                        <img loading=\"lazy\" decoding=\"async\" width=\"753\" height=\"502\" src=\"https:\/\/semmelweis.hu\/vizilabda\/files\/2025\/11\/P1355337-768x512.jpg\" class=\"landscape wp-post-image\" alt=\"\" srcset=\"https:\/\/semmelweis.hu\/vizilabda\/files\/2025\/11\/P1355337-768x512.jpg 768w, https:\/\/semmelweis.hu\/vizilabda\/files\/2025\/11\/P1355337-300x200.jpg 300w, https:\/\/semmelweis.hu\/vizilabda\/files\/2025\/11\/P1355337-1024x682.jpg 1024w, https:\/\/semmelweis.hu\/vizilabda\/files\/2025\/11\/P1355337-1536x1023.jpg 1536w, https:\/\/semmelweis.hu\/vizilabda\/files\/2025\/11\/P1355337-753x502.jpg 753w, https:\/\/semmelweis.hu\/vizilabda\/files\/2025\/11\/P1355337-203x135.jpg 203w, https:\/\/semmelweis.hu\/vizilabda\/files\/2025\/11\/P1355337.jpg 2048w\" sizes=\"auto, (max-width: 753px) 100vw, 753px\" \/>                    <\/div>\r\n                \r\n                <div class=\"card-body\">\r\n                    <div class=\"card-date text-uppercase  d-none  \">\r\n                                                    <h5><span class=\"font-weight-normal\">2025. <\/span>november 26.<\/h5>\r\n                                            <\/div>\r\n                    <div class=\"card-title\">\r\n                        <h3 class=\"mt-2 entry-title\">Interj\u00fa N\u0151i Feln\u0151tt \u00e9s Gyermek csapatunk edz\u0151j\u00e9vel, Kar\u00e1csonyi Vazullal &#8211;  &hellip;<\/h3>\r\n                    <\/div>\r\n                    <style>\r\n                        .card-text-inside{\r\n                                                 display: -webkit-box;\r\n                    -webkit-line-clamp: 4;\r\n                    -webkit-box-orient: vertical;\r\n                     overflow:hidden;\r\n                     text-overflow: ellipsis;\r\n                        }\r\n                        <\/style>\r\n                                    <\/div>\r\n            <\/div>\r\n        <\/a>\r\n    <\/div>\r\n\r\n\r\n                \r\n            <\/div>\r\n        <\/div>\r\n\r\n                        <div class=\"post-slide-hirek row px-0\">\r\n            <style>\r\n                .post-slide-hirek .owl-nav button {\r\n                    margin: 0px !important;\r\n                    height: 100% !important;\r\n                }\r\n\r\n                .card-custom-title {\r\n                    font-size: 17px;\r\n                    line-height: 23px;\r\n                    overflow: hidden;\r\n                    text-overflow: ellipsis;\r\n                    display: -webkit-box;\r\n                    -webkit-line-clamp: 3;\r\n                    -webkit-box-orient: vertical;\r\n                    min-height: 72px;\r\n                }\r\n\r\n                .card-custom-max-h {\r\n                    max-height: 235px !important;\r\n                    object-fit: cover;\r\n                }\r\n\r\n                .post-slide-hirek .owl-item .card-img img {\r\n                    opacity: 1 !important;\r\n                    aspect-ratio: 3\/ 2;\r\n\r\n                }\r\n                .card:has(.card-date:not(.d-none)):not(:has(img)) {\r\n                    margin-top: 20px;\r\n                }\r\n            <\/style>\r\n                            <div class=\"owl-carousel col-12 px-0 mt-2 mb-4 md-md-0 d-sm-none\">\r\n                                            <a class=\"item-1\" href=\"https:\/\/semmelweis.hu\/vizilabda\/semmelweis-osc-webshop\/\">\r\n\r\n                            <div class=\"card-img \">\r\n                                <img loading=\"lazy\" decoding=\"async\" width=\"560\" height=\"373\" src=\"https:\/\/semmelweis.hu\/vizilabda\/files\/2026\/02\/semmelweis-osc-webshop.jpg\" class=\"d-block card-custom-max-h  img-fluid n-1 wp-post-image\" alt=\"\" srcset=\"https:\/\/semmelweis.hu\/vizilabda\/files\/2026\/02\/semmelweis-osc-webshop.jpg 1280w, https:\/\/semmelweis.hu\/vizilabda\/files\/2026\/02\/semmelweis-osc-webshop-300x200.jpg 300w, https:\/\/semmelweis.hu\/vizilabda\/files\/2026\/02\/semmelweis-osc-webshop-1024x682.jpg 1024w, https:\/\/semmelweis.hu\/vizilabda\/files\/2026\/02\/semmelweis-osc-webshop-768x512.jpg 768w, https:\/\/semmelweis.hu\/vizilabda\/files\/2026\/02\/semmelweis-osc-webshop-753x502.jpg 753w, https:\/\/semmelweis.hu\/vizilabda\/files\/2026\/02\/semmelweis-osc-webshop-203x135.jpg 203w\" sizes=\"auto, (max-width: 560px) 100vw, 560px\" \/>                            <\/div>\r\n                            <div class=\"card-title mb-1\">\r\n                                <h3 class=\"mt-0 pt-1 mb-0 px-2 card-custom-title d-flex align-items-center d-md-block\">\r\n                                    <span class=\"entry-title pt-0 pt-md-1\">SEMMELWEIS OSC WEBSHOP                                <\/h3>\r\n                            <\/div>\r\n                            \r\n\r\n                        <\/a>\r\n                                            <a class=\"item-2\" href=\"https:\/\/semmelweis.hu\/vizilabda\/2025\/12\/08\/leany-orszagos-eredmenyek-ertekeles\/\">\r\n\r\n                            <div class=\"card-img \">\r\n                                <img loading=\"lazy\" decoding=\"async\" width=\"560\" height=\"373\" src=\"https:\/\/semmelweis.hu\/vizilabda\/files\/2025\/08\/P1276495.jpg\" class=\"d-block card-custom-max-h  img-fluid n-2 wp-post-image\" alt=\"\" srcset=\"https:\/\/semmelweis.hu\/vizilabda\/files\/2025\/08\/P1276495.jpg 2048w, https:\/\/semmelweis.hu\/vizilabda\/files\/2025\/08\/P1276495-300x200.jpg 300w, https:\/\/semmelweis.hu\/vizilabda\/files\/2025\/08\/P1276495-1024x682.jpg 1024w, https:\/\/semmelweis.hu\/vizilabda\/files\/2025\/08\/P1276495-768x512.jpg 768w, https:\/\/semmelweis.hu\/vizilabda\/files\/2025\/08\/P1276495-1536x1023.jpg 1536w, https:\/\/semmelweis.hu\/vizilabda\/files\/2025\/08\/P1276495-753x502.jpg 753w, https:\/\/semmelweis.hu\/vizilabda\/files\/2025\/08\/P1276495-203x135.jpg 203w\" sizes=\"auto, (max-width: 560px) 100vw, 560px\" \/>                            <\/div>\r\n                            <div class=\"card-title mb-1\">\r\n                                <h3 class=\"mt-0 pt-1 mb-0 px-2 card-custom-title d-flex align-items-center d-md-block\">\r\n                                    <span class=\"entry-title pt-0 pt-md-1\">Le\u00e1ny Orsz\u00e1gos Eredm\u00e9nyek, \u00e9rt\u00e9kel\u00e9s!                                <\/h3>\r\n                            <\/div>\r\n                            \r\n\r\n                        <\/a>\r\n                                            <a class=\"item-3\" href=\"https:\/\/semmelweis.hu\/vizilabda\/2025\/11\/28\/podcastunk-elso-vendege-toth-marton\/\">\r\n\r\n                            <div class=\"card-img \">\r\n                                <img loading=\"lazy\" decoding=\"async\" width=\"560\" height=\"315\" src=\"https:\/\/semmelweis.hu\/vizilabda\/files\/2025\/11\/YouTube-belyegkep.jpg\" class=\"d-block card-custom-max-h  img-fluid n-3 wp-post-image\" alt=\"\" srcset=\"https:\/\/semmelweis.hu\/vizilabda\/files\/2025\/11\/YouTube-belyegkep.jpg 1920w, https:\/\/semmelweis.hu\/vizilabda\/files\/2025\/11\/YouTube-belyegkep-300x169.jpg 300w, https:\/\/semmelweis.hu\/vizilabda\/files\/2025\/11\/YouTube-belyegkep-1024x576.jpg 1024w, https:\/\/semmelweis.hu\/vizilabda\/files\/2025\/11\/YouTube-belyegkep-768x432.jpg 768w, https:\/\/semmelweis.hu\/vizilabda\/files\/2025\/11\/YouTube-belyegkep-1536x864.jpg 1536w, https:\/\/semmelweis.hu\/vizilabda\/files\/2025\/11\/YouTube-belyegkep-753x424.jpg 753w\" sizes=\"auto, (max-width: 560px) 100vw, 560px\" \/>                            <\/div>\r\n                            <div class=\"card-title mb-1\">\r\n                                <h3 class=\"mt-0 pt-1 mb-0 px-2 card-custom-title d-flex align-items-center d-md-block\">\r\n                                    <span class=\"entry-title pt-0 pt-md-1\">Podcastunk els\u0151 vend\u00e9ge: T\u00f3th M\u00e1rton                                <\/h3>\r\n                            <\/div>\r\n                            \r\n\r\n                        <\/a>\r\n                                            <a class=\"item-4\" href=\"https:\/\/semmelweis.hu\/vizilabda\/2025\/11\/26\/1267\/\">\r\n\r\n                            <div class=\"card-img \">\r\n                                <img loading=\"lazy\" decoding=\"async\" width=\"560\" height=\"373\" src=\"https:\/\/semmelweis.hu\/vizilabda\/files\/2025\/11\/P1355337.jpg\" class=\"d-block card-custom-max-h  img-fluid n-4 wp-post-image\" alt=\"\" srcset=\"https:\/\/semmelweis.hu\/vizilabda\/files\/2025\/11\/P1355337.jpg 2048w, https:\/\/semmelweis.hu\/vizilabda\/files\/2025\/11\/P1355337-300x200.jpg 300w, https:\/\/semmelweis.hu\/vizilabda\/files\/2025\/11\/P1355337-1024x682.jpg 1024w, https:\/\/semmelweis.hu\/vizilabda\/files\/2025\/11\/P1355337-768x512.jpg 768w, https:\/\/semmelweis.hu\/vizilabda\/files\/2025\/11\/P1355337-1536x1023.jpg 1536w, https:\/\/semmelweis.hu\/vizilabda\/files\/2025\/11\/P1355337-753x502.jpg 753w, https:\/\/semmelweis.hu\/vizilabda\/files\/2025\/11\/P1355337-203x135.jpg 203w\" sizes=\"auto, (max-width: 560px) 100vw, 560px\" \/>                            <\/div>\r\n                            <div class=\"card-title mb-1\">\r\n                                <h3 class=\"mt-0 pt-1 mb-0 px-2 card-custom-title d-flex align-items-center d-md-block\">\r\n                                    <span class=\"entry-title pt-0 pt-md-1\">Interj\u00fa N\u0151i Feln\u0151tt \u00e9s Gyermek csapatunk edz\u0151j\u00e9vel, Kar\u00e1csonyi Vazullal &#8211; &#8222;&#8230;az  &hellip;                                <\/h3>\r\n                            <\/div>\r\n                            \r\n\r\n                        <\/a>\r\n                                    <\/div>\r\n\r\n                    \r\n        <\/div><!-- owl-carousel -->\r\n    <\/section>\r\n\r\n\n<\/div>\n<div>\u00a0<\/div>\n<div>\n<figure id=\"attachment_1269\" aria-describedby=\"caption-attachment-1269\" style=\"width: 331px\" class=\"wp-caption aligncenter\"><a href=\"https:\/\/semmelweis.hu\/vizilabda\/files\/2025\/11\/P1343766.jpg\"><img loading=\"lazy\" decoding=\"async\" class=\" wp-image-1269\" src=\"https:\/\/semmelweis.hu\/vizilabda\/files\/2025\/11\/P1343766-682x1024.jpg\" alt=\"\" width=\"331\" height=\"497\" srcset=\"https:\/\/semmelweis.hu\/vizilabda\/files\/2025\/11\/P1343766-682x1024.jpg 682w, https:\/\/semmelweis.hu\/vizilabda\/files\/2025\/11\/P1343766-200x300.jpg 200w, https:\/\/semmelweis.hu\/vizilabda\/files\/2025\/11\/P1343766-768x1153.jpg 768w, https:\/\/semmelweis.hu\/vizilabda\/files\/2025\/11\/P1343766-1023x1536.jpg 1023w, https:\/\/semmelweis.hu\/vizilabda\/files\/2025\/11\/P1343766-753x1131.jpg 753w, https:\/\/semmelweis.hu\/vizilabda\/files\/2025\/11\/P1343766.jpg 1364w\" sizes=\"auto, (max-width: 331px) 100vw, 331px\" \/><\/a><figcaption id=\"caption-attachment-1269\" class=\"wp-caption-text\">Vezet\u0151edz\u0151 &#8211; Kar\u00e1csonyi Vazul<\/figcaption><\/figure>\n<\/div>\n","protected":false},"excerpt":{"rendered":"<p>Kar\u00e1csonyi Vazul imm\u00e1r h\u00e1rom \u00e9ve vezeti a Semmelweis OSC n\u0151i feln\u0151tt csapat\u00e1t, amelyet az egyetemista j\u00e1t\u00e9kosokkal k\u00f6z\u00f6sen,\u00a0 Dr. Merkely B\u00e9la, Rektor t\u00e1mogat\u00e1s\u00e1val alap\u00edtott meg. Az elm\u00falt \u00e9vekben az OSC-n\u00e9l egy olyan\u00a0 ut\u00e1np\u00f3tl\u00e1s- \u00e9s feln\u0151tt rendszer \u00e9p\u00fclt fel, amely ma m\u00e1r orsz\u00e1gos szinten is komoly szakmai elismer\u00e9snek \u00f6rvend. A n\u0151i szak\u00e1g fejl\u0151d\u00e9se nemr\u00e9g a T\u00f3th M\u00e1rtonnal &hellip;<\/p>\n","protected":false},"author":102504,"featured_media":1329,"parent":1415,"menu_order":0,"comment_status":"closed","ping_status":"closed","template":"","meta":{"_acf_changed":false,"footnotes":""},"categories":[],"tags":[],"class_list":["post-1438","page","type-page","status-publish","has-post-thumbnail","hentry"],"acf":[],"_links":{"self":[{"href":"https:\/\/semmelweis.hu\/vizilabda\/wp-json\/wp\/v2\/pages\/1438","targetHints":{"allow":["GET"]}}],"collection":[{"href":"https:\/\/semmelweis.hu\/vizilabda\/wp-json\/wp\/v2\/pages"}],"about":[{"href":"https:\/\/semmelweis.hu\/vizilabda\/wp-json\/wp\/v2\/types\/page"}],"author":[{"embeddable":true,"href":"https:\/\/semmelweis.hu\/vizilabda\/wp-json\/wp\/v2\/users\/102504"}],"replies":[{"embeddable":true,"href":"https:\/\/semmelweis.hu\/vizilabda\/wp-json\/wp\/v2\/comments?post=1438"}],"version-history":[{"count":4,"href":"https:\/\/semmelweis.hu\/vizilabda\/wp-json\/wp\/v2\/pages\/1438\/revisions"}],"predecessor-version":[{"id":1515,"href":"https:\/\/semmelweis.hu\/vizilabda\/wp-json\/wp\/v2\/pages\/1438\/revisions\/1515"}],"up":[{"embeddable":true,"href":"https:\/\/semmelweis.hu\/vizilabda\/wp-json\/wp\/v2\/pages\/1415"}],"wp:featuredmedia":[{"embeddable":true,"href":"https:\/\/semmelweis.hu\/vizilabda\/wp-json\/wp\/v2\/media\/1329"}],"wp:attachment":[{"href":"https:\/\/semmelweis.hu\/vizilabda\/wp-json\/wp\/v2\/media?parent=1438"}],"wp:term":[{"taxonomy":"category","embeddable":true,"href":"https:\/\/semmelweis.hu\/vizilabda\/wp-json\/wp\/v2\/categories?post=1438"},{"taxonomy":"post_tag","embeddable":true,"href":"https:\/\/semmelweis.hu\/vizilabda\/wp-json\/wp\/v2\/tags?post=1438"}],"curies":[{"name":"wp","href":"https:\/\/api.w.org\/{rel}","templated":true}]}}